{"id":9522,"date":"2023-06-12T10:57:05","date_gmt":"2023-06-12T08:57:05","guid":{"rendered":"https:\/\/jacekplacek.com.pl\/?post_type=product&#038;p=9522"},"modified":"2025-11-18T18:28:45","modified_gmt":"2025-11-18T17:28:45","slug":"nano-bueno-6-tlg","status":"publish","type":"product","link":"https:\/\/jacekplacek.com.pl\/de\/speichern\/torty_i_desery\/monoporcje-na-catering\/nano-bueno-6-tlg\/","title":{"rendered":"Nano Bueno Kuchen, 6 St\u00fcck"},"content":{"rendered":"<p><strong>Przedstawiamy nano Tort Bueno \u2013 po\u0142\u0105czenie delikatnego kremu z bia\u0142ej czekolady i chrupi\u0105cych orzech\u00f3w laskowych.<\/strong><\/p>\n<p>Unsere Version dieser beliebten Torte ist ein wahrer Gaumenschmaus. Was zeichnet es aus? Die Tatsache, dass es nicht zu s\u00fc\u00df ist, macht es zu einer idealen Option f\u00fcr Kinder, die diese einzigartige Geschmackskomposition lieben.\u00a0<strong>Wir laden Sie in unsere Konditorei ein und entdecken Sie, warum Bueno Cake zum Lieblingsdessert vieler Feinschmecker geworden ist!<\/strong><\/p>\n<p>Dessert nicht nur f\u00fcr elegante Tafeln \u2013 perfekt zum Feiern von Namenstagen, Geburtstagen oder anderen Feierlichkeiten zu Hause oder am Arbeitsplatz...<\/p>\n<p>Produkt verf\u00fcgbar in\u00a0<strong>6 St\u00fcck in einer Sammelverpackung (6 St\u00fcck ca. 360g).<\/strong><\/p>","protected":false},"excerpt":{"rendered":"<p>Wir laden Sie in unsere Konditorei ein und entdecken Sie, warum Bueno Cake zum Lieblingsdessert vieler Feinschmecker geworden ist!<\/p>\n<p>Produkt verf\u00fcgbar in\u00a0<strong>6 St\u00fcck in einer Sammelverpackung (6 St\u00fcck ca. 360g).<\/strong><\/p>","protected":false},"featured_media":11490,"comment_status":"closed","ping_status":"closed","template":"","meta":{"content-type":""},"product_brand":[],"product_cat":[693],"product_tag":[357,380,694,253,254,695,174],"class_list":{"0":"post-9522","1":"product","2":"type-product","3":"status-publish","4":"has-post-thumbnail","6":"product_cat-monoporcje-na-catering","7":"product_tag-ciasteczka","8":"product_tag-ciasto","9":"product_tag-ciasto-bueno","10":"product_tag-ciasto-z-kajmakiem","11":"product_tag-kajmak","12":"product_tag-nano-bueno","13":"product_tag-polewa-kajmakowa","15":"entry","16":"has-media","18":"first","19":"instock","20":"shipping-taxable","21":"product-type-simple","22":"has-product-nav","23":"col","24":"span_1_of_4","25":"owp-content-center","26":"owp-thumbs-layout-horizontal","27":"owp-btn-normal","28":"owp-tabs-layout-horizontal"},"acf":[],"_links":{"self":[{"href":"https:\/\/jacekplacek.com.pl\/de\/wp-json\/wp\/v2\/product\/9522","targetHints":{"allow":["GET"]}}],"collection":[{"href":"https:\/\/jacekplacek.com.pl\/de\/wp-json\/wp\/v2\/product"}],"about":[{"href":"https:\/\/jacekplacek.com.pl\/de\/wp-json\/wp\/v2\/types\/product"}],"replies":[{"embeddable":true,"href":"https:\/\/jacekplacek.com.pl\/de\/wp-json\/wp\/v2\/comments?post=9522"}],"wp:featuredmedia":[{"embeddable":true,"href":"https:\/\/jacekplacek.com.pl\/de\/wp-json\/wp\/v2\/media\/11490"}],"wp:attachment":[{"href":"https:\/\/jacekplacek.com.pl\/de\/wp-json\/wp\/v2\/media?parent=9522"}],"wp:term":[{"taxonomy":"product_brand","embeddable":true,"href":"https:\/\/jacekplacek.com.pl\/de\/wp-json\/wp\/v2\/product_brand?post=9522"},{"taxonomy":"product_cat","embeddable":true,"href":"https:\/\/jacekplacek.com.pl\/de\/wp-json\/wp\/v2\/product_cat?post=9522"},{"taxonomy":"product_tag","embeddable":true,"href":"https:\/\/jacekplacek.com.pl\/de\/wp-json\/wp\/v2\/product_tag?post=9522"}],"curies":[{"name":"wp","href":"https:\/\/api.w.org\/{rel}","templated":true}]}}