{"id":6908,"date":"2022-06-23T09:21:33","date_gmt":"2022-06-23T07:21:33","guid":{"rendered":"https:\/\/jacekplacek.com.pl\/?post_type=product&#038;p=6908"},"modified":"2025-11-18T18:27:31","modified_gmt":"2025-11-18T17:27:31","slug":"kaltkasekuchen-mit-birkenzucker","status":"publish","type":"product","link":"https:\/\/jacekplacek.com.pl\/de\/speichern\/kasekuchen-alles\/kalte-kasekuchen\/kaltkasekuchen-mit-birkenzucker\/","title":{"rendered":"Himbeerkuchen mit Birkenzucker - Xylit"},"content":{"rendered":"<p><span style=\"font-size: 16px;\">Lieben Sie cremige, gek\u00fchlte Desserts und die charakteristische Schaumtextur? Jetzt k\u00f6nnen Sie den fruchtigen und cremigen Geschmack von kaltem K\u00e4sekuchen genie\u00dfen, der keinen herk\u00f6mmlichen Zucker enth\u00e4lt. Wir haben ihn ersetzt <strong>Birkenzucker - Xylitol, das<\/strong>\u00a0hat viel<strong> niedriger glyk\u00e4mischer Index.<\/strong><\/span><\/p>\n<p><span style=\"font-weight: 400;\">(Die Pflanze verwendet: Mehl, Eier, N\u00fcsse, Sesam und Milch. Daher kann jedes Produkt Spuren der genannten Allergene enthalten, auch wenn diese in der Beschreibung und Zutatenliste nicht aufgef\u00fchrt sind.)<\/span><\/p>","protected":false},"excerpt":{"rendered":"<p><span style=\"font-weight: 400;\">Kalter K\u00e4sekuchen mit Birkenzucker \u2013 eine Basis aus Dinkelpl\u00e4tzchen mit Xylit, K\u00e4semasse mit Mascarpone und Himbeeren, dekoriert mit einer Schicht Himbeergelee.<\/span><\/p>","protected":false},"featured_media":11449,"comment_status":"closed","ping_status":"closed","template":"","meta":{"content-type":""},"product_brand":[],"product_cat":[76,534],"product_tag":[551,444,553,552,446,445,449,539,198,135],"class_list":{"0":"post-6908","1":"product","2":"type-product","3":"status-publish","4":"has-post-thumbnail","6":"product_cat-serniki-na-zimno","7":"product_cat-ciasta-weganskie-i-keto","8":"product_tag-cukier-brzozowy","9":"product_tag-cukiernia-jacek-placek","10":"product_tag-dla-cukrzykow","11":"product_tag-dla-diabetykow","12":"product_tag-jacek-placek-gdansk","13":"product_tag-jacek-placek-gowino","14":"product_tag-jacek-placek-sopot","15":"product_tag-ksylitol","16":"product_tag-malinowa-poezja","17":"product_tag-sernik-na-zimno","19":"entry","20":"has-media","22":"first","23":"instock","24":"shipping-taxable","25":"product-type-variable","26":"has-product-nav","27":"col","28":"span_1_of_4","29":"owp-content-center","30":"owp-thumbs-layout-horizontal","31":"owp-btn-normal","32":"owp-tabs-layout-horizontal"},"acf":[],"_links":{"self":[{"href":"https:\/\/jacekplacek.com.pl\/de\/wp-json\/wp\/v2\/product\/6908","targetHints":{"allow":["GET"]}}],"collection":[{"href":"https:\/\/jacekplacek.com.pl\/de\/wp-json\/wp\/v2\/product"}],"about":[{"href":"https:\/\/jacekplacek.com.pl\/de\/wp-json\/wp\/v2\/types\/product"}],"replies":[{"embeddable":true,"href":"https:\/\/jacekplacek.com.pl\/de\/wp-json\/wp\/v2\/comments?post=6908"}],"wp:featuredmedia":[{"embeddable":true,"href":"https:\/\/jacekplacek.com.pl\/de\/wp-json\/wp\/v2\/media\/11449"}],"wp:attachment":[{"href":"https:\/\/jacekplacek.com.pl\/de\/wp-json\/wp\/v2\/media?parent=6908"}],"wp:term":[{"taxonomy":"product_brand","embeddable":true,"href":"https:\/\/jacekplacek.com.pl\/de\/wp-json\/wp\/v2\/product_brand?post=6908"},{"taxonomy":"product_cat","embeddable":true,"href":"https:\/\/jacekplacek.com.pl\/de\/wp-json\/wp\/v2\/product_cat?post=6908"},{"taxonomy":"product_tag","embeddable":true,"href":"https:\/\/jacekplacek.com.pl\/de\/wp-json\/wp\/v2\/product_tag?post=6908"}],"curies":[{"name":"wp","href":"https:\/\/api.w.org\/{rel}","templated":true}]}}