{"id":585,"date":"2020-11-27T10:02:54","date_gmt":"2020-11-27T09:02:54","guid":{"rendered":"https:\/\/jacekplacek.com.pl\/?post_type=product&#038;p=585"},"modified":"2025-11-18T18:28:57","modified_gmt":"2025-11-18T17:28:57","slug":"shortcake-mit-pflaumen","status":"publish","type":"product","link":"https:\/\/jacekplacek.com.pl\/de\/speichern\/obstkuchen-3\/shortcake-mit-pflaumen\/","title":{"rendered":"Knuspriger Kuchen mit Pflaumen"},"content":{"rendered":"<p><strong>S\u00fc\u00dfe St\u00fccke der reifsten Pflaumen.<\/strong><\/p>\n<p>M\u00fcrbeteig nach traditionellem Rezept zubereitet. Sp\u00fcren Sie den hausgemachten Geschmack unseres Geb\u00e4cks.<\/p>","protected":false},"excerpt":{"rendered":"<p><span data-sheets-root=\"1\">Sp\u00f3d z delikatnego kruchego ciasta, warstwa dojrza\u0142ych pysznych \u015bliwek, wierzch udekorowany paskami ciasta kruchego.<\/span><\/p>","protected":false},"featured_media":11163,"comment_status":"closed","ping_status":"closed","template":"","meta":{"content-type":""},"product_brand":[],"product_cat":[74],"product_tag":[65,444,446,445,449,209,210],"class_list":{"0":"post-585","1":"product","2":"type-product","3":"status-publish","4":"has-post-thumbnail","6":"product_cat-ciasta-owocowe","7":"product_tag-ciasto-kruche","8":"product_tag-cukiernia-jacek-placek","9":"product_tag-jacek-placek-gdansk","10":"product_tag-jacek-placek-gowino","11":"product_tag-jacek-placek-sopot","12":"product_tag-placek-ze-sliwkami","13":"product_tag-sliwki","15":"entry","16":"has-media","18":"first","19":"instock","20":"shipping-taxable","21":"product-type-variable","22":"has-default-attributes","23":"has-product-nav","24":"col","25":"span_1_of_4","26":"owp-content-center","27":"owp-thumbs-layout-horizontal","28":"owp-btn-normal","29":"owp-tabs-layout-horizontal"},"acf":[],"_links":{"self":[{"href":"https:\/\/jacekplacek.com.pl\/de\/wp-json\/wp\/v2\/product\/585","targetHints":{"allow":["GET"]}}],"collection":[{"href":"https:\/\/jacekplacek.com.pl\/de\/wp-json\/wp\/v2\/product"}],"about":[{"href":"https:\/\/jacekplacek.com.pl\/de\/wp-json\/wp\/v2\/types\/product"}],"replies":[{"embeddable":true,"href":"https:\/\/jacekplacek.com.pl\/de\/wp-json\/wp\/v2\/comments?post=585"}],"wp:featuredmedia":[{"embeddable":true,"href":"https:\/\/jacekplacek.com.pl\/de\/wp-json\/wp\/v2\/media\/11163"}],"wp:attachment":[{"href":"https:\/\/jacekplacek.com.pl\/de\/wp-json\/wp\/v2\/media?parent=585"}],"wp:term":[{"taxonomy":"product_brand","embeddable":true,"href":"https:\/\/jacekplacek.com.pl\/de\/wp-json\/wp\/v2\/product_brand?post=585"},{"taxonomy":"product_cat","embeddable":true,"href":"https:\/\/jacekplacek.com.pl\/de\/wp-json\/wp\/v2\/product_cat?post=585"},{"taxonomy":"product_tag","embeddable":true,"href":"https:\/\/jacekplacek.com.pl\/de\/wp-json\/wp\/v2\/product_tag?post=585"}],"curies":[{"name":"wp","href":"https:\/\/api.w.org\/{rel}","templated":true}]}}