{"id":477,"date":"2020-11-25T12:53:42","date_gmt":"2020-11-25T11:53:42","guid":{"rendered":"https:\/\/jacekplacek.com.pl\/?post_type=product&#038;p=477"},"modified":"2025-11-18T18:28:52","modified_gmt":"2025-11-18T17:28:52","slug":"kasekuchen-mit-kirschen-2","status":"publish","type":"product","link":"https:\/\/jacekplacek.com.pl\/de\/speichern\/kasekuchen-alles\/kasekuchen-2\/kasekuchen-mit-kirschen-2\/","title":{"rendered":"K\u00e4sekuchen mit Kirschen"},"content":{"rendered":"<p><strong>Schokoladen-M\u00fcrbeteig, K\u00e4semasse mit eingelegten Kirschen und einer Prise knuspriger Streusel \u2013 kann es etwas Leckereres geben?<\/strong><\/p>\n<p>Weitere K\u00e4sekuchensorten erh\u00e4ltlich\u00a0<strong><a href=\"https:\/\/jacekplacek.com.pl\/de\/produktkategorie\/kasekuchen-alles\/\" target=\"_blank\" rel=\"noopener\">Hier.<\/a><\/strong><\/p>","protected":false},"excerpt":{"rendered":"<p><span data-sheets-root=\"1\">Schoko-M\u00fcrbeteig, K\u00e4sef\u00fcllung mit eingelegten Kirschen und Topping aus knusprigen Streuseln.<\/span><\/p>","protected":false},"featured_media":9897,"comment_status":"closed","ping_status":"closed","template":"","meta":{"content-type":""},"product_brand":[],"product_cat":[60],"product_tag":[65,444,63,446,445,449,335,208],"class_list":{"0":"post-477","1":"product","2":"type-product","3":"status-publish","4":"has-post-thumbnail","6":"product_cat-serniki","7":"product_tag-ciasto-kruche","8":"product_tag-cukiernia-jacek-placek","9":"product_tag-deser","10":"product_tag-jacek-placek-gdansk","11":"product_tag-jacek-placek-gowino","12":"product_tag-jacek-placek-sopot","13":"product_tag-sernik-z-wisniami","14":"product_tag-wisnie","16":"entry","17":"has-media","19":"first","20":"instock","21":"shipping-taxable","22":"product-type-variable","23":"has-default-attributes","24":"has-product-nav","25":"col","26":"span_1_of_4","27":"owp-content-center","28":"owp-thumbs-layout-horizontal","29":"owp-btn-normal","30":"owp-tabs-layout-horizontal"},"acf":[],"_links":{"self":[{"href":"https:\/\/jacekplacek.com.pl\/de\/wp-json\/wp\/v2\/product\/477","targetHints":{"allow":["GET"]}}],"collection":[{"href":"https:\/\/jacekplacek.com.pl\/de\/wp-json\/wp\/v2\/product"}],"about":[{"href":"https:\/\/jacekplacek.com.pl\/de\/wp-json\/wp\/v2\/types\/product"}],"replies":[{"embeddable":true,"href":"https:\/\/jacekplacek.com.pl\/de\/wp-json\/wp\/v2\/comments?post=477"}],"wp:featuredmedia":[{"embeddable":true,"href":"https:\/\/jacekplacek.com.pl\/de\/wp-json\/wp\/v2\/media\/9897"}],"wp:attachment":[{"href":"https:\/\/jacekplacek.com.pl\/de\/wp-json\/wp\/v2\/media?parent=477"}],"wp:term":[{"taxonomy":"product_brand","embeddable":true,"href":"https:\/\/jacekplacek.com.pl\/de\/wp-json\/wp\/v2\/product_brand?post=477"},{"taxonomy":"product_cat","embeddable":true,"href":"https:\/\/jacekplacek.com.pl\/de\/wp-json\/wp\/v2\/product_cat?post=477"},{"taxonomy":"product_tag","embeddable":true,"href":"https:\/\/jacekplacek.com.pl\/de\/wp-json\/wp\/v2\/product_tag?post=477"}],"curies":[{"name":"wp","href":"https:\/\/api.w.org\/{rel}","templated":true}]}}