{"id":442,"date":"2020-11-25T11:44:35","date_gmt":"2020-11-25T10:44:35","guid":{"rendered":"https:\/\/jacekplacek.com.pl\/?post_type=product&#038;p=442"},"modified":"2025-11-18T18:28:52","modified_gmt":"2025-11-18T17:28:52","slug":"kasekuchen-tau","status":"publish","type":"product","link":"https:\/\/jacekplacek.com.pl\/de\/speichern\/kasekuchen-alles\/kasekuchen-2\/kasekuchen-tau\/","title":{"rendered":"Rosa-K\u00e4sekuchen"},"content":{"rendered":"<p><strong>Der Boden der Torte besteht aus hellem M\u00fcrbeteig, mit fluffiger K\u00e4sef\u00fcllung und Baiser darauf.<\/strong><\/p>\n<p>K\u00e4sekuchen ohne Rosinen.<\/p>\n<p>Weitere K\u00e4sekuchensorten erh\u00e4ltlich\u00a0<strong><a href=\"https:\/\/jacekplacek.com.pl\/de\/produktkategorie\/kasekuchen-alles\/\" target=\"_blank\" rel=\"noopener\">Hier.<\/a><\/strong><\/p>","protected":false},"excerpt":{"rendered":"<p>Leichter M\u00fcrbeteigboden, lockere K\u00e4semasse ohne Rosinen, bedeckt mit hellem Eiwei\u00df-Baiser. Ein delikates Dessert, perfekt f\u00fcr jeden Anlass.<\/p>","protected":false},"featured_media":3319,"comment_status":"closed","ping_status":"closed","template":"","meta":{"content-type":""},"product_brand":[],"product_cat":[60],"product_tag":[129,65,444,63,446,445,449,188,61,189],"class_list":{"0":"post-442","1":"product","2":"type-product","3":"status-publish","4":"has-post-thumbnail","6":"product_cat-serniki","7":"product_tag-beza","8":"product_tag-ciasto-kruche","9":"product_tag-cukiernia-jacek-placek","10":"product_tag-deser","11":"product_tag-jacek-placek-gdansk","12":"product_tag-jacek-placek-gowino","13":"product_tag-jacek-placek-sopot","14":"product_tag-rosa","15":"product_tag-sernik","16":"product_tag-sernik-rosa","18":"entry","19":"has-media","21":"first","22":"instock","23":"shipping-taxable","24":"product-type-variable","25":"has-default-attributes","26":"has-product-nav","27":"col","28":"span_1_of_4","29":"owp-content-center","30":"owp-thumbs-layout-horizontal","31":"owp-btn-normal","32":"owp-tabs-layout-horizontal"},"acf":[],"_links":{"self":[{"href":"https:\/\/jacekplacek.com.pl\/de\/wp-json\/wp\/v2\/product\/442","targetHints":{"allow":["GET"]}}],"collection":[{"href":"https:\/\/jacekplacek.com.pl\/de\/wp-json\/wp\/v2\/product"}],"about":[{"href":"https:\/\/jacekplacek.com.pl\/de\/wp-json\/wp\/v2\/types\/product"}],"replies":[{"embeddable":true,"href":"https:\/\/jacekplacek.com.pl\/de\/wp-json\/wp\/v2\/comments?post=442"}],"wp:featuredmedia":[{"embeddable":true,"href":"https:\/\/jacekplacek.com.pl\/de\/wp-json\/wp\/v2\/media\/3319"}],"wp:attachment":[{"href":"https:\/\/jacekplacek.com.pl\/de\/wp-json\/wp\/v2\/media?parent=442"}],"wp:term":[{"taxonomy":"product_brand","embeddable":true,"href":"https:\/\/jacekplacek.com.pl\/de\/wp-json\/wp\/v2\/product_brand?post=442"},{"taxonomy":"product_cat","embeddable":true,"href":"https:\/\/jacekplacek.com.pl\/de\/wp-json\/wp\/v2\/product_cat?post=442"},{"taxonomy":"product_tag","embeddable":true,"href":"https:\/\/jacekplacek.com.pl\/de\/wp-json\/wp\/v2\/product_tag?post=442"}],"curies":[{"name":"wp","href":"https:\/\/api.w.org\/{rel}","templated":true}]}}