{"id":3997,"date":"2021-12-08T15:51:34","date_gmt":"2021-12-08T14:51:34","guid":{"rendered":"https:\/\/jacekplacek.com.pl\/?post_type=product&#038;p=3997"},"modified":"2025-11-18T18:27:20","modified_gmt":"2025-11-18T17:27:20","slug":"lebkuchenstern","status":"publish","type":"product","link":"https:\/\/jacekplacek.com.pl\/de\/speichern\/babki-i-makowce\/lebkuchenstern\/","title":{"rendered":"Lebkuchenstern"},"content":{"rendered":"<h1>\u015awi\u0119ta \u2013 czas tradycji, smaku i rodzinnych chwil<\/h1>\n<p>\u015awi\u0119ta Bo\u017cego Narodzenia to czas, kt\u00f3ry \u0142\u0105czy rodzinne spotkania, magiczne dekoracje i niezapomniane smaki. Wsp\u00f3lne biesiadowanie i aromatyczne wypieki to nieod\u0142\u0105czny element tych wyj\u0105tkowych dni.<\/p>\n<h2>Pierniki \u2013 tradycja od pokole\u0144<\/h2>\n<p>Pierniki to wypieki o bogatej historii, si\u0119gaj\u0105cej \u015bredniowiecza. Kiedy\u015b symbol dobrobytu, dzi\u015b to tradycyjny element \u015bwi\u0105tecznego sto\u0142u. Ich wyj\u0105tkowy smak zawdzi\u0119czamy mieszance korzennych przypraw, kt\u00f3re nadaj\u0105 im charakterystyczny aromat, doskonale wpisuj\u0105cy si\u0119 w \u015bwi\u0105teczn\u0105 atmosfer\u0119.<\/p>\n<h2>Nasz produkt \u2013 \u015bwi\u0105teczny piernik z dyni\u0105 w kszta\u0142cie gwiazdki<\/h2>\n<p>Prezentujemy wyj\u0105tkowy piernik w kszta\u0142cie gwiazdki, kt\u00f3ry \u0142\u0105czy tradycyjny smak z nowoczesnym podej\u015bciem do wypiek\u00f3w. To korzenne ciasto zosta\u0142o wzbogacone dyni\u0105, miodem i nasz\u0105 w\u0142asn\u0105 mieszank\u0105 przypraw piernikowych. Jego baza, wykonana z m\u0105k pszennej i \u017cytniej, zapewnia delikatn\u0105 struktur\u0119, a dodatki takie jak sk\u00f3rka pomara\u0144czowa i orzechy w\u0142oskie nadaj\u0105 mu wyrazisty smak. Ca\u0142o\u015b\u0107 zosta\u0142a polana polew\u0105 z czekolady, co czyni go idealnym wyborem na \u015bwi\u0105teczny st\u00f3\u0142.<\/p>\n<p>&nbsp;<\/p>\n<h3>An die Feiertage erinnernswerte Kuchen<\/h3>\n<p>Na \u015bwi\u0105tecznym stole kr\u00f3luj\u0105 klasyczne wypieki, kt\u00f3re od lat tworz\u0105 magi\u0119 Bo\u017cego Narodzenia. Tradycyjnie pojawiaj\u0105 si\u0119 <strong>Mohnkuchen<\/strong>, wype\u0142nione aromatycznym makiem i bakaliami, oraz <strong>K\u00e4sekuchen<\/strong>, kt\u00f3rych kremowa konsystencja zachwyca go\u015bci. Popularne s\u0105 tak\u017ce <strong>ciasta bogate w bakalie<\/strong>, takie jak keks, pe\u0142en suszonych owoc\u00f3w i orzech\u00f3w.<\/p>\n<p>W ostatnich latach na \u015bwi\u0105teczne sto\u0142y coraz cz\u0119\u015bciej trafiaj\u0105 <strong>torty w \u015bwi\u0105tecznym wydaniu<\/strong> \u2013 zdobione kremem, owocami lub czekolad\u0105, kt\u00f3re \u0142\u0105cz\u0105 elegancj\u0119 z tradycyjnym smakiem. To doskona\u0142y wyb\u00f3r dla tych, kt\u00f3rzy szukaj\u0105 nowoczesnych wypiek\u00f3w, idealnych na wyj\u0105tkowe okazje. \u015awi\u0119ta to czas, by cieszy\u0107 si\u0119 r\u00f3\u017cnorodno\u015bci\u0105 smak\u00f3w, zar\u00f3wno tradycyjnych, jak i nowych!<\/p>\n<p>Wybierz nasze wypieki, by doda\u0107 swoim \u015bwi\u0119tom wyj\u0105tkowego smaku i cieszy\u0107 si\u0119 chwilami w gronie najbli\u017cszych. \ud83c\udf84<\/p>\n<p>Weitere Anregungen f\u00fcr Weihnachten finden Sie hier\u00a0<strong><a href=\"https:\/\/jacekplacek.com.pl\/de\/produktkategorie\/weihnachten\/\" target=\"_blank\" rel=\"noopener\">Hier.<\/a><\/strong><\/p>\n<h3>Produktinformationen:<\/h3>\n<ul>\n<li>Gewicht ca. 150 g.<\/li>\n<li>Verpackung: Papierfach, Schutzfolie<\/li>\n<\/ul>\n<p>&nbsp;<\/p>","protected":false},"excerpt":{"rendered":"<h1>\u015awi\u0105teczny piernik z dyni\u0105 w kszta\u0142cie gwiazdki<\/h1>\n<p>W\u00fcrziger Kuchen mit K\u00fcrbis, Honig und unserer eigenen Lebkuchengew\u00fcrzmischung, basierend auf Weizen- und Roggenmehl, angereichert mit Orangenschalen und Waln\u00fcssen. Mit Schokoladenglasur \u00fcberzogen.<\/p>","protected":false},"featured_media":1706,"comment_status":"closed","ping_status":"closed","template":"","meta":{"content-type":""},"product_brand":[],"product_cat":[907,81],"product_tag":[664,99,444,96,437,446,445,449,91,95,98],"class_list":{"0":"post-3997","1":"product","2":"type-product","3":"status-publish","4":"has-post-thumbnail","6":"product_cat-ciasta-swiateczne","7":"product_cat-babki-i-makowce","8":"product_tag-ciasta-na-boze-narodzenie","9":"product_tag-ciasto-swiateczne","10":"product_tag-cukiernia-jacek-placek","11":"product_tag-dzem","12":"product_tag-gwiazdka","13":"product_tag-jacek-placek-gdansk","14":"product_tag-jacek-placek-gowino","15":"product_tag-jacek-placek-sopot","16":"product_tag-orzechy-wloskie","17":"product_tag-piernik","18":"product_tag-swieta","20":"entry","21":"has-media","23":"first","24":"instock","25":"shipping-taxable","26":"product-type-simple","27":"has-product-nav","28":"col","29":"span_1_of_4","30":"owp-content-center","31":"owp-thumbs-layout-horizontal","32":"owp-btn-normal","33":"owp-tabs-layout-horizontal","34":"has-no-thumbnails"},"acf":[],"_links":{"self":[{"href":"https:\/\/jacekplacek.com.pl\/de\/wp-json\/wp\/v2\/product\/3997","targetHints":{"allow":["GET"]}}],"collection":[{"href":"https:\/\/jacekplacek.com.pl\/de\/wp-json\/wp\/v2\/product"}],"about":[{"href":"https:\/\/jacekplacek.com.pl\/de\/wp-json\/wp\/v2\/types\/product"}],"replies":[{"embeddable":true,"href":"https:\/\/jacekplacek.com.pl\/de\/wp-json\/wp\/v2\/comments?post=3997"}],"wp:featuredmedia":[{"embeddable":true,"href":"https:\/\/jacekplacek.com.pl\/de\/wp-json\/wp\/v2\/media\/1706"}],"wp:attachment":[{"href":"https:\/\/jacekplacek.com.pl\/de\/wp-json\/wp\/v2\/media?parent=3997"}],"wp:term":[{"taxonomy":"product_brand","embeddable":true,"href":"https:\/\/jacekplacek.com.pl\/de\/wp-json\/wp\/v2\/product_brand?post=3997"},{"taxonomy":"product_cat","embeddable":true,"href":"https:\/\/jacekplacek.com.pl\/de\/wp-json\/wp\/v2\/product_cat?post=3997"},{"taxonomy":"product_tag","embeddable":true,"href":"https:\/\/jacekplacek.com.pl\/de\/wp-json\/wp\/v2\/product_tag?post=3997"}],"curies":[{"name":"wp","href":"https:\/\/api.w.org\/{rel}","templated":true}]}}