{"id":3996,"date":"2021-12-08T15:49:40","date_gmt":"2021-12-08T14:49:40","guid":{"rendered":"https:\/\/jacekplacek.com.pl\/?post_type=product&#038;p=3996"},"modified":"2025-11-18T18:27:20","modified_gmt":"2025-11-18T17:27:20","slug":"lebkuchen-weihnachtsbaum","status":"publish","type":"product","link":"https:\/\/jacekplacek.com.pl\/de\/speichern\/babki-i-makowce\/lebkuchen-weihnachtsbaum\/","title":{"rendered":"Weihnachtsbaum-Lebkuchen"},"content":{"rendered":"<h1>Feiertage \u2013 eine Zeit einzigartiger Aromen und Traditionen<\/h1>\n<p>Weihnachten ist die Zeit, in der wir uns mit der Familie treffen, den Weihnachtsbaum schm\u00fccken und k\u00f6stliche, traditionelle Backwaren genie\u00dfen. Der Duft von Gew\u00fcrzen, Zimt und Honig begleitet uns bei der Zubereitung und schafft eine unvergessliche Atmosph\u00e4re.<\/p>\n<h2>Lebkuchen \u2013 ein untrennbarer Bestandteil der Feiertage<\/h2>\n<p>Lebkuchen ist eines der charakteristischsten Weihnachtsgeb\u00e4cke. In verschiedenen Formen \u2013 vom Lebkuchenhaus bis zum aromatischen Kuchen \u2013 dominieren sie seit Jahren den Tisch. Ihre s\u00fc\u00dfen und w\u00fcrzigen Noten passen perfekt zur Atmosph\u00e4re der Wintertage.<\/p>\n<h2>Unser K\u00fcrbis-Lebkuchen in Form eines Weihnachtsbaumes<\/h2>\n<p>Wir bieten Weihnachtslebkuchen mit K\u00fcrbis in Form eines Weihnachtsbaums an, perfekt f\u00fcr die Weihnachtstafel. Dieser w\u00fcrzige Kuchen wurde mit K\u00fcrbis, Honig und unserer eigenen Lebkuchengew\u00fcrzmischung verfeinert. Die Backbasis besteht aus Weizen- und Roggenmehl, was ihm eine einzigartige Struktur verleiht. Der Geschmack wird durch Orangenschale und Waln\u00fcsse erg\u00e4nzt. Das Ganze wurde mit Schokoladenglasur \u00fcberzogen, die sich perfekt mit dem w\u00fcrzigen Aroma verbindet. Unser Lebkuchen schmeckt nicht nur k\u00f6stlich, sondern macht auch eine sch\u00f6ne Figur auf dem Weihnachtstisch.<\/p>\n<h3>Andere Weihnachtskuchen, die eine Auswahl wert sind<\/h3>\n<p>Suchen Sie nach anderen Feiertagsgeb\u00e4cken? Hier unsere Vorschl\u00e4ge:<\/p>\n<ul>\n<li><strong>Veganer Mohnkuchen<\/strong> \u2013 zubereitet auf Basis pflanzlicher Zutaten, mit Mohnmasse und Trockenfr\u00fcchten.<\/li>\n<li><strong>Weihnachtskuchen<\/strong> \u2013 voller Trockenfr\u00fcchte und N\u00fcsse, perfekt f\u00fcr Liebhaber der Klassiker.<\/li>\n<li><strong>Cranberry-Tarte mit wei\u00dfer Schokolade<\/strong> \u2013 S\u00fc\u00df-saure Torte auf Haferbasis, mit zarter wei\u00dfer Schokoladencreme.<\/li>\n<\/ul>\n<p>Bestellen Sie unsere Backwaren und genie\u00dfen Sie den einzigartigen Geschmack, der eine festliche Atmosph\u00e4re in Ihr Zuhause bringt. \ud83c\udf84<\/p>\n<p>Weitere Anregungen f\u00fcr Weihnachten finden Sie hier\u00a0<strong><a href=\"https:\/\/jacekplacek.com.pl\/de\/produktkategorie\/weihnachten\/\" target=\"_blank\" rel=\"noopener\">Hier.<\/a><\/strong><\/p>\n<h3>Produktinformationen:<\/h3>\n<ul>\n<li>Gewicht ca. 250 g.<\/li>\n<li>Verpackung: Papierfach, Schutzfolie<\/li>\n<\/ul>","protected":false},"excerpt":{"rendered":"<h1>Weihnachtslebkuchen mit K\u00fcrbis in Form eines Weihnachtsbaums<\/h1>\n<p>W\u00fcrziger Kuchen mit K\u00fcrbis, Honig und unserer eigenen Lebkuchengew\u00fcrzmischung, basierend auf Weizen- und Roggenmehl, angereichert mit Orangenschalen und Waln\u00fcssen. Mit Schokoladenglasur \u00fcberzogen.<\/p>","protected":false},"featured_media":8249,"comment_status":"closed","ping_status":"closed","template":"","meta":{"content-type":""},"product_brand":[],"product_cat":[907,81],"product_tag":[436,664,99,444,96,446,445,449,91,95,97,98],"class_list":{"0":"post-3996","1":"product","2":"type-product","3":"status-publish","4":"has-post-thumbnail","6":"product_cat-ciasta-swiateczne","7":"product_cat-babki-i-makowce","8":"product_tag-choinka","9":"product_tag-ciasta-na-boze-narodzenie","10":"product_tag-ciasto-swiateczne","11":"product_tag-cukiernia-jacek-placek","12":"product_tag-dzem","13":"product_tag-jacek-placek-gdansk","14":"product_tag-jacek-placek-gowino","15":"product_tag-jacek-placek-sopot","16":"product_tag-orzechy-wloskie","17":"product_tag-piernik","18":"product_tag-piernik-z-dzemem","19":"product_tag-swieta","21":"entry","22":"has-media","24":"first","25":"instock","26":"shipping-taxable","27":"product-type-simple","28":"has-product-nav","29":"col","30":"span_1_of_4","31":"owp-content-center","32":"owp-thumbs-layout-horizontal","33":"owp-btn-normal","34":"owp-tabs-layout-horizontal","35":"has-no-thumbnails"},"acf":[],"_links":{"self":[{"href":"https:\/\/jacekplacek.com.pl\/de\/wp-json\/wp\/v2\/product\/3996","targetHints":{"allow":["GET"]}}],"collection":[{"href":"https:\/\/jacekplacek.com.pl\/de\/wp-json\/wp\/v2\/product"}],"about":[{"href":"https:\/\/jacekplacek.com.pl\/de\/wp-json\/wp\/v2\/types\/product"}],"replies":[{"embeddable":true,"href":"https:\/\/jacekplacek.com.pl\/de\/wp-json\/wp\/v2\/comments?post=3996"}],"wp:featuredmedia":[{"embeddable":true,"href":"https:\/\/jacekplacek.com.pl\/de\/wp-json\/wp\/v2\/media\/8249"}],"wp:attachment":[{"href":"https:\/\/jacekplacek.com.pl\/de\/wp-json\/wp\/v2\/media?parent=3996"}],"wp:term":[{"taxonomy":"product_brand","embeddable":true,"href":"https:\/\/jacekplacek.com.pl\/de\/wp-json\/wp\/v2\/product_brand?post=3996"},{"taxonomy":"product_cat","embeddable":true,"href":"https:\/\/jacekplacek.com.pl\/de\/wp-json\/wp\/v2\/product_cat?post=3996"},{"taxonomy":"product_tag","embeddable":true,"href":"https:\/\/jacekplacek.com.pl\/de\/wp-json\/wp\/v2\/product_tag?post=3996"}],"curies":[{"name":"wp","href":"https:\/\/api.w.org\/{rel}","templated":true}]}}