{"id":264,"date":"2020-09-08T14:14:11","date_gmt":"2020-09-08T12:14:11","guid":{"rendered":"https:\/\/jacekplacek.com.pl\/?post_type=product&#038;p=264"},"modified":"2025-11-18T18:26:48","modified_gmt":"2025-11-18T17:26:48","slug":"blaubeerknodel","status":"publish","type":"product","link":"https:\/\/jacekplacek.com.pl\/de\/speichern\/pierogi-i-paszteciki\/gefrorene-knodel\/blaubeerknodel\/","title":{"rendered":"Kn\u00f6del mit Beeren"},"content":{"rendered":"<p>Kn\u00f6del mit Blaubeeren sind einzigartige hausgemachte Kn\u00f6del, hergestellt aus Teig, der nach einem alten Familienrezept hergestellt wird. Ihr wunderbarer Geschmack wird jeden Feinschmecker zufriedenstellen. Unsere Kn\u00f6del werden aus den hochwertigsten Zutaten hergestellt, weshalb ihr Geschmack und Aroma einzigartig sind.<\/p>\n<p>Wir bieten sie gefroren in Packungen mit einem Gewicht von ca. 0,4 kg an. Die Packung enth\u00e4lt ca. 13 Kn\u00f6delst\u00fccke.<\/p>\n<p>Schauen Sie sich unser Angebot an und sp\u00fcren Sie den Geschmack echter hausgemachter Kn\u00f6del!<\/p>\n<p><strong><a href=\"https:\/\/jacekplacek.com.pl\/de\/produktkategorie\/snacks-und-knodel\/gefrorene-knodel\/\">Wir laden Sie ein, sich mit unseren anderen Geschmacksrichtungen vertraut zu machen.<\/a><\/strong><\/p>\n<p>&nbsp;<\/p>","protected":false},"excerpt":{"rendered":"<p>Kn\u00f6del aus traditionellem hausgemachtem Teig mit Blaubeerf\u00fcllung. Die Packung enth\u00e4lt ca. 13 Kn\u00f6delst\u00fccke.<\/p>","protected":false},"featured_media":8540,"comment_status":"closed","ping_status":"closed","template":"","meta":{"content-type":""},"product_brand":[],"product_cat":[82],"product_tag":[444,446,445,449,119,103,120],"class_list":{"0":"post-264","1":"product","2":"type-product","3":"status-publish","4":"has-post-thumbnail","6":"product_cat-pierogi-mrozone","7":"product_tag-cukiernia-jacek-placek","8":"product_tag-jacek-placek-gdansk","9":"product_tag-jacek-placek-gowino","10":"product_tag-jacek-placek-sopot","11":"product_tag-jagody","12":"product_tag-pierogi","13":"product_tag-pierogi-z-jagodami","15":"entry","16":"has-media","18":"first","19":"instock","20":"shipping-taxable","21":"product-type-simple","22":"has-product-nav","23":"col","24":"span_1_of_4","25":"owp-content-center","26":"owp-thumbs-layout-horizontal","27":"owp-btn-normal","28":"owp-tabs-layout-horizontal"},"acf":[],"_links":{"self":[{"href":"https:\/\/jacekplacek.com.pl\/de\/wp-json\/wp\/v2\/product\/264","targetHints":{"allow":["GET"]}}],"collection":[{"href":"https:\/\/jacekplacek.com.pl\/de\/wp-json\/wp\/v2\/product"}],"about":[{"href":"https:\/\/jacekplacek.com.pl\/de\/wp-json\/wp\/v2\/types\/product"}],"replies":[{"embeddable":true,"href":"https:\/\/jacekplacek.com.pl\/de\/wp-json\/wp\/v2\/comments?post=264"}],"wp:featuredmedia":[{"embeddable":true,"href":"https:\/\/jacekplacek.com.pl\/de\/wp-json\/wp\/v2\/media\/8540"}],"wp:attachment":[{"href":"https:\/\/jacekplacek.com.pl\/de\/wp-json\/wp\/v2\/media?parent=264"}],"wp:term":[{"taxonomy":"product_brand","embeddable":true,"href":"https:\/\/jacekplacek.com.pl\/de\/wp-json\/wp\/v2\/product_brand?post=264"},{"taxonomy":"product_cat","embeddable":true,"href":"https:\/\/jacekplacek.com.pl\/de\/wp-json\/wp\/v2\/product_cat?post=264"},{"taxonomy":"product_tag","embeddable":true,"href":"https:\/\/jacekplacek.com.pl\/de\/wp-json\/wp\/v2\/product_tag?post=264"}],"curies":[{"name":"wp","href":"https:\/\/api.w.org\/{rel}","templated":true}]}}