{"id":261,"date":"2020-09-08T14:03:40","date_gmt":"2020-09-08T12:03:40","guid":{"rendered":"https:\/\/jacekplacek.com.pl\/?post_type=product&#038;p=261"},"modified":"2025-11-18T18:26:48","modified_gmt":"2025-11-18T17:26:48","slug":"knodel","status":"publish","type":"product","link":"https:\/\/jacekplacek.com.pl\/de\/speichern\/pierogi-i-paszteciki\/gefrorene-knodel\/knodel\/","title":{"rendered":"Kn\u00f6del"},"content":{"rendered":"<p>Russische Kn\u00f6del sind einzigartige hausgemachte Kn\u00f6del, die aus Teig hergestellt werden, der nach einem alten Familienrezept hergestellt wird. Ihr gro\u00dfartiger Geschmack wird jeden Feinschmecker zufriedenstellen. Unsere Kn\u00f6del werden aus den hochwertigsten Zutaten hergestellt, weshalb ihr Geschmack und Aroma einzigartig sind.<\/p>\n<p>Wir bieten sie gefroren in Packungen mit einem Gewicht von ca. 0,4 kg an. Die Packung enth\u00e4lt ca. 13 Kn\u00f6delst\u00fccke.<\/p>\n<p>Schauen Sie sich unser Angebot an und sp\u00fcren Sie den Geschmack echter hausgemachter Kn\u00f6del!<\/p>\n<p><strong><a href=\"https:\/\/jacekplacek.com.pl\/de\/produktkategorie\/snacks-und-knodel\/gefrorene-knodel\/\">Wir laden Sie ein, sich mit unseren anderen Geschmacksrichtungen vertraut zu machen.<\/a><\/strong><\/p>","protected":false},"excerpt":{"rendered":"<p>Kn\u00f6del aus traditionellem hausgemachtem Teig, gef\u00fcllt mit H\u00fcttenk\u00e4se, Kartoffeln und Zwiebeln. Die Packung enth\u00e4lt ca. 13 Kn\u00f6delst\u00fccke.<\/p>","protected":false},"featured_media":8547,"comment_status":"closed","ping_status":"closed","template":"","meta":{"content-type":""},"product_brand":[],"product_cat":[82],"product_tag":[118,444,446,445,449,103,116,105,117],"class_list":{"0":"post-261","1":"product","2":"type-product","3":"status-publish","4":"has-post-thumbnail","6":"product_cat-pierogi-mrozone","7":"product_tag-cebula","8":"product_tag-cukiernia-jacek-placek","9":"product_tag-jacek-placek-gdansk","10":"product_tag-jacek-placek-gowino","11":"product_tag-jacek-placek-sopot","12":"product_tag-pierogi","13":"product_tag-pierogi-ruskie","14":"product_tag-pierogi-z-twarogiem","15":"product_tag-ruskie","17":"entry","18":"has-media","20":"first","21":"instock","22":"shipping-taxable","23":"product-type-simple","24":"has-product-nav","25":"col","26":"span_1_of_4","27":"owp-content-center","28":"owp-thumbs-layout-horizontal","29":"owp-btn-normal","30":"owp-tabs-layout-horizontal"},"acf":[],"_links":{"self":[{"href":"https:\/\/jacekplacek.com.pl\/de\/wp-json\/wp\/v2\/product\/261","targetHints":{"allow":["GET"]}}],"collection":[{"href":"https:\/\/jacekplacek.com.pl\/de\/wp-json\/wp\/v2\/product"}],"about":[{"href":"https:\/\/jacekplacek.com.pl\/de\/wp-json\/wp\/v2\/types\/product"}],"replies":[{"embeddable":true,"href":"https:\/\/jacekplacek.com.pl\/de\/wp-json\/wp\/v2\/comments?post=261"}],"wp:featuredmedia":[{"embeddable":true,"href":"https:\/\/jacekplacek.com.pl\/de\/wp-json\/wp\/v2\/media\/8547"}],"wp:attachment":[{"href":"https:\/\/jacekplacek.com.pl\/de\/wp-json\/wp\/v2\/media?parent=261"}],"wp:term":[{"taxonomy":"product_brand","embeddable":true,"href":"https:\/\/jacekplacek.com.pl\/de\/wp-json\/wp\/v2\/product_brand?post=261"},{"taxonomy":"product_cat","embeddable":true,"href":"https:\/\/jacekplacek.com.pl\/de\/wp-json\/wp\/v2\/product_cat?post=261"},{"taxonomy":"product_tag","embeddable":true,"href":"https:\/\/jacekplacek.com.pl\/de\/wp-json\/wp\/v2\/product_tag?post=261"}],"curies":[{"name":"wp","href":"https:\/\/api.w.org\/{rel}","templated":true}]}}