{"id":257,"date":"2020-09-08T13:59:09","date_gmt":"2020-09-08T11:59:09","guid":{"rendered":"https:\/\/jacekplacek.com.pl\/?post_type=product&#038;p=257"},"modified":"2025-11-18T18:26:47","modified_gmt":"2025-11-18T17:26:47","slug":"jager-pierogi","status":"publish","type":"product","link":"https:\/\/jacekplacek.com.pl\/de\/speichern\/pierogi-i-paszteciki\/gefrorene-knodel\/jager-pierogi\/","title":{"rendered":"Jagdkn\u00f6del"},"content":{"rendered":"<p>My\u015bliwskie Pierogi \u2013 Fleisch mit Kohl und Pilzen \u2013 sind einzigartige hausgemachte Teigtaschen, die aus Teig nach einem alten Familienrezept hergestellt werden. Ihr wunderbarer Geschmack wird jeden Feinschmecker zufrieden stellen. Unsere Kn\u00f6del werden aus den hochwertigsten Zutaten hergestellt, weshalb ihr Geschmack und Aroma einzigartig sind.<\/p>\n<p>Wir bieten sie gefroren in Packungen mit einem Gewicht von ca. 0,4 kg an. Die Packung enth\u00e4lt ca. 13 Kn\u00f6delst\u00fccke.<\/p>\n<p>Schauen Sie sich unser Angebot an und sp\u00fcren Sie den Geschmack echter hausgemachter Kn\u00f6del!<\/p>\n<p><strong><a href=\"https:\/\/jacekplacek.com.pl\/de\/produktkategorie\/snacks-und-knodel\/gefrorene-knodel\/\">Wir laden Sie ein, sich mit unseren anderen Geschmacksrichtungen vertraut zu machen.<\/a><\/strong><\/p>","protected":false},"excerpt":{"rendered":"<p>Kn\u00f6del aus traditionellem hausgemachtem Teig, gef\u00fcllt mit Fleisch, Kohl und Pilzen. Die Packung enth\u00e4lt ca. 13 St\u00fcck Kn\u00f6del.<\/p>","protected":false},"featured_media":8549,"comment_status":"closed","ping_status":"closed","template":"","meta":{"content-type":""},"product_brand":[],"product_cat":[82],"product_tag":[108,103,107,111,110,109],"class_list":{"0":"post-257","1":"product","2":"type-product","3":"status-publish","4":"has-post-thumbnail","6":"product_cat-pierogi-mrozone","7":"product_tag-mysliwskie","8":"product_tag-pierogi","9":"product_tag-pierogi-mysliwskie","10":"product_tag-z-grzybami","11":"product_tag-z-kapusta","12":"product_tag-z-miesem","14":"entry","15":"has-media","17":"first","18":"instock","19":"shipping-taxable","20":"product-type-simple","21":"has-product-nav","22":"col","23":"span_1_of_4","24":"owp-content-center","25":"owp-thumbs-layout-horizontal","26":"owp-btn-normal","27":"owp-tabs-layout-horizontal"},"acf":[],"_links":{"self":[{"href":"https:\/\/jacekplacek.com.pl\/de\/wp-json\/wp\/v2\/product\/257","targetHints":{"allow":["GET"]}}],"collection":[{"href":"https:\/\/jacekplacek.com.pl\/de\/wp-json\/wp\/v2\/product"}],"about":[{"href":"https:\/\/jacekplacek.com.pl\/de\/wp-json\/wp\/v2\/types\/product"}],"replies":[{"embeddable":true,"href":"https:\/\/jacekplacek.com.pl\/de\/wp-json\/wp\/v2\/comments?post=257"}],"wp:featuredmedia":[{"embeddable":true,"href":"https:\/\/jacekplacek.com.pl\/de\/wp-json\/wp\/v2\/media\/8549"}],"wp:attachment":[{"href":"https:\/\/jacekplacek.com.pl\/de\/wp-json\/wp\/v2\/media?parent=257"}],"wp:term":[{"taxonomy":"product_brand","embeddable":true,"href":"https:\/\/jacekplacek.com.pl\/de\/wp-json\/wp\/v2\/product_brand?post=257"},{"taxonomy":"product_cat","embeddable":true,"href":"https:\/\/jacekplacek.com.pl\/de\/wp-json\/wp\/v2\/product_cat?post=257"},{"taxonomy":"product_tag","embeddable":true,"href":"https:\/\/jacekplacek.com.pl\/de\/wp-json\/wp\/v2\/product_tag?post=257"}],"curies":[{"name":"wp","href":"https:\/\/api.w.org\/{rel}","templated":true}]}}