{"id":256,"date":"2020-09-08T13:58:59","date_gmt":"2020-09-08T11:58:59","guid":{"rendered":"https:\/\/jacekplacek.com.pl\/?post_type=product&#038;p=256"},"modified":"2025-11-18T18:26:47","modified_gmt":"2025-11-18T17:26:47","slug":"pierogi-maciusia","status":"publish","type":"product","link":"https:\/\/jacekplacek.com.pl\/de\/speichern\/pierogi-i-paszteciki\/gefrorene-knodel\/pierogi-maciusia\/","title":{"rendered":"Maciu\u015bs Kn\u00f6del"},"content":{"rendered":"<p>Pierogi Maciusia \u2013 mit H\u00fcttenk\u00e4se, sind einzigartige hausgemachte Kn\u00f6del, hergestellt aus Teig, der nach einem alten Familienrezept hergestellt wird. Ihr wunderbarer Geschmack wird jeden Feinschmecker zufrieden stellen. Unsere Kn\u00f6del werden aus den hochwertigsten Zutaten hergestellt, daher sind Geschmack und Aroma einzigartig.<\/p>\n<p>Wir bieten sie gefroren in Packungen mit einem Gewicht von ca. 0,4 kg an. Die Packung enth\u00e4lt ca. 13 Kn\u00f6delst\u00fccke.<\/p>\n<p>Schauen Sie sich unser Angebot an und sp\u00fcren Sie den Geschmack echter hausgemachter Kn\u00f6del!<\/p>\n<p><strong><a href=\"https:\/\/jacekplacek.com.pl\/de\/produktkategorie\/snacks-und-knodel\/gefrorene-knodel\/\">Wir laden Sie ein, sich mit unseren anderen Geschmacksrichtungen vertraut zu machen.<\/a><\/strong><\/p>","protected":false},"excerpt":{"rendered":"<p>Kn\u00f6del aus traditionellem hausgemachtem Teig mit s\u00fc\u00dfer H\u00fcttenk\u00e4sef\u00fcllung.<\/p>\n<p>Die Packung enth\u00e4lt ca. 13 St\u00fcck Kn\u00f6del.<\/p>","protected":false},"featured_media":10152,"comment_status":"closed","ping_status":"closed","template":"","meta":{"content-type":""},"product_brand":[],"product_cat":[82],"product_tag":[444,63,446,445,449,688,103,104,105,106],"class_list":{"0":"post-256","1":"product","2":"type-product","3":"status-publish","4":"has-post-thumbnail","6":"product_cat-pierogi-mrozone","7":"product_tag-cukiernia-jacek-placek","8":"product_tag-deser","9":"product_tag-jacek-placek-gdansk","10":"product_tag-jacek-placek-gowino","11":"product_tag-jacek-placek-sopot","12":"product_tag-obiad","13":"product_tag-pierogi","14":"product_tag-pierogi-na-slodko","15":"product_tag-pierogi-z-twarogiem","16":"product_tag-twarog","18":"entry","19":"has-media","21":"first","22":"instock","23":"shipping-taxable","24":"product-type-simple","25":"has-product-nav","26":"col","27":"span_1_of_4","28":"owp-content-center","29":"owp-thumbs-layout-horizontal","30":"owp-btn-normal","31":"owp-tabs-layout-horizontal"},"acf":[],"_links":{"self":[{"href":"https:\/\/jacekplacek.com.pl\/de\/wp-json\/wp\/v2\/product\/256","targetHints":{"allow":["GET"]}}],"collection":[{"href":"https:\/\/jacekplacek.com.pl\/de\/wp-json\/wp\/v2\/product"}],"about":[{"href":"https:\/\/jacekplacek.com.pl\/de\/wp-json\/wp\/v2\/types\/product"}],"replies":[{"embeddable":true,"href":"https:\/\/jacekplacek.com.pl\/de\/wp-json\/wp\/v2\/comments?post=256"}],"wp:featuredmedia":[{"embeddable":true,"href":"https:\/\/jacekplacek.com.pl\/de\/wp-json\/wp\/v2\/media\/10152"}],"wp:attachment":[{"href":"https:\/\/jacekplacek.com.pl\/de\/wp-json\/wp\/v2\/media?parent=256"}],"wp:term":[{"taxonomy":"product_brand","embeddable":true,"href":"https:\/\/jacekplacek.com.pl\/de\/wp-json\/wp\/v2\/product_brand?post=256"},{"taxonomy":"product_cat","embeddable":true,"href":"https:\/\/jacekplacek.com.pl\/de\/wp-json\/wp\/v2\/product_cat?post=256"},{"taxonomy":"product_tag","embeddable":true,"href":"https:\/\/jacekplacek.com.pl\/de\/wp-json\/wp\/v2\/product_tag?post=256"}],"curies":[{"name":"wp","href":"https:\/\/api.w.org\/{rel}","templated":true}]}}