{"id":2005,"date":"2021-02-03T20:27:28","date_gmt":"2021-02-03T19:27:28","guid":{"rendered":"https:\/\/jacekplacek.com.pl\/?post_type=product&#038;p=2005"},"modified":"2025-12-16T15:38:40","modified_gmt":"2025-12-16T14:38:40","slug":"murbeteigkekse-mit-sonnenblumenkernen","status":"publish","type":"product","link":"https:\/\/jacekplacek.com.pl\/de\/speichern\/kekse-und-kekse\/kekse-2\/murbeteigkekse-mit-sonnenblumenkernen\/","title":{"rendered":"FIT vegane Kekse"},"content":{"rendered":"<p>Wie sch\u00f6n, eine Schw\u00e4che f\u00fcr Shortbread-Kekse mit dem Versuch zu verbinden, die Ern\u00e4hrung mit wertvollen Samen zu erg\u00e4nzen ...<\/p>\n<p><span style=\"font-weight: 400;\">Entdecken Sie den wunderbaren Geschmack unserer einzigartigen FIT-Vegan-Kekse. Dank unserer sorgf\u00e4ltig ausgew\u00e4hlten Zutatenkombination schmecken diese Kekse nicht nur k\u00f6stlich, sondern bieten auch zahlreiche Vorteile f\u00fcr Ihre Gesundheit. <\/span><\/p>\n<p><span style=\"font-weight: 400;\">Der Reichtum an Getreide, Ballaststoffen und N\u00e4hrstoffen macht sie nahrhaft und s\u00e4ttigend. Dar\u00fcber hinaus haben sie einen reduzierten Gehalt an Gluten und tierischen Produkten. <span style=\"color: #000000;\">(Aufgrund des Fehlens einer separaten Produktionslinie kann das Produkt Spuren von Gluten und anderen Allergenen enthalten. Das Werk verwendet: Mehl, Eier, N\u00fcsse, Sesam und Milch, daher kann jedes Produkt Spuren der genannten Allergene enthalten, auch wenn diese vorhanden sind nicht in der Beschreibung und Zutatenliste angegeben.)<\/span><\/span><\/p>\n<p><span style=\"font-weight: 400;\">Genie\u00dfen Sie den k\u00f6stlichen Geschmack, ohne auf seine wohltuenden Eigenschaften zu verzichten.<\/span><\/p>\n<p>&nbsp;<\/p>\n<p>&nbsp;<\/p>","protected":false},"excerpt":{"rendered":"<p><span style=\"font-weight: 400;\">Wir laden Sie ein, unsere fantastischen veganen FIT-Kekse zu probieren. <\/span><\/p>\n<p><span style=\"font-weight: 400;\">Sie schmecken nicht nur k\u00f6stlich, sondern versorgen Ihren K\u00f6rper auch mit den notwendigen N\u00e4hrstoffen, sodass Sie sich gesund ern\u00e4hren k\u00f6nnen.<\/span><\/p>","protected":false},"featured_media":9884,"comment_status":"closed","ping_status":"closed","template":"","meta":{"content-type":""},"product_brand":[],"product_cat":[121],"product_tag":[348,454,444,446,445,449,354,355],"class_list":{"0":"post-2005","1":"product","2":"type-product","3":"status-publish","4":"has-post-thumbnail","6":"product_cat-ciasteczka","7":"product_tag-ciasteczka-kruche","8":"product_tag-ciasteczka-na-wage","9":"product_tag-cukiernia-jacek-placek","10":"product_tag-jacek-placek-gdansk","11":"product_tag-jacek-placek-gowino","12":"product_tag-jacek-placek-sopot","13":"product_tag-z-nasionami","14":"product_tag-ze-slonecznikiem","16":"entry","17":"has-media","19":"first","20":"outofstock","21":"shipping-taxable","22":"product-type-variable","23":"has-default-attributes","24":"has-product-nav","25":"col","26":"span_1_of_4","27":"owp-content-center","28":"owp-thumbs-layout-horizontal","29":"owp-btn-normal","30":"owp-tabs-layout-horizontal"},"acf":[],"_links":{"self":[{"href":"https:\/\/jacekplacek.com.pl\/de\/wp-json\/wp\/v2\/product\/2005","targetHints":{"allow":["GET"]}}],"collection":[{"href":"https:\/\/jacekplacek.com.pl\/de\/wp-json\/wp\/v2\/product"}],"about":[{"href":"https:\/\/jacekplacek.com.pl\/de\/wp-json\/wp\/v2\/types\/product"}],"replies":[{"embeddable":true,"href":"https:\/\/jacekplacek.com.pl\/de\/wp-json\/wp\/v2\/comments?post=2005"}],"wp:featuredmedia":[{"embeddable":true,"href":"https:\/\/jacekplacek.com.pl\/de\/wp-json\/wp\/v2\/media\/9884"}],"wp:attachment":[{"href":"https:\/\/jacekplacek.com.pl\/de\/wp-json\/wp\/v2\/media?parent=2005"}],"wp:term":[{"taxonomy":"product_brand","embeddable":true,"href":"https:\/\/jacekplacek.com.pl\/de\/wp-json\/wp\/v2\/product_brand?post=2005"},{"taxonomy":"product_cat","embeddable":true,"href":"https:\/\/jacekplacek.com.pl\/de\/wp-json\/wp\/v2\/product_cat?post=2005"},{"taxonomy":"product_tag","embeddable":true,"href":"https:\/\/jacekplacek.com.pl\/de\/wp-json\/wp\/v2\/product_tag?post=2005"}],"curies":[{"name":"wp","href":"https:\/\/api.w.org\/{rel}","templated":true}]}}