{"id":189,"date":"2020-09-08T10:59:30","date_gmt":"2020-09-08T08:59:30","guid":{"rendered":"https:\/\/jacekplacek.com.pl\/?post_type=product&#038;p=189"},"modified":"2025-11-18T18:28:56","modified_gmt":"2025-11-18T17:28:56","slug":"hausgemachter-kasekuchen","status":"publish","type":"product","link":"https:\/\/jacekplacek.com.pl\/de\/speichern\/kasekuchen-alles\/kasekuchen-2\/hausgemachter-kasekuchen\/","title":{"rendered":"Hausgemachter K\u00e4sekuchen ohne Mehl"},"content":{"rendered":"<p><strong>Das zeitlose Rezept unserer Oma Agatka, das von Generationen gesch\u00e4tzt wird, f\u00fcr einen wunderbar saftigen, lockeren, zartschmelzenden K\u00e4sekuchen mit Rosinen, hergestellt aus H\u00fcttenk\u00e4se bester Qualit\u00e4t. <\/strong><\/p>\n<p><span style=\"font-weight: 400;\">Wenn wir das Produkt angeben w\u00fcrden, das am engsten mit unseren Kunden und unserer Marke verbunden ist, w\u00e4re es hausgemachter K\u00e4sekuchen!<\/span><\/p>\n<p>Weitere K\u00e4sekuchensorten erh\u00e4ltlich\u00a0<strong><a href=\"https:\/\/jacekplacek.com.pl\/de\/produktkategorie\/kasekuchen-alles\/\" target=\"_blank\" rel=\"noopener\">Hier.<\/a><\/strong><\/p>\n<p><span style=\"font-weight: 400;\">(Die Pflanze verwendet: Mehl, Eier, N\u00fcsse, Sesam und Milch. Daher kann jedes Produkt Spuren der genannten Allergene enthalten, auch wenn diese in der Beschreibung und Zutatenliste nicht aufgef\u00fchrt sind.)<\/span><\/p>\n<p>&nbsp;<\/p>","protected":false},"excerpt":{"rendered":"<p><span data-sheets-root=\"1\">Lockere Quarkmasse mit Kartoffeln und Rosinen, ohne Mehl und Backpulver. Traditioneller hausgemachter K\u00e4sekuchen nach einem Familienrezept.<\/span><\/p>","protected":false},"featured_media":8383,"comment_status":"closed","ping_status":"closed","template":"","meta":{"content-type":""},"product_brand":[],"product_cat":[60,534],"product_tag":[557,444,446,445,449,68,61,556,55,69],"class_list":{"0":"post-189","1":"product","2":"type-product","3":"status-publish","4":"has-post-thumbnail","6":"product_cat-serniki","7":"product_cat-ciasta-weganskie-i-keto","8":"product_tag-ciasto-bez-maki","9":"product_tag-cukiernia-jacek-placek","10":"product_tag-jacek-placek-gdansk","11":"product_tag-jacek-placek-gowino","12":"product_tag-jacek-placek-sopot","13":"product_tag-klasyczny","14":"product_tag-sernik","15":"product_tag-sernik-bez-maki","16":"product_tag-sernik-domowy","17":"product_tag-tradycyjny-sernik","19":"entry","20":"has-media","22":"first","23":"instock","24":"shipping-taxable","25":"product-type-variable","26":"has-default-attributes","27":"has-product-nav","28":"col","29":"span_1_of_4","30":"owp-content-center","31":"owp-thumbs-layout-horizontal","32":"owp-btn-normal","33":"owp-tabs-layout-horizontal"},"acf":[],"_links":{"self":[{"href":"https:\/\/jacekplacek.com.pl\/de\/wp-json\/wp\/v2\/product\/189","targetHints":{"allow":["GET"]}}],"collection":[{"href":"https:\/\/jacekplacek.com.pl\/de\/wp-json\/wp\/v2\/product"}],"about":[{"href":"https:\/\/jacekplacek.com.pl\/de\/wp-json\/wp\/v2\/types\/product"}],"replies":[{"embeddable":true,"href":"https:\/\/jacekplacek.com.pl\/de\/wp-json\/wp\/v2\/comments?post=189"}],"wp:featuredmedia":[{"embeddable":true,"href":"https:\/\/jacekplacek.com.pl\/de\/wp-json\/wp\/v2\/media\/8383"}],"wp:attachment":[{"href":"https:\/\/jacekplacek.com.pl\/de\/wp-json\/wp\/v2\/media?parent=189"}],"wp:term":[{"taxonomy":"product_brand","embeddable":true,"href":"https:\/\/jacekplacek.com.pl\/de\/wp-json\/wp\/v2\/product_brand?post=189"},{"taxonomy":"product_cat","embeddable":true,"href":"https:\/\/jacekplacek.com.pl\/de\/wp-json\/wp\/v2\/product_cat?post=189"},{"taxonomy":"product_tag","embeddable":true,"href":"https:\/\/jacekplacek.com.pl\/de\/wp-json\/wp\/v2\/product_tag?post=189"}],"curies":[{"name":"wp","href":"https:\/\/api.w.org\/{rel}","templated":true}]}}