{"id":14646,"date":"2024-11-15T13:03:56","date_gmt":"2024-11-15T12:03:56","guid":{"rendered":"https:\/\/jacekplacek.com.pl\/?post_type=product&#038;p=14646"},"modified":"2025-11-18T18:31:26","modified_gmt":"2025-11-18T17:31:26","slug":"japanischer-mohnkuchen-ohne-mehl","status":"publish","type":"product","link":"https:\/\/jacekplacek.com.pl\/de\/speichern\/babki-i-makowce\/japanischer-mohnkuchen-ohne-mehl\/","title":{"rendered":"Japanischer Mohnkuchen \u2013 ohne Mehl"},"content":{"rendered":"<p><strong>Japanischer Mohnkuchen ohne Mehl<\/strong> ist die perfekte Wahl f\u00fcr die Weihnachtstafel \u2013 gesund, leicht und gleichzeitig voller traditioneller Aromen, die mit W\u00e4rme und famili\u00e4rer Atmosph\u00e4re verbunden sind. Es eignet sich auch perfekt als Dessert f\u00fcr besondere Anl\u00e4sse oder als s\u00fc\u00dfer Leckerbissen zu einer Tasse Kaffee oder Tee. Genie\u00dfen Sie die Feiertage mit diesem einzigartigen Geb\u00e4ck, das Einfachheit und Raffinesse vereint!<\/p>\n<p>Die Basis dieses Mohnkuchens sind Mohnsamen, die ihm einen reichhaltigen, leicht nussigen Charakter verleihen. Eine dezente S\u00fc\u00dfe, gewonnen durch nat\u00fcrliche Zutaten, unterstreicht den Mohngeschmack und eine zarte Vanillenote rundet das Ganze ab. Verziert mit einer leichten Schokoladenglasur oder einer Prise Puderzucker sieht der Mohnkuchen elegant und appetitlich aus.<\/p>","protected":false},"excerpt":{"rendered":"<p><span data-sheets-root=\"1\">Saftiger, fluffiger Mohnkuchen mit Trockenfr\u00fcchten, \u00c4pfeln, Hirsemehl und kr\u00e4ftigem Mandelaroma. Unser Rezept enth\u00e4lt kein Mehl und ist daher f\u00fcr Menschen geeignet, die Gluten meiden.<\/span><\/p>","protected":false},"featured_media":14657,"comment_status":"closed","ping_status":"closed","template":"","meta":{"content-type":""},"product_brand":[],"product_cat":[81,907],"product_tag":[557,866,868,867,99,854,444,446,445,449,141,865],"class_list":{"0":"post-14646","1":"product","2":"type-product","3":"status-publish","4":"has-post-thumbnail","6":"product_cat-babki-i-makowce","7":"product_cat-ciasta-swiateczne","8":"product_tag-ciasto-bez-maki","9":"product_tag-ciasto-bezglutenowe","10":"product_tag-ciasto-boze-narodzenie","11":"product_tag-ciasto-specjalistyczne","12":"product_tag-ciasto-swiateczne","13":"product_tag-cukiernia-gdansk","14":"product_tag-cukiernia-jacek-placek","15":"product_tag-jacek-placek-gdansk","16":"product_tag-jacek-placek-gowino","17":"product_tag-jacek-placek-sopot","18":"product_tag-makowiec","19":"product_tag-makowiec-japonski","21":"entry","22":"has-media","24":"first","25":"instock","26":"shipping-taxable","27":"product-type-variable","28":"has-product-nav","29":"col","30":"span_1_of_4","31":"owp-content-center","32":"owp-thumbs-layout-horizontal","33":"owp-btn-normal","34":"owp-tabs-layout-horizontal"},"acf":[],"_links":{"self":[{"href":"https:\/\/jacekplacek.com.pl\/de\/wp-json\/wp\/v2\/product\/14646","targetHints":{"allow":["GET"]}}],"collection":[{"href":"https:\/\/jacekplacek.com.pl\/de\/wp-json\/wp\/v2\/product"}],"about":[{"href":"https:\/\/jacekplacek.com.pl\/de\/wp-json\/wp\/v2\/types\/product"}],"replies":[{"embeddable":true,"href":"https:\/\/jacekplacek.com.pl\/de\/wp-json\/wp\/v2\/comments?post=14646"}],"wp:featuredmedia":[{"embeddable":true,"href":"https:\/\/jacekplacek.com.pl\/de\/wp-json\/wp\/v2\/media\/14657"}],"wp:attachment":[{"href":"https:\/\/jacekplacek.com.pl\/de\/wp-json\/wp\/v2\/media?parent=14646"}],"wp:term":[{"taxonomy":"product_brand","embeddable":true,"href":"https:\/\/jacekplacek.com.pl\/de\/wp-json\/wp\/v2\/product_brand?post=14646"},{"taxonomy":"product_cat","embeddable":true,"href":"https:\/\/jacekplacek.com.pl\/de\/wp-json\/wp\/v2\/product_cat?post=14646"},{"taxonomy":"product_tag","embeddable":true,"href":"https:\/\/jacekplacek.com.pl\/de\/wp-json\/wp\/v2\/product_tag?post=14646"}],"curies":[{"name":"wp","href":"https:\/\/api.w.org\/{rel}","templated":true}]}}