{"id":14578,"date":"2024-11-14T15:29:26","date_gmt":"2024-11-14T14:29:26","guid":{"rendered":"https:\/\/jacekplacek.com.pl\/?post_type=product&#038;p=14578"},"modified":"2025-11-18T18:31:21","modified_gmt":"2025-11-18T17:31:21","slug":"lebkuchen-mit-marmelade","status":"publish","type":"product","link":"https:\/\/jacekplacek.com.pl\/de\/speichern\/babki-i-makowce\/lebkuchen-mit-marmelade\/","title":{"rendered":"Lebkuchen mit Marmelade"},"content":{"rendered":"<div class=\"flex-shrink-0 flex flex-col relative items-end\">\n<div class=\"pt-0\">\n<div class=\"gizmo-bot-avatar flex h-8 w-8 items-center justify-center overflow-hidden rounded-full\">\n<div class=\"relative p-1 rounded-sm flex items-center justify-center bg-token-main-surface-primary text-token-text-primary h-8 w-8\">\n<h1>Feiertage \u2013 eine Zeit der Tradition und einzigartiger Aromen<\/h1>\n<p>Weihnachten ist eine besondere Zeit voller Familientreffen, wundersch\u00f6ner Dekorationen und aromatischer Backwaren. Nichts weckt Weihnachtsstimmung so sehr wie der Duft von Gew\u00fcrzen und s\u00fc\u00dfem Kuchen, der durch das Haus weht.<\/p>\n<h2><\/h2>\n<h2>Lebkuchen \u2013 der Geschmack und Duft von Weihnachten<\/h2>\n<p>Lebkuchen sind Backwaren mit einer tief verwurzelten Tradition, die seit Jahrhunderten ein Symbol f\u00fcr Feiertage sind. Ihr w\u00fcrziges Aroma voller Zimt, Nelken und Ingwer entf\u00fchrt uns in die magische Weihnachtsstimmung. Die Tradition, Lebkuchen mit Fruchtkonfit\u00fcre oder Marmelade zu \u00fcberziehen, reicht bis in die Zeit zur\u00fcck, als s\u00fc\u00dfe Beilagen eine Delikatesse waren. Die Fruchtf\u00fcllung sorgt nicht nur f\u00fcr mehr Geschmack, sondern verl\u00e4ngert auch die Frische des Geb\u00e4cks, sodass der Kuchen l\u00e4nger saftig und weich bleibt.<\/p>\n<p>Heute ist Lebkuchen mit Marmelade eine Kombination aus Klassikern mit fruchtigem Akzent, die stets durch ihre Einfachheit und ihren Geschmack begeistert. Dies ist eines dieser Backwaren, die Tradition und Funktionalit\u00e4t vereinen und somit eine ideale Wahl f\u00fcr den Feiertagstisch sind.<\/p>\n<h2><\/h2>\n<h2>Lebkuchen mit Marmelade \u2013 einzigartiger Geschmack und Feuchtigkeit<\/h2>\n<p>Unser Lebkuchen mit Marmelade ist die perfekte Kombination aus traditionellem Kuchen mit fruchtigem Akzent. Durch die Kombination von klassischem Lebkuchen mit Erdbeermarmelade und Schokoladenglasur zeichnen sich die Backwaren durch Geschmack und Konsistenz aus.<\/p>\n<h3><strong>Besonderheiten unserer Lebkuchen:<\/strong><\/h3>\n<ul>\n<li><strong>Pikanter Kuchen<\/strong> \u2013 aromatisch, basierend auf Zimt, Nelken und Honig.<\/li>\n<li><strong>Fruchtf\u00fcllung<\/strong> \u2013 Erdbeermarmelade, die Feuchtigkeit und zarte S\u00fc\u00dfe verleiht.<\/li>\n<li><strong>Schokoladenglasur<\/strong> \u2013 weich, intensiv im Geschmack, passt perfekt zu Lebkuchen.<\/li>\n<li><strong>Es bleibt lange frisch<\/strong> \u2013 Dank der Marmelade bleibt der Lebkuchen viele Tage lang weich und saftig.<\/li>\n<\/ul>\n<p>Dies ist die perfekte Wahl f\u00fcr alle, die traditionelles Backen mit einem Hauch von Fruchtinnovation suchen.<\/p>\n<h3><\/h3>\n<h3>An die Feiertage erinnernswerte Kuchen<\/h3>\n<p>Auf dem Weihnachtstisch muss eine Vielfalt an S\u00fc\u00dfigkeiten stehen, die das Weihnachtsfest schon seit Jahren begleiten. Neben Lebkuchen mit Fruchtf\u00fcllung ist es einen Versuch wert:<\/p>\n<ul>\n<li><strong>Mohnkuchen<\/strong> \u2013 voller aromatischer Mohnsamen und Trockenfr\u00fcchte, die ein Symbol der Weihnachtstradition sind.<\/li>\n<li><strong>K\u00e4sekuchen<\/strong> \u2013 cremig und zart, perfekt f\u00fcr Liebhaber des klassischen Backens.<\/li>\n<li><strong>Obstkuchen<\/strong> \u2013 reich an Trockenfr\u00fcchten und N\u00fcssen, perfekt passend zur Urlaubsstimmung.<\/li>\n<li><strong>Kuchen und Torten<\/strong> \u2013 moderne Desserts, die durch ihr Aussehen und ihren einzigartigen Geschmack begeistern.<\/li>\n<\/ul>\n<p>W\u00e4hlen Sie eine Vielfalt an Backwaren, die eine einzigartige Urlaubsatmosph\u00e4re in Ihr Zuhause bringen und den Gaumen jedes Gastes erfreuen werden! \ud83c\udf84<\/p>\n<p>Weitere Anregungen f\u00fcr Weihnachten finden Sie hier\u00a0<strong><a href=\"https:\/\/jacekplacek.com.pl\/de\/produktkategorie\/weihnachten\/\" target=\"_blank\" rel=\"noopener\">Hier.<\/a><\/strong><\/p>\n<\/div>\n<p>&nbsp;<\/p>\n<\/div>\n<\/div>\n<\/div>","protected":false},"excerpt":{"rendered":"<p><strong>Lebkuchen mit Marmelade<\/strong><\/p>\n<p><span data-sheets-root=\"1\">Klassisch gew\u00fcrzter Lebkuchen gef\u00fcllt mit Erdbeermarmelade und garniert mit Schokolade. Dank der Marmelade ist es saftig, weich und bleibt lange frisch.<\/span><\/p>","protected":false},"featured_media":11694,"comment_status":"closed","ping_status":"closed","template":"","meta":{"content-type":""},"product_brand":[],"product_cat":[907,81],"product_tag":[444,446,445,449,95],"class_list":{"0":"post-14578","1":"product","2":"type-product","3":"status-publish","4":"has-post-thumbnail","6":"product_cat-ciasta-swiateczne","7":"product_cat-babki-i-makowce","8":"product_tag-cukiernia-jacek-placek","9":"product_tag-jacek-placek-gdansk","10":"product_tag-jacek-placek-gowino","11":"product_tag-jacek-placek-sopot","12":"product_tag-piernik","14":"entry","15":"has-media","17":"first","18":"instock","19":"shipping-taxable","20":"product-type-variable","21":"has-product-nav","22":"col","23":"span_1_of_4","24":"owp-content-center","25":"owp-thumbs-layout-horizontal","26":"owp-btn-normal","27":"owp-tabs-layout-horizontal","28":"has-no-thumbnails"},"acf":[],"_links":{"self":[{"href":"https:\/\/jacekplacek.com.pl\/de\/wp-json\/wp\/v2\/product\/14578","targetHints":{"allow":["GET"]}}],"collection":[{"href":"https:\/\/jacekplacek.com.pl\/de\/wp-json\/wp\/v2\/product"}],"about":[{"href":"https:\/\/jacekplacek.com.pl\/de\/wp-json\/wp\/v2\/types\/product"}],"replies":[{"embeddable":true,"href":"https:\/\/jacekplacek.com.pl\/de\/wp-json\/wp\/v2\/comments?post=14578"}],"wp:featuredmedia":[{"embeddable":true,"href":"https:\/\/jacekplacek.com.pl\/de\/wp-json\/wp\/v2\/media\/11694"}],"wp:attachment":[{"href":"https:\/\/jacekplacek.com.pl\/de\/wp-json\/wp\/v2\/media?parent=14578"}],"wp:term":[{"taxonomy":"product_brand","embeddable":true,"href":"https:\/\/jacekplacek.com.pl\/de\/wp-json\/wp\/v2\/product_brand?post=14578"},{"taxonomy":"product_cat","embeddable":true,"href":"https:\/\/jacekplacek.com.pl\/de\/wp-json\/wp\/v2\/product_cat?post=14578"},{"taxonomy":"product_tag","embeddable":true,"href":"https:\/\/jacekplacek.com.pl\/de\/wp-json\/wp\/v2\/product_tag?post=14578"}],"curies":[{"name":"wp","href":"https:\/\/api.w.org\/{rel}","templated":true}]}}