{"id":14575,"date":"2024-11-14T15:12:02","date_gmt":"2024-11-14T14:12:02","guid":{"rendered":"https:\/\/jacekplacek.com.pl\/?post_type=product&#038;p=14575"},"modified":"2025-11-18T18:31:21","modified_gmt":"2025-11-18T17:31:21","slug":"lebkuchen-mit-kirschen","status":"publish","type":"product","link":"https:\/\/jacekplacek.com.pl\/de\/speichern\/babki-i-makowce\/lebkuchen-mit-kirschen\/","title":{"rendered":"Lebkuchen mit Kirschen"},"content":{"rendered":"<p>Entdecken Sie den Geschmack von Weihnachten mit einem einzigartigen <strong>Lebkuchen mit Kirsche<\/strong>! Dieses aromatische Geb\u00e4ck vereint klassische Gew\u00fcrze mit dem intensiven, leicht s\u00e4uerlichen Geschmack von Kirschen und schafft so eine einzigartige Komposition, die den Gaumen aller Naschkatzen erfreut. F\u00fcr alle, die einen Klassiker in einer neuen, aufgefrischten Variante suchen, ist unser Lebkuchen mit Kirsche genau das Richtige. Kirschen geben dem Teig Feuchtigkeit, die den Lebkuchen zart macht und ihn auf der Zunge zergehen l\u00e4sst. <strong>Perfekt f\u00fcr den Weihnachtstisch und als Geschenk<\/strong> \u2013 es sieht wundersch\u00f6n auf dem Tisch aus und sein Geschmack wird den G\u00e4sten lange in Erinnerung bleiben.<\/p>\n<p>&nbsp;<\/p>\n<p>&nbsp;<\/p>","protected":false},"excerpt":{"rendered":"<p><strong>Lebkuchen mit Kirsche<\/strong> ist ein wahrer Weihnachtsgenuss \u2013 die Zugabe von saftigen Kirschen durchbricht die S\u00fc\u00dfe des Kuchens und verleiht ihm einen einzigartigen, fruchtigen Akzent, der einen perfekten Kontrast zum tiefen Geschmack der Gew\u00fcrze bildet.<\/p>","protected":false},"featured_media":14731,"comment_status":"closed","ping_status":"closed","template":"","meta":{"content-type":""},"product_brand":[],"product_cat":[907,81],"product_tag":[845,444,446,445,449,95,435],"class_list":{"0":"post-14575","1":"product","2":"type-product","3":"status-publish","4":"has-post-thumbnail","6":"product_cat-ciasta-swiateczne","7":"product_cat-babki-i-makowce","8":"product_tag-ciasto-dyniowe","9":"product_tag-cukiernia-jacek-placek","10":"product_tag-jacek-placek-gdansk","11":"product_tag-jacek-placek-gowino","12":"product_tag-jacek-placek-sopot","13":"product_tag-piernik","14":"product_tag-piernik-z-dynia","16":"entry","17":"has-media","19":"first","20":"instock","21":"shipping-taxable","22":"product-type-variable","23":"has-default-attributes","24":"has-product-nav","25":"col","26":"span_1_of_4","27":"owp-content-center","28":"owp-thumbs-layout-horizontal","29":"owp-btn-normal","30":"owp-tabs-layout-horizontal"},"acf":[],"_links":{"self":[{"href":"https:\/\/jacekplacek.com.pl\/de\/wp-json\/wp\/v2\/product\/14575","targetHints":{"allow":["GET"]}}],"collection":[{"href":"https:\/\/jacekplacek.com.pl\/de\/wp-json\/wp\/v2\/product"}],"about":[{"href":"https:\/\/jacekplacek.com.pl\/de\/wp-json\/wp\/v2\/types\/product"}],"replies":[{"embeddable":true,"href":"https:\/\/jacekplacek.com.pl\/de\/wp-json\/wp\/v2\/comments?post=14575"}],"wp:featuredmedia":[{"embeddable":true,"href":"https:\/\/jacekplacek.com.pl\/de\/wp-json\/wp\/v2\/media\/14731"}],"wp:attachment":[{"href":"https:\/\/jacekplacek.com.pl\/de\/wp-json\/wp\/v2\/media?parent=14575"}],"wp:term":[{"taxonomy":"product_brand","embeddable":true,"href":"https:\/\/jacekplacek.com.pl\/de\/wp-json\/wp\/v2\/product_brand?post=14575"},{"taxonomy":"product_cat","embeddable":true,"href":"https:\/\/jacekplacek.com.pl\/de\/wp-json\/wp\/v2\/product_cat?post=14575"},{"taxonomy":"product_tag","embeddable":true,"href":"https:\/\/jacekplacek.com.pl\/de\/wp-json\/wp\/v2\/product_tag?post=14575"}],"curies":[{"name":"wp","href":"https:\/\/api.w.org\/{rel}","templated":true}]}}