{"id":11963,"date":"2024-01-18T11:49:22","date_gmt":"2024-01-18T10:49:22","guid":{"rendered":"https:\/\/jacekplacek.com.pl\/?post_type=product&#038;p=11963"},"modified":"2025-11-18T18:31:05","modified_gmt":"2025-11-18T17:31:05","slug":"blaubeer-joghurt-muffins-12","status":"publish","type":"product","link":"https:\/\/jacekplacek.com.pl\/de\/speichern\/sahnetorten\/blaubeer-joghurt-muffins-12\/","title":{"rendered":"S\u00fc\u00dfes Paket Set \u2013 f\u00fcr Firmen"},"content":{"rendered":"<p><b>S\u00fc\u00dfes Paket<\/b><span style=\"font-weight: 400;\"> sind 24 ausgestochene Teigportionen in Muffinformen mit einem Durchschnittsgewicht von 1,90 kg (in einzelnen Pergamenth\u00fcllen). Das Set enth\u00e4lt 3 Kuchensorten, angerichtet auf einem speziellen Tablett in einer sch\u00fctzenden Kartonschachtel.<\/span><\/p>\n<p><span style=\"font-weight: 400;\">F\u00fcr unsere Sets w\u00e4hlen wir Torten aus, die bei Zimmertemperatur den ganzen Tag oder sogar einen ganzen Tag im K\u00fchlschrank haltbar sind. <\/span><b>5 Tage!<\/b><\/p>\n<div class=\"x1e56ztr\" data-block=\"true\" data-editor=\"9812b\" data-offset-key=\"atun-0-0\"><\/div>\n<div class=\"x1e56ztr\" data-block=\"true\" data-editor=\"9812b\" data-offset-key=\"clmd4-0-0\">\n<div class=\"_1mf _1mj\" data-offset-key=\"clmd4-0-0\"><span data-offset-key=\"clmd4-0-0\"> Dies ist eine ideale Option f\u00fcr Unternehmen und Arbeitspl\u00e4tze, an denen oft s\u00fc\u00dfe Leckereien f\u00fcr Mitarbeiter und G\u00e4ste organisiert werden. <\/span>Unser Set besteht aus fertig angeschnittenen Tortenst\u00fccken, die Du nur noch greifen und essen musst.<\/div>\n<\/div>\n<div class=\"x1e56ztr\" data-block=\"true\" data-editor=\"9812b\" data-offset-key=\"54kc3-0-0\">\n<div class=\"_1mf _1mj\" data-offset-key=\"54kc3-0-0\"><span data-offset-key=\"54kc3-0-0\">Jede Woche bieten wir eine andere Backwarensorte im Paket an \u2013<\/span><span data-offset-key=\"2709o-0-0\">Wir laden Sie ein, unser neues Angebot zu nutzen und uns unter ciast@jacekplacek.com.pl zu kontaktieren.<\/span><\/div>\n<\/div>","protected":false},"excerpt":{"rendered":"<p><span style=\"font-weight: 400;\"><b>S\u00fc\u00dfes Paket<\/b> das sind 24 Portionen Teig in Muffinformen - so viel wie <\/span><span style=\"font-weight: 400;\">3 verschiedene Geschmacksrichtungen \u2013 da ist f\u00fcr jeden etwas dabei!\u00a0<\/span><span style=\"font-weight: 400;\">Jede Woche andere Geschmacksrichtungen! Bestellen Sie noch heute ein Abonnement f\u00fcr Ihr Unternehmen \u2013 ciast@jacekplacek.com.pl.\u00a0<\/span><\/p>","protected":false},"featured_media":11969,"comment_status":"closed","ping_status":"closed","template":"","meta":{"content-type":""},"product_brand":[],"product_cat":[398],"product_tag":[805,804,444,803,446,445,449,801,802],"class_list":{"0":"post-11963","1":"product","2":"type-product","3":"status-publish","4":"has-post-thumbnail","6":"product_cat-ciasta-kremowe","7":"product_tag-abonament-ciast","8":"product_tag-ciasto-do-firm","9":"product_tag-cukiernia-jacek-placek","10":"product_tag-dla-firm","11":"product_tag-jacek-placek-gdansk","12":"product_tag-jacek-placek-gowino","13":"product_tag-jacek-placek-sopot","14":"product_tag-zestaw-ciast","15":"product_tag-zestaw-dla-firm","17":"entry","18":"has-media","20":"first","21":"instock","22":"shipping-taxable","23":"product-type-simple","24":"has-product-nav","25":"col","26":"span_1_of_4","27":"owp-content-center","28":"owp-thumbs-layout-horizontal","29":"owp-btn-normal","30":"owp-tabs-layout-horizontal"},"acf":[],"_links":{"self":[{"href":"https:\/\/jacekplacek.com.pl\/de\/wp-json\/wp\/v2\/product\/11963","targetHints":{"allow":["GET"]}}],"collection":[{"href":"https:\/\/jacekplacek.com.pl\/de\/wp-json\/wp\/v2\/product"}],"about":[{"href":"https:\/\/jacekplacek.com.pl\/de\/wp-json\/wp\/v2\/types\/product"}],"replies":[{"embeddable":true,"href":"https:\/\/jacekplacek.com.pl\/de\/wp-json\/wp\/v2\/comments?post=11963"}],"wp:featuredmedia":[{"embeddable":true,"href":"https:\/\/jacekplacek.com.pl\/de\/wp-json\/wp\/v2\/media\/11969"}],"wp:attachment":[{"href":"https:\/\/jacekplacek.com.pl\/de\/wp-json\/wp\/v2\/media?parent=11963"}],"wp:term":[{"taxonomy":"product_brand","embeddable":true,"href":"https:\/\/jacekplacek.com.pl\/de\/wp-json\/wp\/v2\/product_brand?post=11963"},{"taxonomy":"product_cat","embeddable":true,"href":"https:\/\/jacekplacek.com.pl\/de\/wp-json\/wp\/v2\/product_cat?post=11963"},{"taxonomy":"product_tag","embeddable":true,"href":"https:\/\/jacekplacek.com.pl\/de\/wp-json\/wp\/v2\/product_tag?post=11963"}],"curies":[{"name":"wp","href":"https:\/\/api.w.org\/{rel}","templated":true}]}}