{"id":11930,"date":"2024-01-16T09:16:23","date_gmt":"2024-01-16T08:16:23","guid":{"rendered":"https:\/\/jacekplacek.com.pl\/?post_type=product&#038;p=11930"},"modified":"2025-11-18T18:31:04","modified_gmt":"2025-11-18T17:31:04","slug":"blaubeer-joghurt-muffins-9","status":"publish","type":"product","link":"https:\/\/jacekplacek.com.pl\/de\/speichern\/kekse-und-kekse\/kunstkuchen\/blaubeer-joghurt-muffins-9\/","title":{"rendered":"Mini-Donut mit Himbeer- und Rosenf\u00fcllung"},"content":{"rendered":"<p>Je\u015bli masz ochot\u0119 na s\u0142odkie dwa k\u0119sy, zw\u0142aszcza &#8222;na wynos&#8221;, mini p\u0105czek z nadzieniem malinowo r\u00f3\u017canym jest do tego stworzony!<\/p>\n<p>Gewicht ca. 60g.<\/p>\n<p>&nbsp;<\/p>","protected":false},"excerpt":{"rendered":"<p>Mini p\u0105czek z nadzieniem malinowo r\u00f3\u017canym.<\/p>\n<p>Gewicht ca. 60g.<\/p>","protected":false},"featured_media":11937,"comment_status":"closed","ping_status":"closed","template":"","meta":{"content-type":""},"product_brand":[],"product_cat":[83],"product_tag":[444,446,445,449,791,797,457],"class_list":{"0":"post-11930","1":"product","2":"type-product","3":"status-publish","4":"has-post-thumbnail","6":"product_cat-ciastka-sztukowe","7":"product_tag-cukiernia-jacek-placek","8":"product_tag-jacek-placek-gdansk","9":"product_tag-jacek-placek-gowino","10":"product_tag-jacek-placek-sopot","11":"product_tag-paczek","12":"product_tag-paczek-z-nadzieniem-malinowym","13":"product_tag-tlusty-czwartek","15":"entry","16":"has-media","18":"first","19":"outofstock","20":"shipping-taxable","21":"product-type-simple","22":"has-product-nav","23":"col","24":"span_1_of_4","25":"owp-content-center","26":"owp-thumbs-layout-horizontal","27":"owp-btn-normal","28":"owp-tabs-layout-horizontal"},"acf":[],"_links":{"self":[{"href":"https:\/\/jacekplacek.com.pl\/de\/wp-json\/wp\/v2\/product\/11930","targetHints":{"allow":["GET"]}}],"collection":[{"href":"https:\/\/jacekplacek.com.pl\/de\/wp-json\/wp\/v2\/product"}],"about":[{"href":"https:\/\/jacekplacek.com.pl\/de\/wp-json\/wp\/v2\/types\/product"}],"replies":[{"embeddable":true,"href":"https:\/\/jacekplacek.com.pl\/de\/wp-json\/wp\/v2\/comments?post=11930"}],"wp:featuredmedia":[{"embeddable":true,"href":"https:\/\/jacekplacek.com.pl\/de\/wp-json\/wp\/v2\/media\/11937"}],"wp:attachment":[{"href":"https:\/\/jacekplacek.com.pl\/de\/wp-json\/wp\/v2\/media?parent=11930"}],"wp:term":[{"taxonomy":"product_brand","embeddable":true,"href":"https:\/\/jacekplacek.com.pl\/de\/wp-json\/wp\/v2\/product_brand?post=11930"},{"taxonomy":"product_cat","embeddable":true,"href":"https:\/\/jacekplacek.com.pl\/de\/wp-json\/wp\/v2\/product_cat?post=11930"},{"taxonomy":"product_tag","embeddable":true,"href":"https:\/\/jacekplacek.com.pl\/de\/wp-json\/wp\/v2\/product_tag?post=11930"}],"curies":[{"name":"wp","href":"https:\/\/api.w.org\/{rel}","templated":true}]}}