{"id":11455,"date":"2023-11-28T16:20:39","date_gmt":"2023-11-28T15:20:39","guid":{"rendered":"https:\/\/jacekplacek.com.pl\/?post_type=product&#038;p=11455"},"modified":"2025-11-18T18:31:02","modified_gmt":"2025-11-18T17:31:02","slug":"mini-espresso-baiser-3-stuck","status":"publish","type":"product","link":"https:\/\/jacekplacek.com.pl\/de\/speichern\/torty_i_desery\/mini-desserts-fur-cafes\/mini-espresso-baiser-3-stuck\/","title":{"rendered":"Espresso-Mini-Baiser-Kuchen, 3 St\u00fcck"},"content":{"rendered":"<p>Dessert nicht nur f\u00fcr elegante Tafeln \u2013 perfekt zum Feiern von Namenstagen, Geburtstagen oder anderen Feierlichkeiten zu Hause oder am Arbeitsplatz...<\/p>\n<p><strong>Kaffeesahne auf Basis von Kahula-Kaffeelik\u00f6r kombiniert mit Milchschokolade ist ein einzigartiger Geschmacksgenuss f\u00fcr Liebhaber von Kaffee mit Baiser, oder wie in diesem Fall \u2013 Baiser mit Kaffee. In der Mitte des Kuchens verbirgt sich eine leicht bittere und halbfl\u00fcssige Kakaomasse.<\/strong><\/p>\n<p>Wenn Sie Baiser-Desserts m\u00f6gen, f\u00fcgen Sie einfach eine Handvoll Trockenfr\u00fcchte, Obst oder eine Kugel Ihres Lieblingseises hinzu und schon ist es fertig!<\/p>\n<p>Produkt verf\u00fcgbar in\u00a0<strong>Sammelpackung 3 St\u00fcck (1 St\u00fcck ca. 150g).<\/strong><\/p>","protected":false},"excerpt":{"rendered":"<p><span style=\"font-weight: 400;\">Kaffeesahne auf Basis von Kahula-Kaffeelik\u00f6r kombiniert mit Milchschokolade ist ein einzigartiger Geschmacksgenuss f\u00fcr Kaffee-Baiser-Liebhaber.<\/span><\/p>\n<p>Produkt verf\u00fcgbar in\u00a0<strong>Sammelpackung 3 St\u00fcck (1 St\u00fcck ca. 150g).<\/strong><\/p>","protected":false},"featured_media":11458,"comment_status":"closed","ping_status":"closed","template":"","meta":{"content-type":""},"product_brand":[],"product_cat":[723],"product_tag":[444,442,446,445,291,450,447,448],"class_list":{"0":"post-11455","1":"product","2":"type-product","3":"status-publish","4":"has-post-thumbnail","6":"product_cat-mini-desery-do-kawiarni","7":"product_tag-cukiernia-jacek-placek","8":"product_tag-deser-jednoporcjowy","9":"product_tag-jacek-placek-gdansk","10":"product_tag-jacek-placek-gowino","11":"product_tag-tort-malinowy","12":"product_tag-tort-mini","13":"product_tag-tort-red-velvet","14":"product_tag-tort-z-mascarpone","16":"entry","17":"has-media","19":"first","20":"instock","21":"shipping-taxable","22":"product-type-simple","23":"has-product-nav","24":"col","25":"span_1_of_4","26":"owp-content-center","27":"owp-thumbs-layout-horizontal","28":"owp-btn-normal","29":"owp-tabs-layout-horizontal"},"acf":[],"_links":{"self":[{"href":"https:\/\/jacekplacek.com.pl\/de\/wp-json\/wp\/v2\/product\/11455","targetHints":{"allow":["GET"]}}],"collection":[{"href":"https:\/\/jacekplacek.com.pl\/de\/wp-json\/wp\/v2\/product"}],"about":[{"href":"https:\/\/jacekplacek.com.pl\/de\/wp-json\/wp\/v2\/types\/product"}],"replies":[{"embeddable":true,"href":"https:\/\/jacekplacek.com.pl\/de\/wp-json\/wp\/v2\/comments?post=11455"}],"wp:featuredmedia":[{"embeddable":true,"href":"https:\/\/jacekplacek.com.pl\/de\/wp-json\/wp\/v2\/media\/11458"}],"wp:attachment":[{"href":"https:\/\/jacekplacek.com.pl\/de\/wp-json\/wp\/v2\/media?parent=11455"}],"wp:term":[{"taxonomy":"product_brand","embeddable":true,"href":"https:\/\/jacekplacek.com.pl\/de\/wp-json\/wp\/v2\/product_brand?post=11455"},{"taxonomy":"product_cat","embeddable":true,"href":"https:\/\/jacekplacek.com.pl\/de\/wp-json\/wp\/v2\/product_cat?post=11455"},{"taxonomy":"product_tag","embeddable":true,"href":"https:\/\/jacekplacek.com.pl\/de\/wp-json\/wp\/v2\/product_tag?post=11455"}],"curies":[{"name":"wp","href":"https:\/\/api.w.org\/{rel}","templated":true}]}}