{"id":11219,"date":"2023-11-09T16:12:40","date_gmt":"2023-11-09T15:12:40","guid":{"rendered":"https:\/\/jacekplacek.com.pl\/?post_type=product&#038;p=11219"},"modified":"2025-11-18T18:31:01","modified_gmt":"2025-11-18T17:31:01","slug":"mini-tiramisu-3-teilig-11","status":"publish","type":"product","link":"https:\/\/jacekplacek.com.pl\/de\/speichern\/torty_i_desery\/monoporcje-na-catering\/mini-tiramisu-3-teilig-11\/","title":{"rendered":"Nanokuchen Royal Chocolate 6 St\u00fcck"},"content":{"rendered":"<p><b>Royal Chocolate Nano Cake ist ein wahrer Genuss f\u00fcr Schokoladenliebhaber.<\/b><\/p>\n<p><span style=\"font-weight: 400;\">Diese erstaunliche Schokoladenmousse erh\u00e4lt durch einen Hauch von Bisonk\u00e4se einen au\u00dfergew\u00f6hnlichen Geschmack, der ihr Charakter und eine einzigartige Geschmackstiefe verleiht. Dar\u00fcber hinaus befinden sich zwischen den Schichten dieses einzigartigen Kuchens knusprige Bl\u00e4tterteig, die ihm eine einzigartige Textur verleihen.<\/span><\/p>\n<p><span style=\"font-weight: 400;\">Aber das ist noch nicht das Ende der \u00dcberraschungen! Unsere Mousse ist mit zarter Heidelbeer- und Johannisbeermarmelade \u00fcberzogen, die f\u00fcr etwas Frische und fruchtigen Charme sorgt. <\/span><b>Dies ist ein Kuchen, der mit jedem Bissen eine Harmonie aus S\u00fc\u00dfe und ausdrucksstarkem Geschmack bietet. Kommen Sie in unsere Konditorei und g\u00f6nnen Sie sich einen genussvollen Moment in Gesellschaft eines Royal Chocolate Nanokuchens!<\/b><\/p>\n<p>Dessert nicht nur f\u00fcr elegante Tafeln \u2013 perfekt zum Feiern von Namenstagen, Geburtstagen oder anderen Feierlichkeiten zu Hause oder am Arbeitsplatz...<\/p>\n<p>Produkt verf\u00fcgbar in\u00a0<strong>6 St\u00fcck in einer Sammelverpackung (6 St\u00fcck ca. 360g).<\/strong><\/p>","protected":false},"excerpt":{"rendered":"<p><span style=\"font-weight: 400;\">Dies ist ein Kuchen, der bei jedem Bissen eine Harmonie aus S\u00fc\u00dfe und unverwechselbarem Geschmack bietet. Kommen Sie in unsere Konditorei und lassen Sie sich mit einem Royal Chocolate-Kuchen verw\u00f6hnen!<\/span><\/p>\n<p>Produkt verf\u00fcgbar in\u00a0<strong>6 St\u00fcck in einer Sammelverpackung (6 St\u00fcck ca. 360g).<\/strong><\/p>","protected":false},"featured_media":11465,"comment_status":"closed","ping_status":"closed","template":"","meta":{"content-type":""},"product_brand":[],"product_cat":[693],"product_tag":[444,442,446,445,176,291,450,771],"class_list":{"0":"post-11219","1":"product","2":"type-product","3":"status-publish","4":"has-post-thumbnail","6":"product_cat-monoporcje-na-catering","7":"product_tag-cukiernia-jacek-placek","8":"product_tag-deser-jednoporcjowy","9":"product_tag-jacek-placek-gdansk","10":"product_tag-jacek-placek-gowino","11":"product_tag-tort-czekoladowy","12":"product_tag-tort-malinowy","13":"product_tag-tort-mini","14":"product_tag-tort-royal-chocolate","16":"entry","17":"has-media","19":"first","20":"instock","21":"shipping-taxable","22":"product-type-simple","23":"has-product-nav","24":"col","25":"span_1_of_4","26":"owp-content-center","27":"owp-thumbs-layout-horizontal","28":"owp-btn-normal","29":"owp-tabs-layout-horizontal"},"acf":[],"_links":{"self":[{"href":"https:\/\/jacekplacek.com.pl\/de\/wp-json\/wp\/v2\/product\/11219","targetHints":{"allow":["GET"]}}],"collection":[{"href":"https:\/\/jacekplacek.com.pl\/de\/wp-json\/wp\/v2\/product"}],"about":[{"href":"https:\/\/jacekplacek.com.pl\/de\/wp-json\/wp\/v2\/types\/product"}],"replies":[{"embeddable":true,"href":"https:\/\/jacekplacek.com.pl\/de\/wp-json\/wp\/v2\/comments?post=11219"}],"wp:featuredmedia":[{"embeddable":true,"href":"https:\/\/jacekplacek.com.pl\/de\/wp-json\/wp\/v2\/media\/11465"}],"wp:attachment":[{"href":"https:\/\/jacekplacek.com.pl\/de\/wp-json\/wp\/v2\/media?parent=11219"}],"wp:term":[{"taxonomy":"product_brand","embeddable":true,"href":"https:\/\/jacekplacek.com.pl\/de\/wp-json\/wp\/v2\/product_brand?post=11219"},{"taxonomy":"product_cat","embeddable":true,"href":"https:\/\/jacekplacek.com.pl\/de\/wp-json\/wp\/v2\/product_cat?post=11219"},{"taxonomy":"product_tag","embeddable":true,"href":"https:\/\/jacekplacek.com.pl\/de\/wp-json\/wp\/v2\/product_tag?post=11219"}],"curies":[{"name":"wp","href":"https:\/\/api.w.org\/{rel}","templated":true}]}}