{"id":11216,"date":"2023-11-09T16:12:15","date_gmt":"2023-11-09T15:12:15","guid":{"rendered":"https:\/\/jacekplacek.com.pl\/?post_type=product&#038;p=11216"},"modified":"2025-11-18T18:30:59","modified_gmt":"2025-11-18T17:30:59","slug":"mini-oreo-kuchen-3-teilig-2","status":"publish","type":"product","link":"https:\/\/jacekplacek.com.pl\/de\/speichern\/torty_i_desery\/monoporcje-na-catering\/mini-oreo-kuchen-3-teilig-2\/","title":{"rendered":"Nano-Oreo-Kuchen 6 St\u00fcck"},"content":{"rendered":"<p><b>Unser Nano-Oreo-Kuchen ist eine Geschmacksreise in das Land der Milchschokolade.<\/b><\/p>\n<p><span style=\"font-weight: 400;\">Es ist eine Kombination aus dem intensiven Geschmack von Milchschokolade mit knusprigen Keksst\u00fcckchen, die Ihren Gaumen erfreuen wird.\u00a0<\/span><\/p>\n<p><b>Dies ist die perfekte Wahl f\u00fcr Liebhaber von Klassikern und diejenigen, die neue Geschmackserlebnisse w\u00fcnschen. G\u00f6nnen Sie sich himmlischen Genuss in Form eines Nano-Oreo-Kuchens!<\/b><\/p>\n<p>Dessert nicht nur f\u00fcr elegante Tafeln \u2013 perfekt zum Feiern von Namenstagen, Geburtstagen oder anderen Feierlichkeiten zu Hause oder am Arbeitsplatz...<\/p>\n<p>Produkt verf\u00fcgbar in\u00a0<strong>6 St\u00fcck in einer Sammelverpackung (6 St\u00fcck ca. 360g).<\/strong><\/p>","protected":false},"excerpt":{"rendered":"<p>Eine ideale Wahl f\u00fcr Liebhaber von Klassikern und diejenigen, die neue Geschmackserlebnisse w\u00fcnschen. G\u00f6nnen Sie sich himmlischen Genuss in Form von Oreo-Kuchen!<\/p>\n<p>Produkt verf\u00fcgbar in\u00a0<strong>6 St\u00fcck in einer Sammelverpackung (6 St\u00fcck ca. 360g).<\/strong><\/p>","protected":false},"featured_media":11358,"comment_status":"closed","ping_status":"closed","template":"","meta":{"content-type":""},"product_brand":[],"product_cat":[693],"product_tag":[444,442,446,445,291,450,447,448],"class_list":{"0":"post-11216","1":"product","2":"type-product","3":"status-publish","4":"has-post-thumbnail","6":"product_cat-monoporcje-na-catering","7":"product_tag-cukiernia-jacek-placek","8":"product_tag-deser-jednoporcjowy","9":"product_tag-jacek-placek-gdansk","10":"product_tag-jacek-placek-gowino","11":"product_tag-tort-malinowy","12":"product_tag-tort-mini","13":"product_tag-tort-red-velvet","14":"product_tag-tort-z-mascarpone","16":"entry","17":"has-media","19":"first","20":"instock","21":"shipping-taxable","22":"product-type-simple","23":"has-product-nav","24":"col","25":"span_1_of_4","26":"owp-content-center","27":"owp-thumbs-layout-horizontal","28":"owp-btn-normal","29":"owp-tabs-layout-horizontal"},"acf":[],"_links":{"self":[{"href":"https:\/\/jacekplacek.com.pl\/de\/wp-json\/wp\/v2\/product\/11216","targetHints":{"allow":["GET"]}}],"collection":[{"href":"https:\/\/jacekplacek.com.pl\/de\/wp-json\/wp\/v2\/product"}],"about":[{"href":"https:\/\/jacekplacek.com.pl\/de\/wp-json\/wp\/v2\/types\/product"}],"replies":[{"embeddable":true,"href":"https:\/\/jacekplacek.com.pl\/de\/wp-json\/wp\/v2\/comments?post=11216"}],"wp:featuredmedia":[{"embeddable":true,"href":"https:\/\/jacekplacek.com.pl\/de\/wp-json\/wp\/v2\/media\/11358"}],"wp:attachment":[{"href":"https:\/\/jacekplacek.com.pl\/de\/wp-json\/wp\/v2\/media?parent=11216"}],"wp:term":[{"taxonomy":"product_brand","embeddable":true,"href":"https:\/\/jacekplacek.com.pl\/de\/wp-json\/wp\/v2\/product_brand?post=11216"},{"taxonomy":"product_cat","embeddable":true,"href":"https:\/\/jacekplacek.com.pl\/de\/wp-json\/wp\/v2\/product_cat?post=11216"},{"taxonomy":"product_tag","embeddable":true,"href":"https:\/\/jacekplacek.com.pl\/de\/wp-json\/wp\/v2\/product_tag?post=11216"}],"curies":[{"name":"wp","href":"https:\/\/api.w.org\/{rel}","templated":true}]}}