{"id":11215,"date":"2023-11-09T16:12:10","date_gmt":"2023-11-09T15:12:10","guid":{"rendered":"https:\/\/jacekplacek.com.pl\/?post_type=product&#038;p=11215"},"modified":"2025-11-18T18:30:59","modified_gmt":"2025-11-18T17:30:59","slug":"mini-tiramisu-3-teilig-8","status":"publish","type":"product","link":"https:\/\/jacekplacek.com.pl\/de\/speichern\/torty_i_desery\/monoporcje-na-catering\/mini-tiramisu-3-teilig-8\/","title":{"rendered":"Nanokuchen mit wei\u00dfer Schokolade und Himbeeren, 6 St\u00fcck"},"content":{"rendered":"<p><b>Ein Genuss f\u00fcr die Sinne \u2013 unser Nano-Kuchen mit wei\u00dfer Schokolade und Himbeeren!<\/b><\/p>\n<p><span style=\"font-weight: 400;\">Dies ist eine zarte Crememousse, die cremige wei\u00dfe Schokolade mit saftigen Himbeeren kombiniert. Dies ist eine Geschmackskombination, die sowohl S\u00fc\u00dfigkeiten- als auch Fruchtliebhaber begeistert. Wir laden Sie herzlich ein, den Geschmack von Nano Cake mit wei\u00dfer Schokolade und Himbeeren zu genie\u00dfen.<\/span><\/p>\n<p><span style=\"font-weight: 400;\">Wir empfehlen Ihnen, gemeinsam mit dem Auserw\u00e4hlten eine Torte in Form eines Geschenks zu bestellen <\/span><b>Gru\u00dfkarte<\/b><span style=\"font-weight: 400;\"> und passend <\/span><b>Kerzen<\/b><span style=\"font-weight: 400;\">.<\/span><\/p>\n<p>Dessert nicht nur f\u00fcr elegante Tafeln \u2013 perfekt zum Feiern von Namenstagen, Geburtstagen oder anderen Feierlichkeiten zu Hause oder am Arbeitsplatz...<\/p>\n<p>Produkt verf\u00fcgbar in\u00a0<strong>6 St\u00fcck in einer Sammelverpackung (6 St\u00fcck ca. 360g).<\/strong><\/p>","protected":false},"excerpt":{"rendered":"<p><span style=\"font-weight: 400;\">Eine zarte Crememousse, die cremige wei\u00dfe Schokolade mit saftigen Himbeeren vereint \u2013 eine Geschmackskombination, die Sie begeistern wird! <\/span><\/p>\n<p>Produkt verf\u00fcgbar in\u00a0<strong>6 St\u00fcck in einer Sammelverpackung (6 St\u00fcck ca. 360g).<\/strong><\/p>","protected":false},"featured_media":11477,"comment_status":"closed","ping_status":"closed","template":"","meta":{"content-type":""},"product_brand":[],"product_cat":[693],"product_tag":[444,763,442,446,445,736,291,450,735,762,738,759],"class_list":{"0":"post-11215","1":"product","2":"type-product","3":"status-publish","4":"has-post-thumbnail","6":"product_cat-monoporcje-na-catering","7":"product_tag-cukiernia-jacek-placek","8":"product_tag-deser-biala-czekolada","9":"product_tag-deser-jednoporcjowy","10":"product_tag-jacek-placek-gdansk","11":"product_tag-jacek-placek-gowino","12":"product_tag-tort-biala-czekolada","13":"product_tag-tort-malinowy","14":"product_tag-tort-mini","15":"product_tag-tort-owocowy","16":"product_tag-tort-z-biala-czekolada","17":"product_tag-tort-z-malinami","18":"product_tag-tort-z-owocami","20":"entry","21":"has-media","23":"first","24":"instock","25":"shipping-taxable","26":"product-type-simple","27":"has-product-nav","28":"col","29":"span_1_of_4","30":"owp-content-center","31":"owp-thumbs-layout-horizontal","32":"owp-btn-normal","33":"owp-tabs-layout-horizontal"},"acf":[],"_links":{"self":[{"href":"https:\/\/jacekplacek.com.pl\/de\/wp-json\/wp\/v2\/product\/11215","targetHints":{"allow":["GET"]}}],"collection":[{"href":"https:\/\/jacekplacek.com.pl\/de\/wp-json\/wp\/v2\/product"}],"about":[{"href":"https:\/\/jacekplacek.com.pl\/de\/wp-json\/wp\/v2\/types\/product"}],"replies":[{"embeddable":true,"href":"https:\/\/jacekplacek.com.pl\/de\/wp-json\/wp\/v2\/comments?post=11215"}],"wp:featuredmedia":[{"embeddable":true,"href":"https:\/\/jacekplacek.com.pl\/de\/wp-json\/wp\/v2\/media\/11477"}],"wp:attachment":[{"href":"https:\/\/jacekplacek.com.pl\/de\/wp-json\/wp\/v2\/media?parent=11215"}],"wp:term":[{"taxonomy":"product_brand","embeddable":true,"href":"https:\/\/jacekplacek.com.pl\/de\/wp-json\/wp\/v2\/product_brand?post=11215"},{"taxonomy":"product_cat","embeddable":true,"href":"https:\/\/jacekplacek.com.pl\/de\/wp-json\/wp\/v2\/product_cat?post=11215"},{"taxonomy":"product_tag","embeddable":true,"href":"https:\/\/jacekplacek.com.pl\/de\/wp-json\/wp\/v2\/product_tag?post=11215"}],"curies":[{"name":"wp","href":"https:\/\/api.w.org\/{rel}","templated":true}]}}