{"id":11214,"date":"2023-11-09T16:12:06","date_gmt":"2023-11-09T15:12:06","guid":{"rendered":"https:\/\/jacekplacek.com.pl\/?post_type=product&#038;p=11214"},"modified":"2025-11-18T18:30:59","modified_gmt":"2025-11-18T17:30:59","slug":"mini-tiramisu-3-teilig-7","status":"publish","type":"product","link":"https:\/\/jacekplacek.com.pl\/de\/speichern\/torty_i_desery\/monoporcje-na-catering\/mini-tiramisu-3-teilig-7\/","title":{"rendered":"Nano-gesalzener Karamellkuchen, 6 St\u00fcck"},"content":{"rendered":"<p><b>Wir pr\u00e4sentieren den nano Salted Caramel Cake, der eine einzigartige Crememousse mit zartem gesalzenem Karamell kombiniert.<\/b><span style=\"font-weight: 400;\"> Es ist eine Geschmackskombination, die einen ungew\u00f6hnlichen und \u00fcberraschenden Kontrast schafft. Die Innenseite der Torte ist mit knackigen Karamell-Erdn\u00fcssen dekoriert und die franz\u00f6sische \u201eDulce de Leche\u201c-Dekoration sowie Karamell-Popcorn sind ein einzigartiger Abschluss dieser k\u00f6stlichen Torte. Es ist ein s\u00fc\u00dfes und salziges Paradies f\u00fcr Feinschmecker.<\/span><\/p>\n<p><b>Genie\u00dfen Sie mit uns den Geschmack von nano Salted Caramel Cake!<\/b><\/p>\n<p>Dessert nicht nur f\u00fcr elegante Tafeln \u2013 perfekt zum Feiern von Namenstagen, Geburtstagen oder anderen Feierlichkeiten zu Hause oder am Arbeitsplatz...<\/p>\n<p>Produkt verf\u00fcgbar in\u00a0<strong>6 St\u00fcck in einer Sammelverpackung (6 St\u00fcck ca. 360g).<\/strong><\/p>","protected":false},"excerpt":{"rendered":"<p><span style=\"font-weight: 400;\">Eine k\u00f6stliche Kombination aus Sahnemousse und gesalzenem Karamell. Eine Schicht N\u00fcsse in Karamell verleiht dem Kuchen Charakter. Die franz\u00f6sische \u201eDulche de Leche\u201c-Dekoration und Karamell-Popcorn runden diesen k\u00f6stlichen Kuchen perfekt ab.<\/span><\/p>\n<p>Produkt verf\u00fcgbar in\u00a0<strong>6 St\u00fcck in einer Sammelverpackung (6 St\u00fcck ca. 360g).<\/strong><\/p>","protected":false},"featured_media":11351,"comment_status":"closed","ping_status":"closed","template":"","meta":{"content-type":""},"product_brand":[],"product_cat":[693],"product_tag":[444,442,446,445,764,450,760],"class_list":{"0":"post-11214","1":"product","2":"type-product","3":"status-publish","4":"has-post-thumbnail","6":"product_cat-monoporcje-na-catering","7":"product_tag-cukiernia-jacek-placek","8":"product_tag-deser-jednoporcjowy","9":"product_tag-jacek-placek-gdansk","10":"product_tag-jacek-placek-gowino","11":"product_tag-slony-karmel","12":"product_tag-tort-mini","13":"product_tag-tort-slony-karmel","15":"entry","16":"has-media","18":"first","19":"instock","20":"shipping-taxable","21":"product-type-simple","22":"has-product-nav","23":"col","24":"span_1_of_4","25":"owp-content-center","26":"owp-thumbs-layout-horizontal","27":"owp-btn-normal","28":"owp-tabs-layout-horizontal"},"acf":[],"_links":{"self":[{"href":"https:\/\/jacekplacek.com.pl\/de\/wp-json\/wp\/v2\/product\/11214","targetHints":{"allow":["GET"]}}],"collection":[{"href":"https:\/\/jacekplacek.com.pl\/de\/wp-json\/wp\/v2\/product"}],"about":[{"href":"https:\/\/jacekplacek.com.pl\/de\/wp-json\/wp\/v2\/types\/product"}],"replies":[{"embeddable":true,"href":"https:\/\/jacekplacek.com.pl\/de\/wp-json\/wp\/v2\/comments?post=11214"}],"wp:featuredmedia":[{"embeddable":true,"href":"https:\/\/jacekplacek.com.pl\/de\/wp-json\/wp\/v2\/media\/11351"}],"wp:attachment":[{"href":"https:\/\/jacekplacek.com.pl\/de\/wp-json\/wp\/v2\/media?parent=11214"}],"wp:term":[{"taxonomy":"product_brand","embeddable":true,"href":"https:\/\/jacekplacek.com.pl\/de\/wp-json\/wp\/v2\/product_brand?post=11214"},{"taxonomy":"product_cat","embeddable":true,"href":"https:\/\/jacekplacek.com.pl\/de\/wp-json\/wp\/v2\/product_cat?post=11214"},{"taxonomy":"product_tag","embeddable":true,"href":"https:\/\/jacekplacek.com.pl\/de\/wp-json\/wp\/v2\/product_tag?post=11214"}],"curies":[{"name":"wp","href":"https:\/\/api.w.org\/{rel}","templated":true}]}}