{"id":11066,"date":"2023-10-26T14:02:41","date_gmt":"2023-10-26T12:02:41","guid":{"rendered":"https:\/\/jacekplacek.com.pl\/?post_type=product&#038;p=11066"},"modified":"2025-11-18T18:31:00","modified_gmt":"2025-11-18T17:31:00","slug":"konigskuchen-2","status":"publish","type":"product","link":"https:\/\/jacekplacek.com.pl\/de\/speichern\/torty_i_desery\/kuchen-2\/konigskuchen-2\/","title":{"rendered":"k\u00f6niglicher Kuchen"},"content":{"rendered":"<p><strong>Wir pr\u00e4sentieren den K\u00f6nigskuchen \u2013 eine einzigartige Geschmackskombination, die den Gaumen erfreut. <\/strong><\/p>\n<p><span style=\"font-weight: 400;\">Unser Rezept basiert auf dem intensiven Geschmack von Schokoladenkuchen mit der Zugabe von N\u00fcssen, die ihm einen einzigartigen Charakter verleihen. Der Kuchen ist mit Schokoladencreme belegt, mit Pflaumenmarmelade und Zitronenbuttercreme gef\u00fcllt, was ihm Leichtigkeit und Frische verleiht. F\u00fcr noch mehr Geschmacks\u00fcberraschungen bereichern wir unseren Kuchen mit knusprigem Halva.\u00a0<\/span><\/p>\n<p><strong>Es ist eine s\u00fc\u00dfe Erfahrung und verdient die Bezeichnung k\u00f6niglich. Kommen Sie und sehen Sie, warum der K\u00f6nigskuchen unser unbestrittener Hit ist!<\/strong><\/p>\n<p><span style=\"font-weight: 400;\">Wir empfehlen Ihnen, gemeinsam mit dem Auserw\u00e4hlten eine Torte in Form eines Geschenks zu bestellen <\/span><b>Gru\u00dfkarte<\/b><span style=\"font-weight: 400;\"> und passend <\/span><b>Kerzen<\/b><span style=\"font-weight: 400;\">.<\/span><\/p>","protected":false},"excerpt":{"rendered":"<p><span data-sheets-root=\"1\">Ein aromatischer Schokoladenkuchen mit Pflaumenmarmelade, Zitronen- und Schokoladencreme und Halva-St\u00fccken.<\/span><\/p>","protected":false},"featured_media":10969,"comment_status":"closed","ping_status":"closed","template":"","meta":{"content-type":""},"product_brand":[],"product_cat":[123],"product_tag":[747,166,176,309,730,733,731,746,732,734],"class_list":{"0":"post-11066","1":"product","2":"type-product","3":"status-publish","4":"has-post-thumbnail","6":"product_cat-torty","7":"product_tag-luksusowy-tort","8":"product_tag-tort","9":"product_tag-tort-czekoladowy","10":"product_tag-tort-krolewski","11":"product_tag-tort-na-urodziny","12":"product_tag-tort-naturalny","13":"product_tag-tort-urodzinowy","14":"product_tag-tort-z-czekolada-jadalne-zloto","15":"product_tag-torty-naturalne","16":"product_tag-zdrowy-sklad","18":"entry","19":"has-media","21":"first","22":"instock","23":"shipping-taxable","24":"product-type-variable","25":"has-default-attributes","26":"has-product-nav","27":"col","28":"span_1_of_4","29":"owp-content-center","30":"owp-thumbs-layout-horizontal","31":"owp-btn-normal","32":"owp-tabs-layout-horizontal"},"acf":[],"_links":{"self":[{"href":"https:\/\/jacekplacek.com.pl\/de\/wp-json\/wp\/v2\/product\/11066","targetHints":{"allow":["GET"]}}],"collection":[{"href":"https:\/\/jacekplacek.com.pl\/de\/wp-json\/wp\/v2\/product"}],"about":[{"href":"https:\/\/jacekplacek.com.pl\/de\/wp-json\/wp\/v2\/types\/product"}],"replies":[{"embeddable":true,"href":"https:\/\/jacekplacek.com.pl\/de\/wp-json\/wp\/v2\/comments?post=11066"}],"wp:featuredmedia":[{"embeddable":true,"href":"https:\/\/jacekplacek.com.pl\/de\/wp-json\/wp\/v2\/media\/10969"}],"wp:attachment":[{"href":"https:\/\/jacekplacek.com.pl\/de\/wp-json\/wp\/v2\/media?parent=11066"}],"wp:term":[{"taxonomy":"product_brand","embeddable":true,"href":"https:\/\/jacekplacek.com.pl\/de\/wp-json\/wp\/v2\/product_brand?post=11066"},{"taxonomy":"product_cat","embeddable":true,"href":"https:\/\/jacekplacek.com.pl\/de\/wp-json\/wp\/v2\/product_cat?post=11066"},{"taxonomy":"product_tag","embeddable":true,"href":"https:\/\/jacekplacek.com.pl\/de\/wp-json\/wp\/v2\/product_tag?post=11066"}],"curies":[{"name":"wp","href":"https:\/\/api.w.org\/{rel}","templated":true}]}}