{"id":11059,"date":"2023-10-26T14:02:34","date_gmt":"2023-10-26T12:02:34","guid":{"rendered":"https:\/\/jacekplacek.com.pl\/?post_type=product&#038;p=11059"},"modified":"2025-11-18T18:31:00","modified_gmt":"2025-11-18T17:31:00","slug":"kuchen-mit-weiser-schokolade-und-himbeeren","status":"publish","type":"product","link":"https:\/\/jacekplacek.com.pl\/de\/speichern\/torty_i_desery\/kuchen-2\/kuchen-mit-weiser-schokolade-und-himbeeren\/","title":{"rendered":"Kuchen mit wei\u00dfer Schokolade und Himbeeren"},"content":{"rendered":"<p><strong>Ein Genuss f\u00fcr die Sinne \u2013 unser Kuchen mit wei\u00dfer Schokolade und Himbeeren! <\/strong><\/p>\n<p><span style=\"font-weight: 400;\">Dies ist eine zarte Crememousse, die cremige wei\u00dfe Schokolade mit saftigen Himbeeren kombiniert. Dies ist eine Geschmackskombination, die sowohl S\u00fc\u00dfigkeiten- als auch Fruchtliebhaber begeistert. Wir laden Sie herzlich ein, den Geschmack von Kuchen mit wei\u00dfer Schokolade und Himbeeren zu genie\u00dfen.<\/span><\/p>\n<p><span style=\"font-weight: 400;\">Wir empfehlen Ihnen, gemeinsam mit dem Auserw\u00e4hlten eine Torte in Form eines Geschenks zu bestellen <\/span><b>Gru\u00dfkarte<\/b><span style=\"font-weight: 400;\"> und passend <\/span><b>Kerzen<\/b><span style=\"font-weight: 400;\">.<\/span><\/p>","protected":false},"excerpt":{"rendered":"<p><span data-sheets-root=\"1\">Leichte Biskuitkuchen, getr\u00e4nkt in zartem Punsch, geschichtet mit Sahne mit wei\u00dfer Schokolade und Himbeeren.<\/span><\/p>","protected":false},"featured_media":10961,"comment_status":"closed","ping_status":"closed","template":"","meta":{"content-type":""},"product_brand":[],"product_cat":[123],"product_tag":[739,166,736,291,730,733,735,731,737,738,732,734],"class_list":{"0":"post-11059","1":"product","2":"type-product","3":"status-publish","4":"has-post-thumbnail","6":"product_cat-torty","7":"product_tag-biala-czekolada-z-malinami","8":"product_tag-tort","9":"product_tag-tort-biala-czekolada","10":"product_tag-tort-malinowy","11":"product_tag-tort-na-urodziny","12":"product_tag-tort-naturalny","13":"product_tag-tort-owocowy","14":"product_tag-tort-urodzinowy","15":"product_tag-tort-z-bialej-czekolady","16":"product_tag-tort-z-malinami","17":"product_tag-torty-naturalne","18":"product_tag-zdrowy-sklad","20":"entry","21":"has-media","23":"first","24":"instock","25":"shipping-taxable","26":"product-type-variable","27":"has-product-nav","28":"col","29":"span_1_of_4","30":"owp-content-center","31":"owp-thumbs-layout-horizontal","32":"owp-btn-normal","33":"owp-tabs-layout-horizontal"},"acf":[],"_links":{"self":[{"href":"https:\/\/jacekplacek.com.pl\/de\/wp-json\/wp\/v2\/product\/11059","targetHints":{"allow":["GET"]}}],"collection":[{"href":"https:\/\/jacekplacek.com.pl\/de\/wp-json\/wp\/v2\/product"}],"about":[{"href":"https:\/\/jacekplacek.com.pl\/de\/wp-json\/wp\/v2\/types\/product"}],"replies":[{"embeddable":true,"href":"https:\/\/jacekplacek.com.pl\/de\/wp-json\/wp\/v2\/comments?post=11059"}],"wp:featuredmedia":[{"embeddable":true,"href":"https:\/\/jacekplacek.com.pl\/de\/wp-json\/wp\/v2\/media\/10961"}],"wp:attachment":[{"href":"https:\/\/jacekplacek.com.pl\/de\/wp-json\/wp\/v2\/media?parent=11059"}],"wp:term":[{"taxonomy":"product_brand","embeddable":true,"href":"https:\/\/jacekplacek.com.pl\/de\/wp-json\/wp\/v2\/product_brand?post=11059"},{"taxonomy":"product_cat","embeddable":true,"href":"https:\/\/jacekplacek.com.pl\/de\/wp-json\/wp\/v2\/product_cat?post=11059"},{"taxonomy":"product_tag","embeddable":true,"href":"https:\/\/jacekplacek.com.pl\/de\/wp-json\/wp\/v2\/product_tag?post=11059"}],"curies":[{"name":"wp","href":"https:\/\/api.w.org\/{rel}","templated":true}]}}