{"id":11044,"date":"2023-10-26T14:02:26","date_gmt":"2023-10-26T12:02:26","guid":{"rendered":"https:\/\/jacekplacek.com.pl\/?post_type=product&#038;p=11044"},"modified":"2025-11-18T18:30:59","modified_gmt":"2025-11-18T17:30:59","slug":"koniglicher-schokoladenkuchen","status":"publish","type":"product","link":"https:\/\/jacekplacek.com.pl\/de\/speichern\/torty_i_desery\/kuchen-2\/koniglicher-schokoladenkuchen\/","title":{"rendered":"K\u00f6niglicher Schokoladenkuchen"},"content":{"rendered":"<p><strong>Der Royal Chocolate Kuchen ist ein wahrer Genuss f\u00fcr Schokoladenliebhaber. <\/strong><\/p>\n<p><span style=\"font-weight: 400;\">Diese erstaunliche Schokoladenmousse erh\u00e4lt durch einen Hauch von Bisonk\u00e4se einen au\u00dfergew\u00f6hnlichen Geschmack, der ihr Charakter und eine einzigartige Geschmackstiefe verleiht. Dar\u00fcber hinaus befinden sich zwischen den Schichten dieses einzigartigen Kuchens knusprige Bl\u00e4tterteig, die ihm eine einzigartige Textur verleihen. <\/span><\/p>\n<p><span style=\"font-weight: 400;\">Aber das ist noch nicht das Ende der \u00dcberraschungen! Unsere Mousse ist mit zarter Heidelbeer- und Johannisbeermarmelade \u00fcberzogen, die f\u00fcr etwas Frische und fruchtigen Charme sorgt. <strong>Dies ist ein Kuchen, der bei jedem Bissen eine Harmonie aus S\u00fc\u00dfe und unverwechselbarem Geschmack bietet. Kommen Sie in unsere Konditorei und lassen Sie sich mit dem Royal Chocolate Cake verw\u00f6hnen!<\/strong><\/span><\/p>\n<p><span style=\"font-weight: 400;\">Wir empfehlen Ihnen, gemeinsam mit dem Auserw\u00e4hlten eine Torte in Form eines Geschenks zu bestellen <\/span><b>Gru\u00dfkarte<\/b><span style=\"font-weight: 400;\"> und passend <\/span><b>Kerzen<\/b><span style=\"font-weight: 400;\">.<\/span><\/p>","protected":false},"excerpt":{"rendered":"<p><span style=\"font-weight: 400;\">Dies ist ein Kuchen, der bei jedem Bissen eine Harmonie aus S\u00fc\u00dfe und unverwechselbarem Geschmack bietet. Kommen Sie in unsere Konditorei und lassen Sie sich mit dem Royal Chocolate Cake verw\u00f6hnen!<\/span><\/p>","protected":false},"featured_media":10975,"comment_status":"closed","ping_status":"closed","template":"","meta":{"content-type":""},"product_brand":[],"product_cat":[123],"product_tag":[747,166,176,730,733,731,746,732,734],"class_list":{"0":"post-11044","1":"product","2":"type-product","3":"status-publish","4":"has-post-thumbnail","6":"product_cat-torty","7":"product_tag-luksusowy-tort","8":"product_tag-tort","9":"product_tag-tort-czekoladowy","10":"product_tag-tort-na-urodziny","11":"product_tag-tort-naturalny","12":"product_tag-tort-urodzinowy","13":"product_tag-tort-z-czekolada-jadalne-zloto","14":"product_tag-torty-naturalne","15":"product_tag-zdrowy-sklad","17":"entry","18":"has-media","20":"first","21":"instock","22":"shipping-taxable","23":"product-type-variable","24":"has-default-attributes","25":"has-product-nav","26":"col","27":"span_1_of_4","28":"owp-content-center","29":"owp-thumbs-layout-horizontal","30":"owp-btn-normal","31":"owp-tabs-layout-horizontal"},"acf":[],"_links":{"self":[{"href":"https:\/\/jacekplacek.com.pl\/de\/wp-json\/wp\/v2\/product\/11044","targetHints":{"allow":["GET"]}}],"collection":[{"href":"https:\/\/jacekplacek.com.pl\/de\/wp-json\/wp\/v2\/product"}],"about":[{"href":"https:\/\/jacekplacek.com.pl\/de\/wp-json\/wp\/v2\/types\/product"}],"replies":[{"embeddable":true,"href":"https:\/\/jacekplacek.com.pl\/de\/wp-json\/wp\/v2\/comments?post=11044"}],"wp:featuredmedia":[{"embeddable":true,"href":"https:\/\/jacekplacek.com.pl\/de\/wp-json\/wp\/v2\/media\/10975"}],"wp:attachment":[{"href":"https:\/\/jacekplacek.com.pl\/de\/wp-json\/wp\/v2\/media?parent=11044"}],"wp:term":[{"taxonomy":"product_brand","embeddable":true,"href":"https:\/\/jacekplacek.com.pl\/de\/wp-json\/wp\/v2\/product_brand?post=11044"},{"taxonomy":"product_cat","embeddable":true,"href":"https:\/\/jacekplacek.com.pl\/de\/wp-json\/wp\/v2\/product_cat?post=11044"},{"taxonomy":"product_tag","embeddable":true,"href":"https:\/\/jacekplacek.com.pl\/de\/wp-json\/wp\/v2\/product_tag?post=11044"}],"curies":[{"name":"wp","href":"https:\/\/api.w.org\/{rel}","templated":true}]}}