{"id":11041,"date":"2023-10-26T14:02:24","date_gmt":"2023-10-26T12:02:24","guid":{"rendered":"https:\/\/jacekplacek.com.pl\/?post_type=product&#038;p=11041"},"modified":"2025-11-18T18:30:55","modified_gmt":"2025-11-18T17:30:55","slug":"italienischer-tiramisu-kuchen","status":"publish","type":"product","link":"https:\/\/jacekplacek.com.pl\/de\/speichern\/torty_i_desery\/kuchen-2\/italienischer-tiramisu-kuchen\/","title":{"rendered":"Italienischer Tiramisu-Kuchen"},"content":{"rendered":"<p><strong>Ein italienischer Klassiker in seiner k\u00f6stlichsten Variante \u2013 unser italienischer Tiramisu-Kuchen. <\/strong><\/p>\n<p><span style=\"font-weight: 400;\">Unser Kuchen ist eine Hommage an das traditionelle italienische Dessert auf Basis von Mascarpone-K\u00e4se, das nicht nur extrem cremig, sondern auch reich an Geschmack ist. F\u00fcr noch mehr Aroma legen wir ihn in Kaffeepunsch mit einem Hauch Amaretto-Lik\u00f6r ein. Es ist eine Geschmackskombination, die die Sinne erfreut und den Gaumen verzaubert. <\/span><\/p>\n<p><strong>Italienischer Tiramisu-Kuchen ist die perfekte Wahl f\u00fcr alle, die in die Tradition und den Geschmack Italiens eintauchen m\u00f6chten. Kommen Sie noch heute in unsere Konditorei und gehen Sie mit uns auf diese Geschmacksreise! <\/strong><\/p>\n<p><span style=\"font-weight: 400;\">Wir empfehlen Ihnen, gemeinsam mit dem Auserw\u00e4hlten eine Torte in Form eines Geschenks zu bestellen <\/span><b>Gru\u00dfkarte<\/b><span style=\"font-weight: 400;\"> und passend <\/span><b>Kerzen<\/b><span style=\"font-weight: 400;\">.<\/span><\/p>","protected":false},"excerpt":{"rendered":"<p><span data-sheets-root=\"1\">In Kaffee und Amaretto-Lik\u00f6r getr\u00e4nkte Biskuitschichten, kombiniert mit cremiger Mascarpone. Klassische italienische Desserts in Form einer exquisiten Torte.<\/span><\/p>","protected":false},"featured_media":10947,"comment_status":"closed","ping_status":"closed","template":"","meta":{"content-type":""},"product_brand":[],"product_cat":[123],"product_tag":[748,749,267,166,304,730,733,296,731,732,702,734],"class_list":{"0":"post-11041","1":"product","2":"type-product","3":"status-publish","4":"has-post-thumbnail","6":"product_cat-torty","7":"product_tag-deser-kawowy","8":"product_tag-deser-tiramisu","9":"product_tag-tiramisu","10":"product_tag-tort","11":"product_tag-tort-kawowy","12":"product_tag-tort-na-urodziny","13":"product_tag-tort-naturalny","14":"product_tag-tort-tiramisu","15":"product_tag-tort-urodzinowy","16":"product_tag-torty-naturalne","17":"product_tag-wloskie-tiramisu","18":"product_tag-zdrowy-sklad","20":"entry","21":"has-media","23":"first","24":"instock","25":"shipping-taxable","26":"product-type-variable","27":"has-default-attributes","28":"has-product-nav","29":"col","30":"span_1_of_4","31":"owp-content-center","32":"owp-thumbs-layout-horizontal","33":"owp-btn-normal","34":"owp-tabs-layout-horizontal"},"acf":[],"_links":{"self":[{"href":"https:\/\/jacekplacek.com.pl\/de\/wp-json\/wp\/v2\/product\/11041","targetHints":{"allow":["GET"]}}],"collection":[{"href":"https:\/\/jacekplacek.com.pl\/de\/wp-json\/wp\/v2\/product"}],"about":[{"href":"https:\/\/jacekplacek.com.pl\/de\/wp-json\/wp\/v2\/types\/product"}],"replies":[{"embeddable":true,"href":"https:\/\/jacekplacek.com.pl\/de\/wp-json\/wp\/v2\/comments?post=11041"}],"wp:featuredmedia":[{"embeddable":true,"href":"https:\/\/jacekplacek.com.pl\/de\/wp-json\/wp\/v2\/media\/10947"}],"wp:attachment":[{"href":"https:\/\/jacekplacek.com.pl\/de\/wp-json\/wp\/v2\/media?parent=11041"}],"wp:term":[{"taxonomy":"product_brand","embeddable":true,"href":"https:\/\/jacekplacek.com.pl\/de\/wp-json\/wp\/v2\/product_brand?post=11041"},{"taxonomy":"product_cat","embeddable":true,"href":"https:\/\/jacekplacek.com.pl\/de\/wp-json\/wp\/v2\/product_cat?post=11041"},{"taxonomy":"product_tag","embeddable":true,"href":"https:\/\/jacekplacek.com.pl\/de\/wp-json\/wp\/v2\/product_tag?post=11041"}],"curies":[{"name":"wp","href":"https:\/\/api.w.org\/{rel}","templated":true}]}}