{"id":10987,"date":"2023-10-26T12:14:42","date_gmt":"2023-10-26T10:14:42","guid":{"rendered":"https:\/\/jacekplacek.com.pl\/?post_type=product&#038;p=10987"},"modified":"2025-11-18T18:30:48","modified_gmt":"2025-11-18T17:30:48","slug":"kuchen-bueno-2","status":"publish","type":"product","link":"https:\/\/jacekplacek.com.pl\/de\/speichern\/torty_i_desery\/kuchen-2\/kuchen-bueno-2\/","title":{"rendered":"Bueno-Kuchen"},"content":{"rendered":"<p><strong>Wir pr\u00e4sentieren den Bueno Cake \u2013 eine Kombination aus zarter wei\u00dfer Schokoladencreme und knackigen Haseln\u00fcssen. <\/strong><\/p>\n<p><span style=\"font-weight: 400;\">Unsere Version dieser beliebten Torte ist ein wahrer Gaumenschmaus. Was zeichnet es aus? Die Tatsache, dass es nicht zu s\u00fc\u00df ist, macht es zu einer idealen Option f\u00fcr Kinder, die diese einzigartige Geschmackskomposition lieben.<strong> Wir laden Sie in unsere Konditorei ein und entdecken Sie, warum Bueno Cake zum Lieblingsdessert vieler Feinschmecker geworden ist!<\/strong><\/span><\/p>\n<p><span style=\"font-weight: 400;\">Wir empfehlen Ihnen, gemeinsam mit dem Auserw\u00e4hlten eine Torte in Form eines Geschenks zu bestellen <\/span><b>Gru\u00dfkarte<\/b><span style=\"font-weight: 400;\"> und passend <\/span><b>Kerzen<\/b><span style=\"font-weight: 400;\">.<\/span><\/p>","protected":false},"excerpt":{"rendered":"<p><span style=\"font-weight: 400;\">Unsere Version dieses beliebten Kuchens ist nat\u00fcrlich eine Kombination aus wei\u00dfer Schokoladencreme und Haseln\u00fcssen. Der Kuchen ist nicht zu s\u00fc\u00df, hat interessante Aromen und Kinder lieben ihn!<\/span><\/p>","protected":false},"featured_media":11010,"comment_status":"closed","ping_status":"closed","template":"","meta":{"content-type":""},"product_brand":[],"product_cat":[123],"product_tag":[761,166,290,730,733,731,732,734],"class_list":{"0":"post-10987","1":"product","2":"type-product","3":"status-publish","4":"has-post-thumbnail","6":"product_cat-torty","7":"product_tag-bueno","8":"product_tag-tort","9":"product_tag-tort-bueno","10":"product_tag-tort-na-urodziny","11":"product_tag-tort-naturalny","12":"product_tag-tort-urodzinowy","13":"product_tag-torty-naturalne","14":"product_tag-zdrowy-sklad","16":"entry","17":"has-media","19":"first","20":"instock","21":"shipping-taxable","22":"product-type-variable","23":"has-product-nav","24":"col","25":"span_1_of_4","26":"owp-content-center","27":"owp-thumbs-layout-horizontal","28":"owp-btn-normal","29":"owp-tabs-layout-horizontal"},"acf":[],"_links":{"self":[{"href":"https:\/\/jacekplacek.com.pl\/de\/wp-json\/wp\/v2\/product\/10987","targetHints":{"allow":["GET"]}}],"collection":[{"href":"https:\/\/jacekplacek.com.pl\/de\/wp-json\/wp\/v2\/product"}],"about":[{"href":"https:\/\/jacekplacek.com.pl\/de\/wp-json\/wp\/v2\/types\/product"}],"replies":[{"embeddable":true,"href":"https:\/\/jacekplacek.com.pl\/de\/wp-json\/wp\/v2\/comments?post=10987"}],"wp:featuredmedia":[{"embeddable":true,"href":"https:\/\/jacekplacek.com.pl\/de\/wp-json\/wp\/v2\/media\/11010"}],"wp:attachment":[{"href":"https:\/\/jacekplacek.com.pl\/de\/wp-json\/wp\/v2\/media?parent=10987"}],"wp:term":[{"taxonomy":"product_brand","embeddable":true,"href":"https:\/\/jacekplacek.com.pl\/de\/wp-json\/wp\/v2\/product_brand?post=10987"},{"taxonomy":"product_cat","embeddable":true,"href":"https:\/\/jacekplacek.com.pl\/de\/wp-json\/wp\/v2\/product_cat?post=10987"},{"taxonomy":"product_tag","embeddable":true,"href":"https:\/\/jacekplacek.com.pl\/de\/wp-json\/wp\/v2\/product_tag?post=10987"}],"curies":[{"name":"wp","href":"https:\/\/api.w.org\/{rel}","templated":true}]}}