{"id":10196,"date":"2023-07-28T10:16:02","date_gmt":"2023-07-28T08:16:02","guid":{"rendered":"https:\/\/jacekplacek.com.pl\/?post_type=product&#038;p=10196"},"modified":"2025-12-16T15:38:39","modified_gmt":"2025-12-16T14:38:39","slug":"mandelkekse-keto","status":"publish","type":"product","link":"https:\/\/jacekplacek.com.pl\/de\/speichern\/kekse-und-kekse\/kekse-2\/mandelkekse-keto\/","title":{"rendered":"KETO-Mandelkekse"},"content":{"rendered":"<p><span style=\"font-weight: 400; color: #000000;\">Wie sch\u00f6n, wenn man sein Faible f\u00fcr Shortbread-Kekse mit der Erg\u00e4nzung seiner Ern\u00e4hrung durch wertvolle Samen verbindet ...<\/span><\/p>\n<p><span style=\"color: #000000;\">Unsere glutenfreien Mandelkekse mit Xylit und einem Hauch Orange sind nicht nur ein leckerer Snack, sondern auch ein Produkt, das zu einem gesunden Lebensstil passt. Sie sind f\u00fcr Menschen mit ketogener Di\u00e4t zubereitet und eine perfekte Erg\u00e4nzung zum t\u00e4glichen Speiseplan. Jeder Keks ist klein, aber voller Geschmack, Genuss und Gesundheit. <span style=\"font-weight: 400;\"> (Aufgrund des Fehlens einer separaten Produktionslinie kann das Produkt Spuren von Gluten und anderen Allergenen enthalten. Das Werk verwendet: Mehl, Eier, N\u00fcsse, Sesam und Milch, daher kann jedes Produkt Spuren der genannten Allergene enthalten, auch wenn diese vorhanden sind nicht in der Beschreibung und Zutatenliste angegeben.)<\/span><\/span><\/p>\n<p><span style=\"font-weight: 400; color: #000000;\">Es ist der perfekte Snack f\u00fcr jeden Anlass!\u00a0<\/span><\/p>\n<p>&nbsp;<\/p>\n<p>&nbsp;<\/p>","protected":false},"excerpt":{"rendered":"<p><span style=\"font-weight: 400;\">Mandelkekse mit reduziertem Glutengehalt mit Xylit und einem Hauch Orange \u2013 ein Produkt f\u00fcr Menschen, die sich ketogen ern\u00e4hren.\u00a0<\/span><\/p>","protected":false},"featured_media":0,"comment_status":"closed","ping_status":"closed","template":"","meta":{"content-type":""},"product_brand":[],"product_cat":[121],"product_tag":[348,454,444,446,445,449,354,355],"class_list":{"0":"post-10196","1":"product","2":"type-product","3":"status-publish","5":"product_cat-ciasteczka","6":"product_tag-ciasteczka-kruche","7":"product_tag-ciasteczka-na-wage","8":"product_tag-cukiernia-jacek-placek","9":"product_tag-jacek-placek-gdansk","10":"product_tag-jacek-placek-gowino","11":"product_tag-jacek-placek-sopot","12":"product_tag-z-nasionami","13":"product_tag-ze-slonecznikiem","15":"entry","17":"first","18":"outofstock","19":"shipping-taxable","20":"product-type-variable","21":"has-default-attributes","22":"has-product-nav","23":"col","24":"span_1_of_4","25":"owp-content-center","26":"owp-thumbs-layout-horizontal","27":"owp-btn-normal","28":"owp-tabs-layout-horizontal","29":"has-no-thumbnails"},"acf":[],"_links":{"self":[{"href":"https:\/\/jacekplacek.com.pl\/de\/wp-json\/wp\/v2\/product\/10196","targetHints":{"allow":["GET"]}}],"collection":[{"href":"https:\/\/jacekplacek.com.pl\/de\/wp-json\/wp\/v2\/product"}],"about":[{"href":"https:\/\/jacekplacek.com.pl\/de\/wp-json\/wp\/v2\/types\/product"}],"replies":[{"embeddable":true,"href":"https:\/\/jacekplacek.com.pl\/de\/wp-json\/wp\/v2\/comments?post=10196"}],"wp:attachment":[{"href":"https:\/\/jacekplacek.com.pl\/de\/wp-json\/wp\/v2\/media?parent=10196"}],"wp:term":[{"taxonomy":"product_brand","embeddable":true,"href":"https:\/\/jacekplacek.com.pl\/de\/wp-json\/wp\/v2\/product_brand?post=10196"},{"taxonomy":"product_cat","embeddable":true,"href":"https:\/\/jacekplacek.com.pl\/de\/wp-json\/wp\/v2\/product_cat?post=10196"},{"taxonomy":"product_tag","embeddable":true,"href":"https:\/\/jacekplacek.com.pl\/de\/wp-json\/wp\/v2\/product_tag?post=10196"}],"curies":[{"name":"wp","href":"https:\/\/api.w.org\/{rel}","templated":true}]}}