{"id":9845,"date":"2023-07-10T13:38:24","date_gmt":"2023-07-10T11:38:24","guid":{"rendered":"https:\/\/jacekplacek.com.pl\/?post_type=product&#038;p=9845"},"modified":"2025-12-16T15:38:39","modified_gmt":"2025-12-16T14:38:39","slug":"ovesne-vlocky-kakao-susenky","status":"publish","type":"product","link":"https:\/\/jacekplacek.com.pl\/cs\/obchod\/cookies-a-cookies\/cookies\/ovesne-vlocky-kakao-susenky\/","title":{"rendered":"Kakaov\u00e9 ovesn\u00e9 su\u0161enky"},"content":{"rendered":"<p><span style=\"font-weight: 400;\">Jak hezk\u00e9 spojit svou slabost pro k\u0159ehk\u00e9 su\u0161enky s dopln\u011bn\u00edm j\u00eddeln\u00ed\u010dku cenn\u00fdmi sem\u00ednky...<\/span><\/p>\n<p><span style=\"font-weight: 400;\">Objevte bezkonkuren\u010dn\u00ed chu\u0165 na\u0161ich lahodn\u00fdch kakaov\u00fdch a ovesn\u00fdch su\u0161enek se sn\u00ed\u017een\u00fdm obsahem lepku.\u00a0<\/span><\/p>\n<p><span style=\"font-weight: 400;\">Tyto su\u0161enky vyroben\u00e9 z ovesn\u00fdch vlo\u010dek a aromatick\u00e9ho ara\u0161\u00eddov\u00e9ho m\u00e1sla jsou opravdovou lah\u016fdkou pro mlsn\u00e9 jaz\u00fd\u010dky. Pln\u00e9 zdrav\u00fdch ingredienc\u00ed - na\u0161e kakaov\u00e9 a ovesn\u00e9 su\u0161enky jsou skv\u011blou volbou pro ty, kte\u0159\u00ed si cht\u011bj\u00ed vychutnat chu\u0165 bez jak\u00fdchkoli kompromis\u016f.<\/span><\/p>\n<p><span style=\"color: #000000;\"><span style=\"font-weight: 400;\">(Vzhledem k absenci samostatn\u00e9 v\u00fdrobn\u00ed linky m\u016f\u017ee v\u00fdrobek obsahovat stopy lepku a dal\u0161\u00edch alergen\u016f. Z\u00e1vod pou\u017e\u00edv\u00e1: mouku, vejce, o\u0159echy, sezam a ml\u00e9ko, proto ka\u017ed\u00fd v\u00fdrobek m\u016f\u017ee obsahovat stopy uveden\u00fdch alergen\u016f, i kdy\u017e jsou nen\u00ed uvedeno v popisu a seznamu slo\u017eek.)<\/span><\/span><\/p>\n<p>&nbsp;<\/p>\n<p>&nbsp;<\/p>","protected":false},"excerpt":{"rendered":"<p><span style=\"font-weight: 400;\">P\u0159ipravte se na jedine\u010dnou chu\u0165 na\u0161ich lahodn\u00fdch kakaov\u00fdch a ovesn\u00fdch su\u0161enek. Su\u0161enky vyroben\u00e9 z ovesn\u00fdch vlo\u010dek a ara\u0161\u00eddov\u00e9ho m\u00e1sla, bohat\u00e9 na vl\u00e1kninu a se sn\u00ed\u017een\u00fdm obsahem lepku, jsou opravdov\u00fdm sv\u00e1tkem pro mlsn\u00e9 jaz\u00fd\u010dky.<\/span><\/p>","protected":false},"featured_media":10094,"comment_status":"closed","ping_status":"closed","template":"","meta":{"content-type":""},"product_brand":[],"product_cat":[121],"product_tag":[348,454,444,446,445,449,354,355],"class_list":{"0":"post-9845","1":"product","2":"type-product","3":"status-publish","4":"has-post-thumbnail","6":"product_cat-ciasteczka","7":"product_tag-ciasteczka-kruche","8":"product_tag-ciasteczka-na-wage","9":"product_tag-cukiernia-jacek-placek","10":"product_tag-jacek-placek-gdansk","11":"product_tag-jacek-placek-gowino","12":"product_tag-jacek-placek-sopot","13":"product_tag-z-nasionami","14":"product_tag-ze-slonecznikiem","16":"entry","17":"has-media","19":"first","20":"outofstock","21":"shipping-taxable","22":"product-type-variable","23":"has-default-attributes","24":"has-product-nav","25":"col","26":"span_1_of_4","27":"owp-content-center","28":"owp-thumbs-layout-horizontal","29":"owp-btn-normal","30":"owp-tabs-layout-horizontal"},"acf":[],"_links":{"self":[{"href":"https:\/\/jacekplacek.com.pl\/cs\/wp-json\/wp\/v2\/product\/9845","targetHints":{"allow":["GET"]}}],"collection":[{"href":"https:\/\/jacekplacek.com.pl\/cs\/wp-json\/wp\/v2\/product"}],"about":[{"href":"https:\/\/jacekplacek.com.pl\/cs\/wp-json\/wp\/v2\/types\/product"}],"replies":[{"embeddable":true,"href":"https:\/\/jacekplacek.com.pl\/cs\/wp-json\/wp\/v2\/comments?post=9845"}],"wp:featuredmedia":[{"embeddable":true,"href":"https:\/\/jacekplacek.com.pl\/cs\/wp-json\/wp\/v2\/media\/10094"}],"wp:attachment":[{"href":"https:\/\/jacekplacek.com.pl\/cs\/wp-json\/wp\/v2\/media?parent=9845"}],"wp:term":[{"taxonomy":"product_brand","embeddable":true,"href":"https:\/\/jacekplacek.com.pl\/cs\/wp-json\/wp\/v2\/product_brand?post=9845"},{"taxonomy":"product_cat","embeddable":true,"href":"https:\/\/jacekplacek.com.pl\/cs\/wp-json\/wp\/v2\/product_cat?post=9845"},{"taxonomy":"product_tag","embeddable":true,"href":"https:\/\/jacekplacek.com.pl\/cs\/wp-json\/wp\/v2\/product_tag?post=9845"}],"curies":[{"name":"wp","href":"https:\/\/api.w.org\/{rel}","templated":true}]}}