{"id":9841,"date":"2023-07-10T13:38:20","date_gmt":"2023-07-10T11:38:20","guid":{"rendered":"https:\/\/jacekplacek.com.pl\/?post_type=product&#038;p=9841"},"modified":"2025-12-16T15:38:40","modified_gmt":"2025-12-16T14:38:40","slug":"pomerancove-maslove-cookies-s-brusinkami","status":"publish","type":"product","link":"https:\/\/jacekplacek.com.pl\/cs\/obchod\/cookies-a-cookies\/cookies\/pomerancove-maslove-cookies-s-brusinkami\/","title":{"rendered":"Oran\u017eov\u00e9 su\u0161enky s brusinkami"},"content":{"rendered":"<p><span style=\"font-weight: 400;\">Jak hezk\u00e9 spojit svou slabost pro k\u0159ehk\u00e9 su\u0161enky s dopln\u011bn\u00edm j\u00eddeln\u00ed\u010dku cenn\u00fdmi sem\u00ednky...<\/span><\/p>\n<p><span style=\"font-weight: 400;\">Objevte mimo\u0159\u00e1dn\u00e9 chut\u011b na\u0161ich k\u0159ehk\u00fdch pomeran\u010dov\u00fdch su\u0161enek s m\u00e1slem a brusinkami. Tyto jedine\u010dn\u00e9 v\u016fn\u011b v\u00e1s p\u0159enesou do ovocn\u00e9ho sadu pln\u00e9ho \u0161\u0165avnat\u00fdch citrusov\u00fdch plod\u016f. Jejich k\u0159upavost a intenzivn\u00ed pomeran\u010dov\u00e1 chu\u0165 v harmonii s brusinkami v\u00e1m zajist\u00ed nezapomenuteln\u00fd chu\u0165ov\u00fd z\u00e1\u017eitek. <\/span><\/p>\n<p><span style=\"font-weight: 400;\">Vyzkou\u0161ejte na\u0161e su\u0161enky a dop\u0159ejte si chvilku kulin\u00e1\u0159sk\u00e9ho po\u017eitku.<\/span><\/p>\n<p><span style=\"color: #000000;\"><span style=\"font-weight: 400;\">(Z\u00e1vod pou\u017e\u00edv\u00e1: mouku, vejce, o\u0159echy, sezam a ml\u00e9ko, proto ka\u017ed\u00fd v\u00fdrobek m\u016f\u017ee obsahovat stopy zm\u00edn\u011bn\u00fdch alergen\u016f, i kdy\u017e nejsou uvedeny v popisu a seznamu slo\u017eek.)<\/span><\/span><\/p>\n<p>&nbsp;<\/p>\n<p>&nbsp;<\/p>","protected":false},"excerpt":{"rendered":"<p><span style=\"font-weight: 400;\">P\u0159ipravte se na nebeskou chu\u0165 na\u0161ich lahodn\u00fdch pomeran\u010dov\u00fdch su\u0161enek s m\u00e1slem a brusinkami.<\/span><\/p>","protected":false},"featured_media":10111,"comment_status":"closed","ping_status":"closed","template":"","meta":{"content-type":""},"product_brand":[],"product_cat":[121],"product_tag":[348,454,444,446,445,449,354,355],"class_list":{"0":"post-9841","1":"product","2":"type-product","3":"status-publish","4":"has-post-thumbnail","6":"product_cat-ciasteczka","7":"product_tag-ciasteczka-kruche","8":"product_tag-ciasteczka-na-wage","9":"product_tag-cukiernia-jacek-placek","10":"product_tag-jacek-placek-gdansk","11":"product_tag-jacek-placek-gowino","12":"product_tag-jacek-placek-sopot","13":"product_tag-z-nasionami","14":"product_tag-ze-slonecznikiem","16":"entry","17":"has-media","19":"first","20":"outofstock","21":"shipping-taxable","22":"product-type-variable","23":"has-default-attributes","24":"has-product-nav","25":"col","26":"span_1_of_4","27":"owp-content-center","28":"owp-thumbs-layout-horizontal","29":"owp-btn-normal","30":"owp-tabs-layout-horizontal"},"acf":[],"_links":{"self":[{"href":"https:\/\/jacekplacek.com.pl\/cs\/wp-json\/wp\/v2\/product\/9841","targetHints":{"allow":["GET"]}}],"collection":[{"href":"https:\/\/jacekplacek.com.pl\/cs\/wp-json\/wp\/v2\/product"}],"about":[{"href":"https:\/\/jacekplacek.com.pl\/cs\/wp-json\/wp\/v2\/types\/product"}],"replies":[{"embeddable":true,"href":"https:\/\/jacekplacek.com.pl\/cs\/wp-json\/wp\/v2\/comments?post=9841"}],"wp:featuredmedia":[{"embeddable":true,"href":"https:\/\/jacekplacek.com.pl\/cs\/wp-json\/wp\/v2\/media\/10111"}],"wp:attachment":[{"href":"https:\/\/jacekplacek.com.pl\/cs\/wp-json\/wp\/v2\/media?parent=9841"}],"wp:term":[{"taxonomy":"product_brand","embeddable":true,"href":"https:\/\/jacekplacek.com.pl\/cs\/wp-json\/wp\/v2\/product_brand?post=9841"},{"taxonomy":"product_cat","embeddable":true,"href":"https:\/\/jacekplacek.com.pl\/cs\/wp-json\/wp\/v2\/product_cat?post=9841"},{"taxonomy":"product_tag","embeddable":true,"href":"https:\/\/jacekplacek.com.pl\/cs\/wp-json\/wp\/v2\/product_tag?post=9841"}],"curies":[{"name":"wp","href":"https:\/\/api.w.org\/{rel}","templated":true}]}}