{"id":9837,"date":"2023-07-10T13:38:05","date_gmt":"2023-07-10T11:38:05","guid":{"rendered":"https:\/\/jacekplacek.com.pl\/?post_type=product&#038;p=9837"},"modified":"2025-12-16T15:38:40","modified_gmt":"2025-12-16T14:38:40","slug":"ovesne-vlocky-maslo-cookies","status":"publish","type":"product","link":"https:\/\/jacekplacek.com.pl\/cs\/obchod\/cookies-a-cookies\/cookies\/ovesne-vlocky-maslo-cookies\/","title":{"rendered":"Ovesn\u00e9 su\u0161enky s m\u00e1slem"},"content":{"rendered":"<p><span style=\"font-weight: 400;\">Jak hezk\u00e9 spojit svou slabost pro k\u0159ehk\u00e9 su\u0161enky s dopln\u011bn\u00edm j\u00eddeln\u00ed\u010dku cenn\u00fdmi sem\u00ednky...<\/span><\/p>\n<p><span style=\"font-weight: 400;\">Zveme v\u00e1s ochutnat na\u0161e lahodn\u00e9 a k\u0159upav\u00e9 ovesn\u00e9 su\u0161enky s m\u00e1slem. Obsahuj\u00ed mno\u017estv\u00ed cenn\u00fdch obilovin, d\u00edky kter\u00fdm jsou nejen chutn\u00e9, ale tak\u00e9 zdrav\u00e9. D\u00edky pe\u010dliv\u011b vybran\u00fdm surovin\u00e1m jsou na\u0161e ovesn\u00e9 su\u0161enky s m\u00e1slem ide\u00e1ln\u00ed volbou pro milovn\u00edky tradi\u010dn\u00edho aromatick\u00e9ho pe\u010diva.<\/span><\/p>\n<p><span style=\"font-weight: 400;\">Vyzkou\u0161ejte je a vychutnejte si jedine\u010dnou chu\u0165.\u00a0<\/span><\/p>\n<p><span style=\"color: #000000;\"><span style=\"font-weight: 400;\">(Z\u00e1vod pou\u017e\u00edv\u00e1: mouku, vejce, o\u0159echy, sezam a ml\u00e9ko, proto ka\u017ed\u00fd v\u00fdrobek m\u016f\u017ee obsahovat stopy zm\u00edn\u011bn\u00fdch alergen\u016f, i kdy\u017e nejsou uvedeny v popisu a seznamu slo\u017eek.)<\/span><\/span><\/p>\n<p>&nbsp;<\/p>","protected":false},"excerpt":{"rendered":"<p><span style=\"font-weight: 400;\">Pono\u0159te se do jedine\u010dn\u00e9 chuti na\u0161ich lahodn\u00fdch, k\u0159ehk\u00fdch ovesn\u00fdch su\u0161enek, pln\u00fdch zdrav\u00fdch zrn, kter\u00e9 poskytuj\u00ed cennou vl\u00e1kninu a \u017eiviny.<\/span><\/p>","protected":false},"featured_media":9886,"comment_status":"closed","ping_status":"closed","template":"","meta":{"content-type":""},"product_brand":[],"product_cat":[121],"product_tag":[348,454,444,446,445,449,354,355],"class_list":{"0":"post-9837","1":"product","2":"type-product","3":"status-publish","4":"has-post-thumbnail","6":"product_cat-ciasteczka","7":"product_tag-ciasteczka-kruche","8":"product_tag-ciasteczka-na-wage","9":"product_tag-cukiernia-jacek-placek","10":"product_tag-jacek-placek-gdansk","11":"product_tag-jacek-placek-gowino","12":"product_tag-jacek-placek-sopot","13":"product_tag-z-nasionami","14":"product_tag-ze-slonecznikiem","16":"entry","17":"has-media","19":"first","20":"outofstock","21":"shipping-taxable","22":"product-type-variable","23":"has-default-attributes","24":"has-product-nav","25":"col","26":"span_1_of_4","27":"owp-content-center","28":"owp-thumbs-layout-horizontal","29":"owp-btn-normal","30":"owp-tabs-layout-horizontal"},"acf":[],"_links":{"self":[{"href":"https:\/\/jacekplacek.com.pl\/cs\/wp-json\/wp\/v2\/product\/9837","targetHints":{"allow":["GET"]}}],"collection":[{"href":"https:\/\/jacekplacek.com.pl\/cs\/wp-json\/wp\/v2\/product"}],"about":[{"href":"https:\/\/jacekplacek.com.pl\/cs\/wp-json\/wp\/v2\/types\/product"}],"replies":[{"embeddable":true,"href":"https:\/\/jacekplacek.com.pl\/cs\/wp-json\/wp\/v2\/comments?post=9837"}],"wp:featuredmedia":[{"embeddable":true,"href":"https:\/\/jacekplacek.com.pl\/cs\/wp-json\/wp\/v2\/media\/9886"}],"wp:attachment":[{"href":"https:\/\/jacekplacek.com.pl\/cs\/wp-json\/wp\/v2\/media?parent=9837"}],"wp:term":[{"taxonomy":"product_brand","embeddable":true,"href":"https:\/\/jacekplacek.com.pl\/cs\/wp-json\/wp\/v2\/product_brand?post=9837"},{"taxonomy":"product_cat","embeddable":true,"href":"https:\/\/jacekplacek.com.pl\/cs\/wp-json\/wp\/v2\/product_cat?post=9837"},{"taxonomy":"product_tag","embeddable":true,"href":"https:\/\/jacekplacek.com.pl\/cs\/wp-json\/wp\/v2\/product_tag?post=9837"}],"curies":[{"name":"wp","href":"https:\/\/api.w.org\/{rel}","templated":true}]}}