{"id":9748,"date":"2023-06-28T12:29:20","date_gmt":"2023-06-28T10:29:20","guid":{"rendered":"https:\/\/jacekplacek.com.pl\/?post_type=product&#038;p=9748"},"modified":"2025-11-18T18:28:47","modified_gmt":"2025-11-18T17:28:47","slug":"mini-dort-cerveno-samet-5","status":"publish","type":"product","link":"https:\/\/jacekplacek.com.pl\/cs\/obchod\/torty_i_desery\/kavarna-mini-dezerty-2\/mini-dort-cerveno-samet-5\/","title":{"rendered":"Mini italsk\u00fd dort tiramisu, 3 kusy"},"content":{"rendered":"<p><b>Italsk\u00e1 klasika ve sv\u00e9 nejchutn\u011bj\u0161\u00ed verzi - n\u00e1\u0161 mini italsk\u00fd dort Tiramisu.<\/b><\/p>\n<p><span style=\"font-weight: 400;\">N\u00e1\u0161 dort je poctou tradi\u010dn\u00edmu italsk\u00e9mu dezertu na b\u00e1zi s\u00fdru mascarpone, kter\u00fd je nejen extr\u00e9mn\u011b kr\u00e9mov\u00fd, ale tak\u00e9 bohat\u00fd na chu\u0165. Pro je\u0161t\u011b v\u011bt\u0161\u00ed aroma namo\u010d\u00edme do k\u00e1vov\u00e9ho pun\u010de s n\u00e1dechem lik\u00e9ru amaretto. Je to kombinace chut\u00ed, kter\u00e1 pot\u011b\u0161\u00ed smysly a okouzl\u00ed patra.<\/span><\/p>\n<p><b>N\u00e1\u0161 mini italsk\u00fd dort Tiramisu je perfektn\u00ed volbou pro ty, kte\u0159\u00ed se cht\u011bj\u00ed pono\u0159it do tradice a chut\u00ed It\u00e1lie. P\u0159ij\u010fte do na\u0161\u00ed cukr\u00e1rny a vydejte se s n\u00e1mi na tuto chu\u0165ovou cestu je\u0161t\u011b dnes! <\/b><\/p>\n<p>Dezert nejen na elegantn\u00ed stoly - perfektn\u00ed na oslavu jmenin, narozenin \u010di jin\u00fdch oslav doma nebo v pr\u00e1ci...<\/p>\n<p>Produkt dostupn\u00fd v\u00a0<strong>3 kusy v hromadn\u00e9m balen\u00ed (3 kusy cca 390g).<\/strong><\/p>","protected":false},"excerpt":{"rendered":"<p><span style=\"font-weight: 400;\">Je to opravdov\u00e1 hostina pro jaz\u00fd\u010dky, kter\u00e1 v\u00e1s s ka\u017ed\u00fdm soustem zavede do srdce It\u00e1lie. <\/span>Dezert nejen na elegantn\u00ed stoly - perfektn\u00ed na oslavu jmenin, narozenin \u010di jin\u00fdch oslav doma nebo v pr\u00e1ci...<\/p>\n<p>Produkt dostupn\u00fd v\u00a0<strong>3 kusy v hromadn\u00e9m balen\u00ed (3 kusy cca 390g).<\/strong><\/p>","protected":false},"featured_media":11427,"comment_status":"closed","ping_status":"closed","template":"","meta":{"content-type":""},"product_brand":[],"product_cat":[723],"product_tag":[444,442,446,445,291,450,447,448],"class_list":{"0":"post-9748","1":"product","2":"type-product","3":"status-publish","4":"has-post-thumbnail","6":"product_cat-mini-desery-do-kawiarni","7":"product_tag-cukiernia-jacek-placek","8":"product_tag-deser-jednoporcjowy","9":"product_tag-jacek-placek-gdansk","10":"product_tag-jacek-placek-gowino","11":"product_tag-tort-malinowy","12":"product_tag-tort-mini","13":"product_tag-tort-red-velvet","14":"product_tag-tort-z-mascarpone","16":"entry","17":"has-media","19":"first","20":"instock","21":"shipping-taxable","22":"product-type-simple","23":"has-product-nav","24":"col","25":"span_1_of_4","26":"owp-content-center","27":"owp-thumbs-layout-horizontal","28":"owp-btn-normal","29":"owp-tabs-layout-horizontal"},"acf":[],"_links":{"self":[{"href":"https:\/\/jacekplacek.com.pl\/cs\/wp-json\/wp\/v2\/product\/9748","targetHints":{"allow":["GET"]}}],"collection":[{"href":"https:\/\/jacekplacek.com.pl\/cs\/wp-json\/wp\/v2\/product"}],"about":[{"href":"https:\/\/jacekplacek.com.pl\/cs\/wp-json\/wp\/v2\/types\/product"}],"replies":[{"embeddable":true,"href":"https:\/\/jacekplacek.com.pl\/cs\/wp-json\/wp\/v2\/comments?post=9748"}],"wp:featuredmedia":[{"embeddable":true,"href":"https:\/\/jacekplacek.com.pl\/cs\/wp-json\/wp\/v2\/media\/11427"}],"wp:attachment":[{"href":"https:\/\/jacekplacek.com.pl\/cs\/wp-json\/wp\/v2\/media?parent=9748"}],"wp:term":[{"taxonomy":"product_brand","embeddable":true,"href":"https:\/\/jacekplacek.com.pl\/cs\/wp-json\/wp\/v2\/product_brand?post=9748"},{"taxonomy":"product_cat","embeddable":true,"href":"https:\/\/jacekplacek.com.pl\/cs\/wp-json\/wp\/v2\/product_cat?post=9748"},{"taxonomy":"product_tag","embeddable":true,"href":"https:\/\/jacekplacek.com.pl\/cs\/wp-json\/wp\/v2\/product_tag?post=9748"}],"curies":[{"name":"wp","href":"https:\/\/api.w.org\/{rel}","templated":true}]}}