{"id":9744,"date":"2023-06-28T12:29:08","date_gmt":"2023-06-28T10:29:08","guid":{"rendered":"https:\/\/jacekplacek.com.pl\/?post_type=product&#038;p=9744"},"modified":"2025-11-18T18:28:47","modified_gmt":"2025-11-18T17:28:47","slug":"mini-dort-cerveno-samet-3","status":"publish","type":"product","link":"https:\/\/jacekplacek.com.pl\/cs\/obchod\/torty_i_desery\/kavarna-mini-dezerty-2\/mini-dort-cerveno-samet-3\/","title":{"rendered":"Mini Oreo dort, 3 kusy"},"content":{"rendered":"<p><b>N\u00e1\u0161 Oreo dort je chu\u0165ovou cestou do zem\u011b ml\u00e9\u010dn\u00e9 \u010dokol\u00e1dy.<\/b><\/p>\n<p><span style=\"font-weight: 400;\">Je to kombinace intenzivn\u00ed chuti ml\u00e9\u010dn\u00e9 \u010dokol\u00e1dy s k\u0159upav\u00fdmi kousky su\u0161enek, kter\u00e9 pot\u011b\u0161\u00ed va\u0161e mlsn\u00e9 jaz\u00fd\u010dky.\u00a0<\/span><\/p>\n<p><b>Toto je perfektn\u00ed volba pro milovn\u00edky klasiky a ty, kte\u0159\u00ed cht\u011bj\u00ed nov\u00e9 chu\u0165ov\u00e9 z\u00e1\u017eitky. Dop\u0159ejte si nebesk\u00e9 pot\u011b\u0161en\u00ed v podob\u011b Oreo dortu!<\/b><\/p>\n<p>Dezert nejen na elegantn\u00ed stoly - perfektn\u00ed na oslavu jmenin, narozenin \u010di jin\u00fdch oslav doma nebo v pr\u00e1ci...<\/p>\n<p>Produkt dostupn\u00fd v\u00a0<strong>3 kusy v hromadn\u00e9m balen\u00ed (3 kusy cca 435g).<\/strong><\/p>","protected":false},"excerpt":{"rendered":"<p>Ide\u00e1ln\u00ed volba pro milovn\u00edky klasiky a ty, kte\u0159\u00ed cht\u011bj\u00ed nov\u00e9 chu\u0165ov\u00e9 z\u00e1\u017eitky. Dop\u0159ejte si nebesk\u00e9 pot\u011b\u0161en\u00ed v podob\u011b Oreo dortu!<\/p>\n<p>Produkt dostupn\u00fd v\u00a0<strong>3 kusy v hromadn\u00e9m balen\u00ed (3 kusy cca 435g).<\/strong><\/p>","protected":false},"featured_media":11329,"comment_status":"closed","ping_status":"closed","template":"","meta":{"content-type":""},"product_brand":[],"product_cat":[723],"product_tag":[444,442,446,445,291,450,447,448],"class_list":{"0":"post-9744","1":"product","2":"type-product","3":"status-publish","4":"has-post-thumbnail","6":"product_cat-mini-desery-do-kawiarni","7":"product_tag-cukiernia-jacek-placek","8":"product_tag-deser-jednoporcjowy","9":"product_tag-jacek-placek-gdansk","10":"product_tag-jacek-placek-gowino","11":"product_tag-tort-malinowy","12":"product_tag-tort-mini","13":"product_tag-tort-red-velvet","14":"product_tag-tort-z-mascarpone","16":"entry","17":"has-media","19":"first","20":"instock","21":"shipping-taxable","22":"product-type-simple","23":"has-product-nav","24":"col","25":"span_1_of_4","26":"owp-content-center","27":"owp-thumbs-layout-horizontal","28":"owp-btn-normal","29":"owp-tabs-layout-horizontal"},"acf":[],"_links":{"self":[{"href":"https:\/\/jacekplacek.com.pl\/cs\/wp-json\/wp\/v2\/product\/9744","targetHints":{"allow":["GET"]}}],"collection":[{"href":"https:\/\/jacekplacek.com.pl\/cs\/wp-json\/wp\/v2\/product"}],"about":[{"href":"https:\/\/jacekplacek.com.pl\/cs\/wp-json\/wp\/v2\/types\/product"}],"replies":[{"embeddable":true,"href":"https:\/\/jacekplacek.com.pl\/cs\/wp-json\/wp\/v2\/comments?post=9744"}],"wp:featuredmedia":[{"embeddable":true,"href":"https:\/\/jacekplacek.com.pl\/cs\/wp-json\/wp\/v2\/media\/11329"}],"wp:attachment":[{"href":"https:\/\/jacekplacek.com.pl\/cs\/wp-json\/wp\/v2\/media?parent=9744"}],"wp:term":[{"taxonomy":"product_brand","embeddable":true,"href":"https:\/\/jacekplacek.com.pl\/cs\/wp-json\/wp\/v2\/product_brand?post=9744"},{"taxonomy":"product_cat","embeddable":true,"href":"https:\/\/jacekplacek.com.pl\/cs\/wp-json\/wp\/v2\/product_cat?post=9744"},{"taxonomy":"product_tag","embeddable":true,"href":"https:\/\/jacekplacek.com.pl\/cs\/wp-json\/wp\/v2\/product_tag?post=9744"}],"curies":[{"name":"wp","href":"https:\/\/api.w.org\/{rel}","templated":true}]}}