{"id":9742,"date":"2023-06-28T12:28:56","date_gmt":"2023-06-28T10:28:56","guid":{"rendered":"https:\/\/jacekplacek.com.pl\/?post_type=product&#038;p=9742"},"modified":"2025-11-18T18:28:47","modified_gmt":"2025-11-18T17:28:47","slug":"mini-dort-cerveno-samet-2","status":"publish","type":"product","link":"https:\/\/jacekplacek.com.pl\/cs\/obchod\/torty_i_desery\/kavarna-mini-dezerty-2\/mini-dort-cerveno-samet-2\/","title":{"rendered":"Mini Bueno dort, 3 kusy"},"content":{"rendered":"<p><strong>P\u0159edstavujeme Bueno Cake - kombinaci jemn\u00e9ho kr\u00e9mu z b\u00edl\u00e9 \u010dokol\u00e1dy a k\u0159upav\u00fdch l\u00edskov\u00fdch o\u0159\u00ed\u0161k\u016f. <\/strong><\/p>\n<p><span style=\"font-weight: 400;\">Na\u0161e verze tohoto obl\u00edben\u00e9ho dortu je opravdov\u00fdm sv\u00e1tkem pro mlsn\u00e9 jaz\u00fd\u010dky. \u010c\u00edm vynik\u00e1? T\u00edm, \u017ee nen\u00ed p\u0159ehnan\u011b sladk\u00fd, je ide\u00e1ln\u00ed variantou pro d\u011bti, kter\u00e9 miluj\u00ed tuto jedine\u010dnou skladbu chut\u00ed. <strong>Zveme v\u00e1s do na\u0161\u00ed cukr\u00e1rny, abyste zjistili, pro\u010d se Bueno Cake stal obl\u00edben\u00fdm dezertem mnoha gurm\u00e1n\u016f!<\/strong><\/span><\/p>\n<p>Dezert nejen na elegantn\u00ed stoly - perfektn\u00ed na oslavu jmenin, narozenin \u010di jin\u00fdch oslav doma nebo v pr\u00e1ci...<\/p>\n<p>Produkt dostupn\u00fd v\u00a0<strong>3 kusy v hromadn\u00e9m balen\u00ed (3 kusy cca 420g).<\/strong><\/p>","protected":false},"excerpt":{"rendered":"<p><span style=\"font-weight: 400;\">Zveme v\u00e1s do na\u0161\u00ed cukr\u00e1rny, abyste zjistili, pro\u010d se Bueno Cake stal obl\u00edben\u00fdm dezertem mnoha gurm\u00e1n\u016f!<\/span><\/p>\n<p>Produkt dostupn\u00fd v\u00a0<strong>3 kusy v hromadn\u00e9m balen\u00ed (3 kusy cca 420g).<\/strong><\/p>","protected":false},"featured_media":11421,"comment_status":"closed","ping_status":"closed","template":"","meta":{"content-type":""},"product_brand":[],"product_cat":[723],"product_tag":[444,442,446,445,291,450,447,448],"class_list":{"0":"post-9742","1":"product","2":"type-product","3":"status-publish","4":"has-post-thumbnail","6":"product_cat-mini-desery-do-kawiarni","7":"product_tag-cukiernia-jacek-placek","8":"product_tag-deser-jednoporcjowy","9":"product_tag-jacek-placek-gdansk","10":"product_tag-jacek-placek-gowino","11":"product_tag-tort-malinowy","12":"product_tag-tort-mini","13":"product_tag-tort-red-velvet","14":"product_tag-tort-z-mascarpone","16":"entry","17":"has-media","19":"first","20":"instock","21":"shipping-taxable","22":"product-type-simple","23":"has-product-nav","24":"col","25":"span_1_of_4","26":"owp-content-center","27":"owp-thumbs-layout-horizontal","28":"owp-btn-normal","29":"owp-tabs-layout-horizontal"},"acf":[],"_links":{"self":[{"href":"https:\/\/jacekplacek.com.pl\/cs\/wp-json\/wp\/v2\/product\/9742","targetHints":{"allow":["GET"]}}],"collection":[{"href":"https:\/\/jacekplacek.com.pl\/cs\/wp-json\/wp\/v2\/product"}],"about":[{"href":"https:\/\/jacekplacek.com.pl\/cs\/wp-json\/wp\/v2\/types\/product"}],"replies":[{"embeddable":true,"href":"https:\/\/jacekplacek.com.pl\/cs\/wp-json\/wp\/v2\/comments?post=9742"}],"wp:featuredmedia":[{"embeddable":true,"href":"https:\/\/jacekplacek.com.pl\/cs\/wp-json\/wp\/v2\/media\/11421"}],"wp:attachment":[{"href":"https:\/\/jacekplacek.com.pl\/cs\/wp-json\/wp\/v2\/media?parent=9742"}],"wp:term":[{"taxonomy":"product_brand","embeddable":true,"href":"https:\/\/jacekplacek.com.pl\/cs\/wp-json\/wp\/v2\/product_brand?post=9742"},{"taxonomy":"product_cat","embeddable":true,"href":"https:\/\/jacekplacek.com.pl\/cs\/wp-json\/wp\/v2\/product_cat?post=9742"},{"taxonomy":"product_tag","embeddable":true,"href":"https:\/\/jacekplacek.com.pl\/cs\/wp-json\/wp\/v2\/product_tag?post=9742"}],"curies":[{"name":"wp","href":"https:\/\/api.w.org\/{rel}","templated":true}]}}