{"id":9560,"date":"2023-06-12T12:08:26","date_gmt":"2023-06-12T10:08:26","guid":{"rendered":"https:\/\/jacekplacek.com.pl\/?post_type=product&#038;p=9560"},"modified":"2025-11-18T18:28:46","modified_gmt":"2025-11-18T17:28:46","slug":"malina-nano-cookie-s-brizovym-cukrem-xylitolem-6-kusu","status":"publish","type":"product","link":"https:\/\/jacekplacek.com.pl\/cs\/obchod\/torty_i_desery\/monoporcje-na-catering\/malina-nano-cookie-s-brizovym-cukrem-xylitolem-6-kusu\/","title":{"rendered":"Malinov\u00fd nano dort s b\u0159ezov\u00fdm cukrem - xylitol, 6 kus\u016f"},"content":{"rendered":"<p>Dezert nejen na elegantn\u00ed stoly - perfektn\u00ed na oslavu jmenin, narozenin \u010di jin\u00fdch oslav doma nebo v pr\u00e1ci...<\/p>\n<p>Milujete kr\u00e9mov\u00e9 chlazen\u00e9 dezerty a tu charakteristickou konzistenci pru\u017en\u00e9 p\u011bny? Nyn\u00ed si m\u016f\u017eete vychutnat ovocnou a kr\u00e9movou chu\u0165 studen\u00e9ho cheesecaku, kter\u00fd neobsahuje tradi\u010dn\u00ed cukr. Vym\u011bnili jsme ho\u00a0<strong>b\u0159ezov\u00fd cukr \u2013 xylitol<\/strong>. Xylitol m\u00e1 hodn\u011b<strong>\u00a0n\u00edzk\u00fd glykemick\u00fd index<\/strong>, tak\u017ee je bezpe\u010dn\u00fd pro lidi trp\u00edc\u00ed\u00a0<strong>cukrovka<\/strong>\u00a0a ochotn\u011b pou\u017e\u00edv\u00e1n ve strav\u011b pro<strong>\u00a0diabetik\u016f<\/strong>.<\/p>\n<p>Pokud si chcete m\u00edsto tradi\u010dn\u00edho objednat jin\u00e9 dorty s b\u0159ezov\u00fdm cukrem, doporu\u010dujeme\u00a0<strong><a href=\"https:\/\/jacekplacek.com.pl\/cs\/kontakt\/\" target=\"_blank\" rel=\"noopener\">Kontakt<\/a>\u00a0<\/strong>s v\u00fdrobn\u00edm odd\u011blen\u00edm.<\/p>\n<p>Produkt dostupn\u00fd v <strong>hromadn\u00e9 balen\u00ed 6 ks (1 ks cca 50g).<\/strong><\/p>","protected":false},"excerpt":{"rendered":"<p>Studen\u00fd cheesecake s b\u0159ezov\u00fdm cukrem - z\u00e1klad ze \u0161paldov\u00e9ho cukrov\u00ed s xylitolem, tvarohov\u00e1 hmota s mascarpone a malinami, zdoben\u00fd vrstvou malinov\u00e9ho \u017eel\u00e9.<\/p>\n<p>Produkt dostupn\u00fd v <strong>hromadn\u00e9 balen\u00ed 6 ks (1 ks cca 50g).<\/strong><\/p>","protected":false},"featured_media":11484,"comment_status":"closed","ping_status":"closed","template":"","meta":{"content-type":""},"product_brand":[],"product_cat":[693],"product_tag":[720,721,551,539,697,719,701],"class_list":{"0":"post-9560","1":"product","2":"type-product","3":"status-publish","4":"has-post-thumbnail","6":"product_cat-monoporcje-na-catering","7":"product_tag-catering-impreza","8":"product_tag-catering-urodziny","9":"product_tag-cukier-brzozowy","10":"product_tag-ksylitol","11":"product_tag-mini-deser","12":"product_tag-mini-porcje","13":"product_tag-nano-deser","15":"entry","16":"has-media","18":"first","19":"instock","20":"shipping-taxable","21":"product-type-simple","22":"has-product-nav","23":"col","24":"span_1_of_4","25":"owp-content-center","26":"owp-thumbs-layout-horizontal","27":"owp-btn-normal","28":"owp-tabs-layout-horizontal"},"acf":[],"_links":{"self":[{"href":"https:\/\/jacekplacek.com.pl\/cs\/wp-json\/wp\/v2\/product\/9560","targetHints":{"allow":["GET"]}}],"collection":[{"href":"https:\/\/jacekplacek.com.pl\/cs\/wp-json\/wp\/v2\/product"}],"about":[{"href":"https:\/\/jacekplacek.com.pl\/cs\/wp-json\/wp\/v2\/types\/product"}],"replies":[{"embeddable":true,"href":"https:\/\/jacekplacek.com.pl\/cs\/wp-json\/wp\/v2\/comments?post=9560"}],"wp:featuredmedia":[{"embeddable":true,"href":"https:\/\/jacekplacek.com.pl\/cs\/wp-json\/wp\/v2\/media\/11484"}],"wp:attachment":[{"href":"https:\/\/jacekplacek.com.pl\/cs\/wp-json\/wp\/v2\/media?parent=9560"}],"wp:term":[{"taxonomy":"product_brand","embeddable":true,"href":"https:\/\/jacekplacek.com.pl\/cs\/wp-json\/wp\/v2\/product_brand?post=9560"},{"taxonomy":"product_cat","embeddable":true,"href":"https:\/\/jacekplacek.com.pl\/cs\/wp-json\/wp\/v2\/product_cat?post=9560"},{"taxonomy":"product_tag","embeddable":true,"href":"https:\/\/jacekplacek.com.pl\/cs\/wp-json\/wp\/v2\/product_tag?post=9560"}],"curies":[{"name":"wp","href":"https:\/\/api.w.org\/{rel}","templated":true}]}}