{"id":9557,"date":"2023-06-12T12:01:27","date_gmt":"2023-06-12T10:01:27","guid":{"rendered":"https:\/\/jacekplacek.com.pl\/?post_type=product&#038;p=9557"},"modified":"2025-11-18T18:28:46","modified_gmt":"2025-11-18T17:28:46","slug":"nano-tvarohovy-kolac-studeny-6ks","status":"publish","type":"product","link":"https:\/\/jacekplacek.com.pl\/cs\/obchod\/torty_i_desery\/monoporcje-na-catering\/nano-tvarohovy-kolac-studeny-6ks\/","title":{"rendered":"Nano cheesecake studen\u00fd 6 kus\u016f"},"content":{"rendered":"<p>Dezert nejen na elegantn\u00ed stoly - perfektn\u00ed na oslavu jmenin, narozenin \u010di jin\u00fdch oslav doma nebo v pr\u00e1ci...<\/p>\n<p><strong>Milujete kr\u00e9mov\u00e9 chlazen\u00e9 dezerty a tu charakteristickou p\u011bnovou texturu? Co kdy\u017e vrstva \u017eel\u00e9 s lahodn\u00fdmi kousky ovoce dod\u00e1 pru\u017enost?<\/strong><\/p>\n<p>Produkt dostupn\u00fd v <strong>hromadn\u00e9 balen\u00ed 6 ks (1 ks cca 50g).<\/strong><\/p>","protected":false},"excerpt":{"rendered":"<p>P\u00edskov\u00fd dortov\u00fd z\u00e1klad, tvarohov\u00e1 hmota s \u017eelatinou, naho\u0159e \u017eel\u00e9 se sez\u00f3nn\u00edm ovocem.<\/p>\n<p>Produkt dostupn\u00fd v <strong>hromadn\u00e9 balen\u00ed 6 ks (1 ks cca 50g).<\/strong><\/p>","protected":false},"featured_media":11364,"comment_status":"closed","ping_status":"closed","template":"","meta":{"content-type":""},"product_brand":[],"product_cat":[693],"product_tag":[715,713,716,714,712,697,701,135,718,717],"class_list":{"0":"post-9557","1":"product","2":"type-product","3":"status-publish","4":"has-post-thumbnail","6":"product_cat-monoporcje-na-catering","7":"product_tag-catering","8":"product_tag-catering-hotel","9":"product_tag-catering-przyjecie","10":"product_tag-catering-restauracja","11":"product_tag-jednoporcja","12":"product_tag-mini-deser","13":"product_tag-nano-deser","14":"product_tag-sernik-na-zimno","15":"product_tag-sernik-z-galaretka","16":"product_tag-urodziny-catering","18":"entry","19":"has-media","21":"first","22":"instock","23":"shipping-taxable","24":"product-type-simple","25":"has-product-nav","26":"col","27":"span_1_of_4","28":"owp-content-center","29":"owp-thumbs-layout-horizontal","30":"owp-btn-normal","31":"owp-tabs-layout-horizontal"},"acf":[],"_links":{"self":[{"href":"https:\/\/jacekplacek.com.pl\/cs\/wp-json\/wp\/v2\/product\/9557","targetHints":{"allow":["GET"]}}],"collection":[{"href":"https:\/\/jacekplacek.com.pl\/cs\/wp-json\/wp\/v2\/product"}],"about":[{"href":"https:\/\/jacekplacek.com.pl\/cs\/wp-json\/wp\/v2\/types\/product"}],"replies":[{"embeddable":true,"href":"https:\/\/jacekplacek.com.pl\/cs\/wp-json\/wp\/v2\/comments?post=9557"}],"wp:featuredmedia":[{"embeddable":true,"href":"https:\/\/jacekplacek.com.pl\/cs\/wp-json\/wp\/v2\/media\/11364"}],"wp:attachment":[{"href":"https:\/\/jacekplacek.com.pl\/cs\/wp-json\/wp\/v2\/media?parent=9557"}],"wp:term":[{"taxonomy":"product_brand","embeddable":true,"href":"https:\/\/jacekplacek.com.pl\/cs\/wp-json\/wp\/v2\/product_brand?post=9557"},{"taxonomy":"product_cat","embeddable":true,"href":"https:\/\/jacekplacek.com.pl\/cs\/wp-json\/wp\/v2\/product_cat?post=9557"},{"taxonomy":"product_tag","embeddable":true,"href":"https:\/\/jacekplacek.com.pl\/cs\/wp-json\/wp\/v2\/product_tag?post=9557"}],"curies":[{"name":"wp","href":"https:\/\/api.w.org\/{rel}","templated":true}]}}