{"id":9543,"date":"2023-06-12T11:31:23","date_gmt":"2023-06-12T09:31:23","guid":{"rendered":"https:\/\/jacekplacek.com.pl\/?post_type=product&#038;p=9543"},"modified":"2025-11-18T18:28:46","modified_gmt":"2025-11-18T17:28:46","slug":"nano-skoricovy-tvarohovy-kolac-6-kusu","status":"publish","type":"product","link":"https:\/\/jacekplacek.com.pl\/cs\/obchod\/torty_i_desery\/monoporcje-na-catering\/nano-skoricovy-tvarohovy-kolac-6-kusu\/","title":{"rendered":"Nano sko\u0159icov\u00fd cheesecake 6 kus\u016f"},"content":{"rendered":"<p>Dezert nejen na elegantn\u00ed stoly - perfektn\u00ed na oslavu jmenin, narozenin \u010di jin\u00fdch oslav doma nebo v pr\u00e1ci...<\/p>\n<p><strong>Milujete kr\u00e9mov\u00e9 chlazen\u00e9 dezerty a tu charakteristickou konzistenci pru\u017en\u00e9 p\u011bny? Co kdy\u017e je doprov\u00e1z\u00ed tepl\u00fd, ko\u0159en\u011bn\u00fd t\u00f3n sko\u0159ice?<\/strong><\/p>\n<p>Produkt dostupn\u00fd v <strong>hromadn\u00e9 balen\u00ed 6 ks (1 ks cca 50g).<\/strong><\/p>","protected":false},"excerpt":{"rendered":"<p>Z\u00e1klad z k\u0159ehk\u00e9ho t\u011bsta se sko\u0159ic\u00ed, tvarohov\u00e1 n\u00e1pl\u0148 s \u017eelatinou, sko\u0159icov\u00fd toping.<\/p>\n<p>Produkt dostupn\u00fd v <strong>hromadn\u00e9 balen\u00ed 6 ks (1 ks cca 50g).<\/strong><\/p>","protected":false},"featured_media":11368,"comment_status":"closed","ping_status":"closed","template":"","meta":{"content-type":""},"product_brand":[],"product_cat":[693],"product_tag":[703,697,701,200,704],"class_list":{"0":"post-9543","1":"product","2":"type-product","3":"status-publish","4":"has-post-thumbnail","6":"product_cat-monoporcje-na-catering","7":"product_tag-cynamonowy-deser","8":"product_tag-mini-deser","9":"product_tag-nano-deser","10":"product_tag-sernik-cynamonowy","11":"product_tag-sernik-z-cynamonem","13":"entry","14":"has-media","16":"first","17":"instock","18":"shipping-taxable","19":"product-type-simple","20":"has-product-nav","21":"col","22":"span_1_of_4","23":"owp-content-center","24":"owp-thumbs-layout-horizontal","25":"owp-btn-normal","26":"owp-tabs-layout-horizontal"},"acf":[],"_links":{"self":[{"href":"https:\/\/jacekplacek.com.pl\/cs\/wp-json\/wp\/v2\/product\/9543","targetHints":{"allow":["GET"]}}],"collection":[{"href":"https:\/\/jacekplacek.com.pl\/cs\/wp-json\/wp\/v2\/product"}],"about":[{"href":"https:\/\/jacekplacek.com.pl\/cs\/wp-json\/wp\/v2\/types\/product"}],"replies":[{"embeddable":true,"href":"https:\/\/jacekplacek.com.pl\/cs\/wp-json\/wp\/v2\/comments?post=9543"}],"wp:featuredmedia":[{"embeddable":true,"href":"https:\/\/jacekplacek.com.pl\/cs\/wp-json\/wp\/v2\/media\/11368"}],"wp:attachment":[{"href":"https:\/\/jacekplacek.com.pl\/cs\/wp-json\/wp\/v2\/media?parent=9543"}],"wp:term":[{"taxonomy":"product_brand","embeddable":true,"href":"https:\/\/jacekplacek.com.pl\/cs\/wp-json\/wp\/v2\/product_brand?post=9543"},{"taxonomy":"product_cat","embeddable":true,"href":"https:\/\/jacekplacek.com.pl\/cs\/wp-json\/wp\/v2\/product_cat?post=9543"},{"taxonomy":"product_tag","embeddable":true,"href":"https:\/\/jacekplacek.com.pl\/cs\/wp-json\/wp\/v2\/product_tag?post=9543"}],"curies":[{"name":"wp","href":"https:\/\/api.w.org\/{rel}","templated":true}]}}