{"id":9540,"date":"2023-06-12T11:22:43","date_gmt":"2023-06-12T09:22:43","guid":{"rendered":"https:\/\/jacekplacek.com.pl\/?post_type=product&#038;p=9540"},"modified":"2025-11-18T18:28:46","modified_gmt":"2025-11-18T17:28:46","slug":"nano-tiramisu-6-kusu","status":"publish","type":"product","link":"https:\/\/jacekplacek.com.pl\/cs\/obchod\/torty_i_desery\/monoporcje-na-catering\/nano-tiramisu-6-kusu\/","title":{"rendered":"Nano italsk\u00fd dort tiramisu, 6 kus\u016f"},"content":{"rendered":"<p><b>Italsk\u00e1 klasika ve sv\u00e9 nejchutn\u011bj\u0161\u00ed verzi - n\u00e1\u0161 nano italsk\u00fd dort Tiramisu.<\/b><\/p>\n<p><span style=\"font-weight: 400;\">N\u00e1\u0161 dort je poctou tradi\u010dn\u00edmu italsk\u00e9mu dezertu na b\u00e1zi s\u00fdru mascarpone, kter\u00fd je nejen extr\u00e9mn\u011b kr\u00e9mov\u00fd, ale tak\u00e9 bohat\u00fd na chu\u0165. Pro je\u0161t\u011b v\u011bt\u0161\u00ed aroma namo\u010d\u00edme do k\u00e1vov\u00e9ho pun\u010de s n\u00e1dechem lik\u00e9ru amaretto. Je to kombinace chut\u00ed, kter\u00e1 pot\u011b\u0161\u00ed smysly a okouzl\u00ed patra.<\/span><\/p>\n<p><b>N\u00e1\u0161 nano italsk\u00fd dort Tiramisu je perfektn\u00ed volbou pro ty, kte\u0159\u00ed se cht\u011bj\u00ed pono\u0159it do tradice a chut\u00ed It\u00e1lie. P\u0159ij\u010fte do na\u0161\u00ed cukr\u00e1rny a vydejte se s n\u00e1mi na tuto chu\u0165ovou cestu je\u0161t\u011b dnes! <\/b><\/p>\n<p>Dezert nejen na elegantn\u00ed stoly - perfektn\u00ed na oslavu jmenin, narozenin \u010di jin\u00fdch oslav doma nebo v pr\u00e1ci...<\/p>\n<p>Produkt dostupn\u00fd v <strong>6 kus\u016f v hromadn\u00e9m balen\u00ed (1 kus cca 60g).<\/strong><\/p>","protected":false},"excerpt":{"rendered":"<p><span style=\"font-weight: 400;\">Je to opravdov\u00e1 hostina pro jaz\u00fd\u010dky, kter\u00e1 v\u00e1s s ka\u017ed\u00fdm soustem zavede do srdce It\u00e1lie. <\/span>Dezert nejen na elegantn\u00ed stoly - perfektn\u00ed na oslavu jmenin, narozenin \u010di jin\u00fdch oslav doma nebo v pr\u00e1ci...<\/p>\n<p>Produkt dostupn\u00fd v <strong>6 kus\u016f v hromadn\u00e9m balen\u00ed (1 kus cca 60g).<\/strong><\/p>","protected":false},"featured_media":11487,"comment_status":"closed","ping_status":"closed","template":"","meta":{"content-type":""},"product_brand":[],"product_cat":[693],"product_tag":[697,696,701,700,267,702],"class_list":{"0":"post-9540","1":"product","2":"type-product","3":"status-publish","4":"has-post-thumbnail","6":"product_cat-monoporcje-na-catering","7":"product_tag-mini-deser","8":"product_tag-nano","9":"product_tag-nano-deser","10":"product_tag-nano-porcja","11":"product_tag-tiramisu","12":"product_tag-wloskie-tiramisu","14":"entry","15":"has-media","17":"first","18":"instock","19":"shipping-taxable","20":"product-type-simple","21":"has-product-nav","22":"col","23":"span_1_of_4","24":"owp-content-center","25":"owp-thumbs-layout-horizontal","26":"owp-btn-normal","27":"owp-tabs-layout-horizontal"},"acf":[],"_links":{"self":[{"href":"https:\/\/jacekplacek.com.pl\/cs\/wp-json\/wp\/v2\/product\/9540","targetHints":{"allow":["GET"]}}],"collection":[{"href":"https:\/\/jacekplacek.com.pl\/cs\/wp-json\/wp\/v2\/product"}],"about":[{"href":"https:\/\/jacekplacek.com.pl\/cs\/wp-json\/wp\/v2\/types\/product"}],"replies":[{"embeddable":true,"href":"https:\/\/jacekplacek.com.pl\/cs\/wp-json\/wp\/v2\/comments?post=9540"}],"wp:featuredmedia":[{"embeddable":true,"href":"https:\/\/jacekplacek.com.pl\/cs\/wp-json\/wp\/v2\/media\/11487"}],"wp:attachment":[{"href":"https:\/\/jacekplacek.com.pl\/cs\/wp-json\/wp\/v2\/media?parent=9540"}],"wp:term":[{"taxonomy":"product_brand","embeddable":true,"href":"https:\/\/jacekplacek.com.pl\/cs\/wp-json\/wp\/v2\/product_brand?post=9540"},{"taxonomy":"product_cat","embeddable":true,"href":"https:\/\/jacekplacek.com.pl\/cs\/wp-json\/wp\/v2\/product_cat?post=9540"},{"taxonomy":"product_tag","embeddable":true,"href":"https:\/\/jacekplacek.com.pl\/cs\/wp-json\/wp\/v2\/product_tag?post=9540"}],"curies":[{"name":"wp","href":"https:\/\/api.w.org\/{rel}","templated":true}]}}