{"id":9531,"date":"2023-06-12T11:06:13","date_gmt":"2023-06-12T09:06:13","guid":{"rendered":"https:\/\/jacekplacek.com.pl\/?post_type=product&#038;p=9531"},"modified":"2025-11-18T18:28:46","modified_gmt":"2025-11-18T17:28:46","slug":"nano-cerveno-samet","status":"publish","type":"product","link":"https:\/\/jacekplacek.com.pl\/cs\/obchod\/torty_i_desery\/monoporcje-na-catering\/nano-cerveno-samet\/","title":{"rendered":"Nano Red Velvet dort, 6 kus\u016f"},"content":{"rendered":"<p><b>Zveme v\u00e1s ochutnat na\u0161i vlajkovou lo\u010f nano Red Velvet Cake - klasick\u00fd dezert s nov\u00fdm n\u00e1dechem.<\/b><\/p>\n<p><b>N\u00e1\u0161 dort je nejen chutn\u00fd, ale tak\u00e9 zdrav\u00fd, proto\u017ee se vyh\u00fdb\u00e1me um\u011bl\u00fdm p\u0159\u00edsad\u00e1m pou\u017e\u00edv\u00e1n\u00edm p\u0159\u00edrodn\u00edho barviva lykopenu z\u00edskan\u00e9ho z raj\u010dat.<\/b><span style=\"font-weight: 400;\"> Vnit\u0159ek dortu pln\u00edme lahodn\u00fdm kr\u00e9mem z mascarpone a malinov\u00fdm d\u017eemem, kter\u00fd mu dod\u00e1v\u00e1 jedine\u010dnou chu\u0165. P\u0159esv\u011bd\u010dte se sami, \u017ee tradi\u010dn\u00ed chu\u0165 m\u016f\u017ee j\u00edt ruku v ruce s d\u016frazem na kvalitu surovin.<\/span><\/p>\n<p>Dezert nejen na elegantn\u00ed stoly - perfektn\u00ed na oslavu jmenin, narozenin \u010di jin\u00fdch oslav doma nebo v pr\u00e1ci...<\/p>\n<p>Produkt dostupn\u00fd v\u00a0<strong>hromadn\u00e9 balen\u00ed 6 ks (1 ks cca 70g).<\/strong><\/p>","protected":false},"excerpt":{"rendered":"<p><span style=\"font-weight: 400;\">Na\u0161e vlajkov\u00e1 lo\u010f Red Velvet Cake - klasick\u00fd dezert s nov\u00fdm n\u00e1dechem. P\u0159esv\u011bd\u010dte se sami, \u017ee tradi\u010dn\u00ed chu\u0165 m\u016f\u017ee j\u00edt ruku v ruce s d\u016frazem na kvalitu surovin.<\/span><\/p>\n<p>Produkt dostupn\u00fd v <strong>hromadn\u00e9 balen\u00ed 6 ks (1 ks cca 70g).<\/strong><\/p>","protected":false},"featured_media":11359,"comment_status":"closed","ping_status":"closed","template":"","meta":{"content-type":""},"product_brand":[],"product_cat":[693],"product_tag":[697,696,336,447],"class_list":{"0":"post-9531","1":"product","2":"type-product","3":"status-publish","4":"has-post-thumbnail","6":"product_cat-monoporcje-na-catering","7":"product_tag-mini-deser","8":"product_tag-nano","9":"product_tag-red-velvet","10":"product_tag-tort-red-velvet","12":"entry","13":"has-media","15":"first","16":"instock","17":"shipping-taxable","18":"product-type-simple","19":"has-product-nav","20":"col","21":"span_1_of_4","22":"owp-content-center","23":"owp-thumbs-layout-horizontal","24":"owp-btn-normal","25":"owp-tabs-layout-horizontal"},"acf":[],"_links":{"self":[{"href":"https:\/\/jacekplacek.com.pl\/cs\/wp-json\/wp\/v2\/product\/9531","targetHints":{"allow":["GET"]}}],"collection":[{"href":"https:\/\/jacekplacek.com.pl\/cs\/wp-json\/wp\/v2\/product"}],"about":[{"href":"https:\/\/jacekplacek.com.pl\/cs\/wp-json\/wp\/v2\/types\/product"}],"replies":[{"embeddable":true,"href":"https:\/\/jacekplacek.com.pl\/cs\/wp-json\/wp\/v2\/comments?post=9531"}],"wp:featuredmedia":[{"embeddable":true,"href":"https:\/\/jacekplacek.com.pl\/cs\/wp-json\/wp\/v2\/media\/11359"}],"wp:attachment":[{"href":"https:\/\/jacekplacek.com.pl\/cs\/wp-json\/wp\/v2\/media?parent=9531"}],"wp:term":[{"taxonomy":"product_brand","embeddable":true,"href":"https:\/\/jacekplacek.com.pl\/cs\/wp-json\/wp\/v2\/product_brand?post=9531"},{"taxonomy":"product_cat","embeddable":true,"href":"https:\/\/jacekplacek.com.pl\/cs\/wp-json\/wp\/v2\/product_cat?post=9531"},{"taxonomy":"product_tag","embeddable":true,"href":"https:\/\/jacekplacek.com.pl\/cs\/wp-json\/wp\/v2\/product_tag?post=9531"}],"curies":[{"name":"wp","href":"https:\/\/api.w.org\/{rel}","templated":true}]}}