{"id":9522,"date":"2023-06-12T10:57:05","date_gmt":"2023-06-12T08:57:05","guid":{"rendered":"https:\/\/jacekplacek.com.pl\/?post_type=product&#038;p=9522"},"modified":"2025-11-18T18:28:45","modified_gmt":"2025-11-18T17:28:45","slug":"nano-bueno-6-ks","status":"publish","type":"product","link":"https:\/\/jacekplacek.com.pl\/cs\/obchod\/torty_i_desery\/monoporcje-na-catering\/nano-bueno-6-ks\/","title":{"rendered":"Dort Nano Bueno, 6 kus\u016f"},"content":{"rendered":"<p><strong>P\u0159edstavujeme nano Bueno Cake - kombinaci jemn\u00e9ho kr\u00e9mu z b\u00edl\u00e9 \u010dokol\u00e1dy a k\u0159upav\u00fdch l\u00edskov\u00fdch o\u0159\u00ed\u0161k\u016f.<\/strong><\/p>\n<p>Na\u0161e verze tohoto obl\u00edben\u00e9ho dortu je opravdov\u00fdm sv\u00e1tkem pro mlsn\u00e9 jaz\u00fd\u010dky. \u010c\u00edm vynik\u00e1? T\u00edm, \u017ee nen\u00ed p\u0159ehnan\u011b sladk\u00fd, je ide\u00e1ln\u00ed variantou pro d\u011bti, kter\u00e9 miluj\u00ed tuto jedine\u010dnou skladbu chut\u00ed.\u00a0<strong>Zveme v\u00e1s do na\u0161\u00ed cukr\u00e1rny, abyste zjistili, pro\u010d se Bueno Cake stal obl\u00edben\u00fdm dezertem mnoha gurm\u00e1n\u016f!<\/strong><\/p>\n<p>Dezert nejen na elegantn\u00ed stoly - perfektn\u00ed na oslavu jmenin, narozenin \u010di jin\u00fdch oslav doma nebo v pr\u00e1ci...<\/p>\n<p>Produkt dostupn\u00fd v\u00a0<strong>6 kus\u016f v hromadn\u00e9m balen\u00ed (6 kus\u016f cca 360g).<\/strong><\/p>","protected":false},"excerpt":{"rendered":"<p>Zveme v\u00e1s do na\u0161\u00ed cukr\u00e1rny, abyste zjistili, pro\u010d se Bueno Cake stal obl\u00edben\u00fdm dezertem mnoha gurm\u00e1n\u016f!<\/p>\n<p>Produkt dostupn\u00fd v\u00a0<strong>6 kus\u016f v hromadn\u00e9m balen\u00ed (6 kus\u016f cca 360g).<\/strong><\/p>","protected":false},"featured_media":11490,"comment_status":"closed","ping_status":"closed","template":"","meta":{"content-type":""},"product_brand":[],"product_cat":[693],"product_tag":[357,380,694,253,254,695,174],"class_list":{"0":"post-9522","1":"product","2":"type-product","3":"status-publish","4":"has-post-thumbnail","6":"product_cat-monoporcje-na-catering","7":"product_tag-ciasteczka","8":"product_tag-ciasto","9":"product_tag-ciasto-bueno","10":"product_tag-ciasto-z-kajmakiem","11":"product_tag-kajmak","12":"product_tag-nano-bueno","13":"product_tag-polewa-kajmakowa","15":"entry","16":"has-media","18":"first","19":"instock","20":"shipping-taxable","21":"product-type-simple","22":"has-product-nav","23":"col","24":"span_1_of_4","25":"owp-content-center","26":"owp-thumbs-layout-horizontal","27":"owp-btn-normal","28":"owp-tabs-layout-horizontal"},"acf":[],"_links":{"self":[{"href":"https:\/\/jacekplacek.com.pl\/cs\/wp-json\/wp\/v2\/product\/9522","targetHints":{"allow":["GET"]}}],"collection":[{"href":"https:\/\/jacekplacek.com.pl\/cs\/wp-json\/wp\/v2\/product"}],"about":[{"href":"https:\/\/jacekplacek.com.pl\/cs\/wp-json\/wp\/v2\/types\/product"}],"replies":[{"embeddable":true,"href":"https:\/\/jacekplacek.com.pl\/cs\/wp-json\/wp\/v2\/comments?post=9522"}],"wp:featuredmedia":[{"embeddable":true,"href":"https:\/\/jacekplacek.com.pl\/cs\/wp-json\/wp\/v2\/media\/11490"}],"wp:attachment":[{"href":"https:\/\/jacekplacek.com.pl\/cs\/wp-json\/wp\/v2\/media?parent=9522"}],"wp:term":[{"taxonomy":"product_brand","embeddable":true,"href":"https:\/\/jacekplacek.com.pl\/cs\/wp-json\/wp\/v2\/product_brand?post=9522"},{"taxonomy":"product_cat","embeddable":true,"href":"https:\/\/jacekplacek.com.pl\/cs\/wp-json\/wp\/v2\/product_cat?post=9522"},{"taxonomy":"product_tag","embeddable":true,"href":"https:\/\/jacekplacek.com.pl\/cs\/wp-json\/wp\/v2\/product_tag?post=9522"}],"curies":[{"name":"wp","href":"https:\/\/api.w.org\/{rel}","templated":true}]}}