{"id":864,"date":"2020-11-27T14:39:00","date_gmt":"2020-11-27T13:39:00","guid":{"rendered":"https:\/\/jacekplacek.com.pl\/?post_type=product&#038;p=864"},"modified":"2025-11-18T18:27:16","modified_gmt":"2025-11-18T17:27:16","slug":"kostka-marcello","status":"publish","type":"product","link":"https:\/\/jacekplacek.com.pl\/cs\/obchod\/torty_i_desery\/dortove-kostky\/kostka-marcello\/","title":{"rendered":"Kostka Marcello"},"content":{"rendered":"<p><strong>Kakaov\u00fd pi\u0161kot, t\u0159e\u0161\u0148ov\u00fd pun\u010d a \u010dokol\u00e1dov\u00fd m\u00e1slov\u00fd kr\u00e9m s vi\u0161n\u011bmi.<\/strong><\/p>\n<p>Nechte si na\u0161imi dortov\u00fdmi kostkami osladit \u017eivot a zpest\u0159it nab\u00eddku dezert\u016f!<\/p>","protected":false},"excerpt":{"rendered":"<p><span data-sheets-root=\"1\">Dv\u011b vrstvy kakaov\u00e9ho pi\u0161kotu napu\u0161t\u011bn\u00e9ho t\u0159e\u0161\u0148ov\u00fdm pun\u010dem, vrstven\u00e9 \u010dokol\u00e1dov\u00fdm m\u00e1slov\u00fdm kr\u00e9mem se \u0161\u0165avnat\u00fdmi vi\u0161n\u011bmi.<\/span><\/p>","protected":false},"featured_media":3713,"comment_status":"closed","ping_status":"closed","template":"","meta":{"content-type":""},"product_brand":[],"product_cat":[268],"product_tag":[444,64,446,445,449,269,273,208],"class_list":{"0":"post-864","1":"product","2":"type-product","3":"status-publish","4":"has-post-thumbnail","6":"product_cat-kostki-tortowe","7":"product_tag-cukiernia-jacek-placek","8":"product_tag-czekolada","9":"product_tag-jacek-placek-gdansk","10":"product_tag-jacek-placek-gowino","11":"product_tag-jacek-placek-sopot","12":"product_tag-kostka-tortowa","13":"product_tag-mercello","14":"product_tag-wisnie","16":"entry","17":"has-media","19":"first","20":"instock","21":"shipping-taxable","22":"product-type-variable","23":"has-default-attributes","24":"has-product-nav","25":"col","26":"span_1_of_4","27":"owp-content-center","28":"owp-thumbs-layout-horizontal","29":"owp-btn-normal","30":"owp-tabs-layout-horizontal"},"acf":[],"_links":{"self":[{"href":"https:\/\/jacekplacek.com.pl\/cs\/wp-json\/wp\/v2\/product\/864","targetHints":{"allow":["GET"]}}],"collection":[{"href":"https:\/\/jacekplacek.com.pl\/cs\/wp-json\/wp\/v2\/product"}],"about":[{"href":"https:\/\/jacekplacek.com.pl\/cs\/wp-json\/wp\/v2\/types\/product"}],"replies":[{"embeddable":true,"href":"https:\/\/jacekplacek.com.pl\/cs\/wp-json\/wp\/v2\/comments?post=864"}],"wp:featuredmedia":[{"embeddable":true,"href":"https:\/\/jacekplacek.com.pl\/cs\/wp-json\/wp\/v2\/media\/3713"}],"wp:attachment":[{"href":"https:\/\/jacekplacek.com.pl\/cs\/wp-json\/wp\/v2\/media?parent=864"}],"wp:term":[{"taxonomy":"product_brand","embeddable":true,"href":"https:\/\/jacekplacek.com.pl\/cs\/wp-json\/wp\/v2\/product_brand?post=864"},{"taxonomy":"product_cat","embeddable":true,"href":"https:\/\/jacekplacek.com.pl\/cs\/wp-json\/wp\/v2\/product_cat?post=864"},{"taxonomy":"product_tag","embeddable":true,"href":"https:\/\/jacekplacek.com.pl\/cs\/wp-json\/wp\/v2\/product_tag?post=864"}],"curies":[{"name":"wp","href":"https:\/\/api.w.org\/{rel}","templated":true}]}}