{"id":735,"date":"2020-11-27T12:33:00","date_gmt":"2020-11-27T11:33:00","guid":{"rendered":"https:\/\/jacekplacek.com.pl\/?post_type=product&#038;p=735"},"modified":"2025-11-18T18:30:05","modified_gmt":"2025-11-18T17:30:05","slug":"mak-kralovsky","status":"publish","type":"product","link":"https:\/\/jacekplacek.com.pl\/cs\/obchod\/kremove-dorty\/dorty-s-pudinkovym-kremem\/mak-kralovsky\/","title":{"rendered":"King Poppy Seed (opilec)"},"content":{"rendered":"<p><strong>Lahodn\u00e1 odr\u016fda makov\u00e9ho dortu s kokosem, pudinkov\u00fdm kr\u00e9mem a \u010dokol\u00e1dovou polevou.<\/strong><\/p>\n<p>Vn\u00edmejte sladkou chu\u0165, kter\u00e1 se rozpl\u00fdv\u00e1 ve va\u0161ich \u00fastech a dop\u0159ejte si okam\u017eik zapomn\u011bn\u00ed.<\/p>","protected":false},"excerpt":{"rendered":"<p><span data-sheets-root=\"1\">Makov\u00fd z\u00e1klad s kokosem, vanilkov\u00fdm pudinkov\u00fdm kr\u00e9mem a rozinkami v alkoholu, v\u0161e zakon\u010den\u00e9 vrstvou \u010dokol\u00e1dy.<\/span><\/p>","protected":false},"featured_media":3279,"comment_status":"closed","ping_status":"closed","template":"","meta":{"content-type":""},"product_brand":[],"product_cat":[79],"product_tag":[444,446,445,449,133,247,245,246],"class_list":{"0":"post-735","1":"product","2":"type-product","3":"status-publish","4":"has-post-thumbnail","6":"product_cat-ciasta-z-kremem-budyniowym","7":"product_tag-cukiernia-jacek-placek","8":"product_tag-jacek-placek-gdansk","9":"product_tag-jacek-placek-gowino","10":"product_tag-jacek-placek-sopot","11":"product_tag-krem-budyniowy","12":"product_tag-mak","13":"product_tag-makowiec-krolewski","14":"product_tag-pijak","16":"entry","17":"has-media","19":"first","20":"instock","21":"shipping-taxable","22":"product-type-variable","23":"has-default-attributes","24":"has-product-nav","25":"col","26":"span_1_of_4","27":"owp-content-center","28":"owp-thumbs-layout-horizontal","29":"owp-btn-normal","30":"owp-tabs-layout-horizontal"},"acf":[],"_links":{"self":[{"href":"https:\/\/jacekplacek.com.pl\/cs\/wp-json\/wp\/v2\/product\/735","targetHints":{"allow":["GET"]}}],"collection":[{"href":"https:\/\/jacekplacek.com.pl\/cs\/wp-json\/wp\/v2\/product"}],"about":[{"href":"https:\/\/jacekplacek.com.pl\/cs\/wp-json\/wp\/v2\/types\/product"}],"replies":[{"embeddable":true,"href":"https:\/\/jacekplacek.com.pl\/cs\/wp-json\/wp\/v2\/comments?post=735"}],"wp:featuredmedia":[{"embeddable":true,"href":"https:\/\/jacekplacek.com.pl\/cs\/wp-json\/wp\/v2\/media\/3279"}],"wp:attachment":[{"href":"https:\/\/jacekplacek.com.pl\/cs\/wp-json\/wp\/v2\/media?parent=735"}],"wp:term":[{"taxonomy":"product_brand","embeddable":true,"href":"https:\/\/jacekplacek.com.pl\/cs\/wp-json\/wp\/v2\/product_brand?post=735"},{"taxonomy":"product_cat","embeddable":true,"href":"https:\/\/jacekplacek.com.pl\/cs\/wp-json\/wp\/v2\/product_cat?post=735"},{"taxonomy":"product_tag","embeddable":true,"href":"https:\/\/jacekplacek.com.pl\/cs\/wp-json\/wp\/v2\/product_tag?post=735"}],"curies":[{"name":"wp","href":"https:\/\/api.w.org\/{rel}","templated":true}]}}