{"id":694,"date":"2020-11-27T11:53:59","date_gmt":"2020-11-27T10:53:59","guid":{"rendered":"https:\/\/jacekplacek.com.pl\/?post_type=product&#038;p=694"},"modified":"2025-11-18T18:30:04","modified_gmt":"2025-11-18T17:30:04","slug":"madarsky-kolac","status":"publish","type":"product","link":"https:\/\/jacekplacek.com.pl\/cs\/obchod\/kremove-dorty\/dorty-s-pudinkovym-kremem\/madarsky-kolac\/","title":{"rendered":"Ma\u010farsk\u00fd dort"},"content":{"rendered":"<p><strong>Zaj\u00edmav\u00e1 kombinace p\u00edskov\u00e9ho dortu se \u0161\u0165avnat\u00fdmi t\u0159e\u0161n\u011bmi a lahodn\u00fdm pudinkov\u00fdm kr\u00e9mem - ol\u00edzn\u011bte si prsty!<\/strong><\/p>\n<p>Vn\u00edmejte sladkou chu\u0165, kter\u00e1 se rozpl\u00fdv\u00e1 ve va\u0161ich \u00fastech a dop\u0159ejte si okam\u017eik zapomn\u011bn\u00ed.<\/p>","protected":false},"excerpt":{"rendered":"<p><span data-sheets-root=\"1\">P\u00edskov\u00fd dort se \u0161\u0165avnat\u00fdmi t\u0159e\u0161n\u011bmi, vrstven\u00fd pudinkov\u00fdm kr\u00e9mem a \u010dokol\u00e1dovou polevou.<\/span><\/p>","protected":false},"featured_media":13326,"comment_status":"closed","ping_status":"closed","template":"","meta":{"content-type":""},"product_brand":[],"product_cat":[79],"product_tag":[231,236,444,446,445,449,133,237,208],"class_list":{"0":"post-694","1":"product","2":"type-product","3":"status-publish","4":"has-post-thumbnail","6":"product_cat-ciasta-z-kremem-budyniowym","7":"product_tag-ciasto-czekoladowe","8":"product_tag-ciasto-wegierskie","9":"product_tag-cukiernia-jacek-placek","10":"product_tag-jacek-placek-gdansk","11":"product_tag-jacek-placek-gowino","12":"product_tag-jacek-placek-sopot","13":"product_tag-krem-budyniowy","14":"product_tag-wegierskie","15":"product_tag-wisnie","17":"entry","18":"has-media","20":"first","21":"instock","22":"shipping-taxable","23":"product-type-variable","24":"has-default-attributes","25":"has-product-nav","26":"col","27":"span_1_of_4","28":"owp-content-center","29":"owp-thumbs-layout-horizontal","30":"owp-btn-normal","31":"owp-tabs-layout-horizontal"},"acf":[],"_links":{"self":[{"href":"https:\/\/jacekplacek.com.pl\/cs\/wp-json\/wp\/v2\/product\/694","targetHints":{"allow":["GET"]}}],"collection":[{"href":"https:\/\/jacekplacek.com.pl\/cs\/wp-json\/wp\/v2\/product"}],"about":[{"href":"https:\/\/jacekplacek.com.pl\/cs\/wp-json\/wp\/v2\/types\/product"}],"replies":[{"embeddable":true,"href":"https:\/\/jacekplacek.com.pl\/cs\/wp-json\/wp\/v2\/comments?post=694"}],"wp:featuredmedia":[{"embeddable":true,"href":"https:\/\/jacekplacek.com.pl\/cs\/wp-json\/wp\/v2\/media\/13326"}],"wp:attachment":[{"href":"https:\/\/jacekplacek.com.pl\/cs\/wp-json\/wp\/v2\/media?parent=694"}],"wp:term":[{"taxonomy":"product_brand","embeddable":true,"href":"https:\/\/jacekplacek.com.pl\/cs\/wp-json\/wp\/v2\/product_brand?post=694"},{"taxonomy":"product_cat","embeddable":true,"href":"https:\/\/jacekplacek.com.pl\/cs\/wp-json\/wp\/v2\/product_cat?post=694"},{"taxonomy":"product_tag","embeddable":true,"href":"https:\/\/jacekplacek.com.pl\/cs\/wp-json\/wp\/v2\/product_tag?post=694"}],"curies":[{"name":"wp","href":"https:\/\/api.w.org\/{rel}","templated":true}]}}