{"id":6908,"date":"2022-06-23T09:21:33","date_gmt":"2022-06-23T07:21:33","guid":{"rendered":"https:\/\/jacekplacek.com.pl\/?post_type=product&#038;p=6908"},"modified":"2025-11-18T18:27:31","modified_gmt":"2025-11-18T17:27:31","slug":"studeny-tvarohovy-s-brizovym-cukrem","status":"publish","type":"product","link":"https:\/\/jacekplacek.com.pl\/cs\/obchod\/tvarohove-kolace-vse\/studene-tvarohove-kolace\/studeny-tvarohovy-s-brizovym-cukrem\/","title":{"rendered":"Malinov\u00fd dort s b\u0159ezov\u00fdm cukrem - xylitol"},"content":{"rendered":"<p><span style=\"font-size: 16px;\">Milujete kr\u00e9mov\u00e9 chlazen\u00e9 dezerty a tu charakteristickou konzistenci pru\u017en\u00e9 p\u011bny? Nyn\u00ed si m\u016f\u017eete vychutnat ovocnou a kr\u00e9movou chu\u0165 studen\u00e9ho cheesecaku, kter\u00fd neobsahuje tradi\u010dn\u00ed cukr. Vym\u011bnili jsme ho <strong>b\u0159ezov\u00fd cukr - xylitol, kter\u00fd<\/strong>\u00a0m\u00e1 hodn\u011b<strong> n\u00edzk\u00fd glykemick\u00fd index.<\/strong><\/span><\/p>\n<p><span style=\"font-weight: 400;\">(Rostlina pou\u017e\u00edv\u00e1: mouku, vejce, o\u0159echy, sezam a ml\u00e9ko. Ka\u017ed\u00fd v\u00fdrobek proto m\u016f\u017ee obsahovat stopy zm\u00edn\u011bn\u00fdch alergen\u016f, i kdy\u017e nejsou uvedeny v popisu a seznamu slo\u017eek.)<\/span><\/p>","protected":false},"excerpt":{"rendered":"<p><span style=\"font-weight: 400;\">Studen\u00fd cheesecake s b\u0159ezov\u00fdm cukrem - z\u00e1klad ze \u0161paldov\u00e9ho cukrov\u00ed s xylitolem, tvarohov\u00e1 hmota s mascarpone a malinami, zdoben\u00fd vrstvou malinov\u00e9ho \u017eel\u00e9.<\/span><\/p>","protected":false},"featured_media":11449,"comment_status":"closed","ping_status":"closed","template":"","meta":{"content-type":""},"product_brand":[],"product_cat":[76,534],"product_tag":[551,444,553,552,446,445,449,539,198,135],"class_list":{"0":"post-6908","1":"product","2":"type-product","3":"status-publish","4":"has-post-thumbnail","6":"product_cat-serniki-na-zimno","7":"product_cat-ciasta-weganskie-i-keto","8":"product_tag-cukier-brzozowy","9":"product_tag-cukiernia-jacek-placek","10":"product_tag-dla-cukrzykow","11":"product_tag-dla-diabetykow","12":"product_tag-jacek-placek-gdansk","13":"product_tag-jacek-placek-gowino","14":"product_tag-jacek-placek-sopot","15":"product_tag-ksylitol","16":"product_tag-malinowa-poezja","17":"product_tag-sernik-na-zimno","19":"entry","20":"has-media","22":"first","23":"instock","24":"shipping-taxable","25":"product-type-variable","26":"has-product-nav","27":"col","28":"span_1_of_4","29":"owp-content-center","30":"owp-thumbs-layout-horizontal","31":"owp-btn-normal","32":"owp-tabs-layout-horizontal"},"acf":[],"_links":{"self":[{"href":"https:\/\/jacekplacek.com.pl\/cs\/wp-json\/wp\/v2\/product\/6908","targetHints":{"allow":["GET"]}}],"collection":[{"href":"https:\/\/jacekplacek.com.pl\/cs\/wp-json\/wp\/v2\/product"}],"about":[{"href":"https:\/\/jacekplacek.com.pl\/cs\/wp-json\/wp\/v2\/types\/product"}],"replies":[{"embeddable":true,"href":"https:\/\/jacekplacek.com.pl\/cs\/wp-json\/wp\/v2\/comments?post=6908"}],"wp:featuredmedia":[{"embeddable":true,"href":"https:\/\/jacekplacek.com.pl\/cs\/wp-json\/wp\/v2\/media\/11449"}],"wp:attachment":[{"href":"https:\/\/jacekplacek.com.pl\/cs\/wp-json\/wp\/v2\/media?parent=6908"}],"wp:term":[{"taxonomy":"product_brand","embeddable":true,"href":"https:\/\/jacekplacek.com.pl\/cs\/wp-json\/wp\/v2\/product_brand?post=6908"},{"taxonomy":"product_cat","embeddable":true,"href":"https:\/\/jacekplacek.com.pl\/cs\/wp-json\/wp\/v2\/product_cat?post=6908"},{"taxonomy":"product_tag","embeddable":true,"href":"https:\/\/jacekplacek.com.pl\/cs\/wp-json\/wp\/v2\/product_tag?post=6908"}],"curies":[{"name":"wp","href":"https:\/\/api.w.org\/{rel}","templated":true}]}}