{"id":686,"date":"2020-11-27T11:53:58","date_gmt":"2020-11-27T10:53:58","guid":{"rendered":"https:\/\/jacekplacek.com.pl\/?post_type=product&#038;p=686"},"modified":"2025-11-18T18:30:04","modified_gmt":"2025-11-18T17:30:04","slug":"cokoladovy-pudink-dort-s-orechy","status":"publish","type":"product","link":"https:\/\/jacekplacek.com.pl\/cs\/obchod\/kremove-dorty\/dorty-s-pudinkovym-kremem\/cokoladovy-pudink-dort-s-orechy\/","title":{"rendered":"\u010cokol\u00e1dov\u00fd pudinkov\u00fd dort s o\u0159echy"},"content":{"rendered":"<p><strong>Ostru\u017einov\u00fd dort, vanilkov\u00fd kr\u00e9m a poleva z b\u00edl\u00e9 \u010dokol\u00e1dy s vla\u0161sk\u00fdmi o\u0159echy.<\/strong><\/p>\n<p>Vn\u00edmejte sladkou chu\u0165, kter\u00e1 se rozpl\u00fdv\u00e1 ve va\u0161ich \u00fastech a dop\u0159ejte si okam\u017eik zapomn\u011bn\u00ed.<\/p>","protected":false},"excerpt":{"rendered":"<p><span data-sheets-root=\"1\">Ostru\u017einov\u00fd dort, vanilkov\u00fd kr\u00e9m a poleva z b\u00edl\u00e9 \u010dokol\u00e1dy s vla\u0161sk\u00fdmi o\u0159echy.<\/span><\/p>","protected":false},"featured_media":3245,"comment_status":"closed","ping_status":"closed","template":"","meta":{"content-type":""},"product_brand":[],"product_cat":[79],"product_tag":[231,444,446,445,449,232,133,235],"class_list":{"0":"post-686","1":"product","2":"type-product","3":"status-publish","4":"has-post-thumbnail","6":"product_cat-ciasta-z-kremem-budyniowym","7":"product_tag-ciasto-czekoladowe","8":"product_tag-cukiernia-jacek-placek","9":"product_tag-jacek-placek-gdansk","10":"product_tag-jacek-placek-gowino","11":"product_tag-jacek-placek-sopot","12":"product_tag-krem","13":"product_tag-krem-budyniowy","14":"product_tag-orzechy","16":"entry","17":"has-media","19":"first","20":"instock","21":"shipping-taxable","22":"product-type-variable","23":"has-default-attributes","24":"has-product-nav","25":"col","26":"span_1_of_4","27":"owp-content-center","28":"owp-thumbs-layout-horizontal","29":"owp-btn-normal","30":"owp-tabs-layout-horizontal"},"acf":[],"_links":{"self":[{"href":"https:\/\/jacekplacek.com.pl\/cs\/wp-json\/wp\/v2\/product\/686","targetHints":{"allow":["GET"]}}],"collection":[{"href":"https:\/\/jacekplacek.com.pl\/cs\/wp-json\/wp\/v2\/product"}],"about":[{"href":"https:\/\/jacekplacek.com.pl\/cs\/wp-json\/wp\/v2\/types\/product"}],"replies":[{"embeddable":true,"href":"https:\/\/jacekplacek.com.pl\/cs\/wp-json\/wp\/v2\/comments?post=686"}],"wp:featuredmedia":[{"embeddable":true,"href":"https:\/\/jacekplacek.com.pl\/cs\/wp-json\/wp\/v2\/media\/3245"}],"wp:attachment":[{"href":"https:\/\/jacekplacek.com.pl\/cs\/wp-json\/wp\/v2\/media?parent=686"}],"wp:term":[{"taxonomy":"product_brand","embeddable":true,"href":"https:\/\/jacekplacek.com.pl\/cs\/wp-json\/wp\/v2\/product_brand?post=686"},{"taxonomy":"product_cat","embeddable":true,"href":"https:\/\/jacekplacek.com.pl\/cs\/wp-json\/wp\/v2\/product_cat?post=686"},{"taxonomy":"product_tag","embeddable":true,"href":"https:\/\/jacekplacek.com.pl\/cs\/wp-json\/wp\/v2\/product_tag?post=686"}],"curies":[{"name":"wp","href":"https:\/\/api.w.org\/{rel}","templated":true}]}}