{"id":6811,"date":"2022-06-20T13:18:01","date_gmt":"2022-06-20T11:18:01","guid":{"rendered":"https:\/\/jacekplacek.com.pl\/?post_type=product&#038;p=6811"},"modified":"2025-11-18T18:32:37","modified_gmt":"2025-11-18T17:32:37","slug":"mak-vegan-2","status":"publish","type":"product","link":"https:\/\/jacekplacek.com.pl\/cs\/obchod\/babki-i-makowce\/mak-vegan-2\/","title":{"rendered":"Vegansk\u00fd makov\u00fd kol\u00e1\u010d"},"content":{"rendered":"<p>Vegansk\u00fd makov\u00fd kol\u00e1\u010d na k\u0159upav\u00e9m z\u00e1kladu, pouze rostlinn\u00e9 suroviny. Bohat\u00e1 makov\u00e1 hmota s o\u0159echy a su\u0161en\u00fdm ovocem a j\u00e1hly s p\u0159\u00eddavkem ln\u011bn\u00e9ho sem\u00ednka.<\/p>\n<p><span style=\"font-weight: 400;\">(Rostlina pou\u017e\u00edv\u00e1: mouku, vejce, o\u0159echy, sezam a ml\u00e9ko. Ka\u017ed\u00fd v\u00fdrobek proto m\u016f\u017ee obsahovat stopy zm\u00edn\u011bn\u00fdch alergen\u016f, i kdy\u017e nejsou uvedeny v popisu a seznamu slo\u017eek.)<\/span><\/p>","protected":false},"excerpt":{"rendered":"<p>Vegansk\u00fd makov\u00fd kol\u00e1\u010d na k\u0159upav\u00e9m z\u00e1kladu s makovou n\u00e1pln\u00ed obohacen\u00fd o j\u00e1hly a ln\u011bn\u00e9 sem\u00ednko.<\/p>","protected":false},"featured_media":6815,"comment_status":"closed","ping_status":"closed","template":"","meta":{"content-type":""},"product_brand":[],"product_cat":[907,81,534],"product_tag":[444,446,445,449,537,453,536],"class_list":{"0":"post-6811","1":"product","2":"type-product","3":"status-publish","4":"has-post-thumbnail","6":"product_cat-ciasta-swiateczne","7":"product_cat-babki-i-makowce","8":"product_cat-ciasta-weganskie-i-keto","9":"product_tag-cukiernia-jacek-placek","10":"product_tag-jacek-placek-gdansk","11":"product_tag-jacek-placek-gowino","12":"product_tag-jacek-placek-sopot","13":"product_tag-makowiec-roslinny","14":"product_tag-makowiec-weganski","15":"product_tag-wege","17":"entry","18":"has-media","20":"first","21":"instock","22":"shipping-taxable","23":"product-type-variable","24":"has-product-nav","25":"col","26":"span_1_of_4","27":"owp-content-center","28":"owp-thumbs-layout-horizontal","29":"owp-btn-normal","30":"owp-tabs-layout-horizontal"},"acf":[],"_links":{"self":[{"href":"https:\/\/jacekplacek.com.pl\/cs\/wp-json\/wp\/v2\/product\/6811","targetHints":{"allow":["GET"]}}],"collection":[{"href":"https:\/\/jacekplacek.com.pl\/cs\/wp-json\/wp\/v2\/product"}],"about":[{"href":"https:\/\/jacekplacek.com.pl\/cs\/wp-json\/wp\/v2\/types\/product"}],"replies":[{"embeddable":true,"href":"https:\/\/jacekplacek.com.pl\/cs\/wp-json\/wp\/v2\/comments?post=6811"}],"wp:featuredmedia":[{"embeddable":true,"href":"https:\/\/jacekplacek.com.pl\/cs\/wp-json\/wp\/v2\/media\/6815"}],"wp:attachment":[{"href":"https:\/\/jacekplacek.com.pl\/cs\/wp-json\/wp\/v2\/media?parent=6811"}],"wp:term":[{"taxonomy":"product_brand","embeddable":true,"href":"https:\/\/jacekplacek.com.pl\/cs\/wp-json\/wp\/v2\/product_brand?post=6811"},{"taxonomy":"product_cat","embeddable":true,"href":"https:\/\/jacekplacek.com.pl\/cs\/wp-json\/wp\/v2\/product_cat?post=6811"},{"taxonomy":"product_tag","embeddable":true,"href":"https:\/\/jacekplacek.com.pl\/cs\/wp-json\/wp\/v2\/product_tag?post=6811"}],"curies":[{"name":"wp","href":"https:\/\/api.w.org\/{rel}","templated":true}]}}