{"id":662,"date":"2020-11-27T11:40:53","date_gmt":"2020-11-27T10:40:53","guid":{"rendered":"https:\/\/jacekplacek.com.pl\/?post_type=product&#038;p=662"},"modified":"2025-11-18T18:30:04","modified_gmt":"2025-11-18T17:30:04","slug":"velvyslanec","status":"publish","type":"product","link":"https:\/\/jacekplacek.com.pl\/cs\/obchod\/kremove-dorty\/dorty-s-pudinkovym-kremem\/velvyslanec\/","title":{"rendered":"Velvyslanec"},"content":{"rendered":"<p><strong>\u010cern\u00fd dort s o\u0159echy, vanilkov\u00fd pudingov\u00fd kr\u00e9m s rozinkami, \u010dokol\u00e1dov\u00fd pudingov\u00fd kr\u00e9m, s o\u0159echy a su\u0161en\u00fdm ovocem, na sv\u011btl\u00e9m pi\u0161kotov\u00e9m dortu.<\/strong><\/p>\n<p>Vn\u00edmejte sladkou chu\u0165, kter\u00e1 se rozpl\u00fdv\u00e1 ve va\u0161ich \u00fastech a dop\u0159ejte si okam\u017eik zapomn\u011bn\u00ed.<\/p>","protected":false},"excerpt":{"rendered":"<p>Ciasto murzynkowe z orzechami, kremem waniliowym z rodzynkami i czekoladowym, przykryte jasnym biszkoptem i polane bia\u0142\u0105 czekolad\u0105.<\/p>","protected":false},"featured_media":2121,"comment_status":"closed","ping_status":"closed","template":"","meta":{"content-type":""},"product_brand":[],"product_cat":[79],"product_tag":[226,444,64,446,445,449,133,327,227,228],"class_list":{"0":"post-662","1":"product","2":"type-product","3":"status-publish","4":"has-post-thumbnail","6":"product_cat-ciasta-z-kremem-budyniowym","7":"product_tag-ambasador","8":"product_tag-cukiernia-jacek-placek","9":"product_tag-czekolada","10":"product_tag-jacek-placek-gdansk","11":"product_tag-jacek-placek-gowino","12":"product_tag-jacek-placek-sopot","13":"product_tag-krem-budyniowy","14":"product_tag-murzynek","15":"product_tag-rodzynki","16":"product_tag-wanilia","18":"entry","19":"has-media","21":"first","22":"instock","23":"shipping-taxable","24":"product-type-variable","25":"has-default-attributes","26":"has-product-nav","27":"col","28":"span_1_of_4","29":"owp-content-center","30":"owp-thumbs-layout-horizontal","31":"owp-btn-normal","32":"owp-tabs-layout-horizontal"},"acf":[],"_links":{"self":[{"href":"https:\/\/jacekplacek.com.pl\/cs\/wp-json\/wp\/v2\/product\/662","targetHints":{"allow":["GET"]}}],"collection":[{"href":"https:\/\/jacekplacek.com.pl\/cs\/wp-json\/wp\/v2\/product"}],"about":[{"href":"https:\/\/jacekplacek.com.pl\/cs\/wp-json\/wp\/v2\/types\/product"}],"replies":[{"embeddable":true,"href":"https:\/\/jacekplacek.com.pl\/cs\/wp-json\/wp\/v2\/comments?post=662"}],"wp:featuredmedia":[{"embeddable":true,"href":"https:\/\/jacekplacek.com.pl\/cs\/wp-json\/wp\/v2\/media\/2121"}],"wp:attachment":[{"href":"https:\/\/jacekplacek.com.pl\/cs\/wp-json\/wp\/v2\/media?parent=662"}],"wp:term":[{"taxonomy":"product_brand","embeddable":true,"href":"https:\/\/jacekplacek.com.pl\/cs\/wp-json\/wp\/v2\/product_brand?post=662"},{"taxonomy":"product_cat","embeddable":true,"href":"https:\/\/jacekplacek.com.pl\/cs\/wp-json\/wp\/v2\/product_cat?post=662"},{"taxonomy":"product_tag","embeddable":true,"href":"https:\/\/jacekplacek.com.pl\/cs\/wp-json\/wp\/v2\/product_tag?post=662"}],"curies":[{"name":"wp","href":"https:\/\/api.w.org\/{rel}","templated":true}]}}