{"id":601,"date":"2020-11-27T10:20:43","date_gmt":"2020-11-27T09:20:43","guid":{"rendered":"https:\/\/jacekplacek.com.pl\/?post_type=product&#038;p=601"},"modified":"2025-11-18T18:28:57","modified_gmt":"2025-11-18T17:28:57","slug":"makovy-kolac","status":"publish","type":"product","link":"https:\/\/jacekplacek.com.pl\/cs\/obchod\/babki-i-makowce\/makovy-kolac\/","title":{"rendered":"Makov\u00fd kol\u00e1\u010d"},"content":{"rendered":"<p><span style=\"font-weight: 400;\">Chutn\u00e9 k\u0159ehk\u00e9 t\u011bsto s \u0161\u00edlenou makovou n\u00e1pln\u00ed plnou o\u0159ech\u016f a su\u0161en\u00e9ho ovoce. <\/span><\/p>\n<p>Makowiec je typick\u00fd v\u00e1no\u010dn\u00ed dort v polsk\u00e9 kuchyni. Jeho intenzivn\u00ed chu\u0165 a bohat\u00e1 n\u00e1pl\u0148 pr\u00fd podle tradice p\u0159in\u00e1\u0161ej\u00ed \u0161t\u011bst\u00ed a plodnost.<\/p>\n<p>&nbsp;<\/p>","protected":false},"excerpt":{"rendered":"<p><span data-sheets-root=\"1\">Sp\u00f3d z kruchego ciasta, wilgotna masa makowa pe\u0142na bakalii, wierzch z pask\u00f3w ciasta kruchego posypany orzechami i rodzynkami.<\/span><\/p>","protected":false},"featured_media":8030,"comment_status":"closed","ping_status":"closed","template":"","meta":{"content-type":""},"product_brand":[],"product_cat":[81],"product_tag":[213,99,444,446,445,449,141,214,144,98],"class_list":{"0":"post-601","1":"product","2":"type-product","3":"status-publish","4":"has-post-thumbnail","6":"product_cat-babki-i-makowce","7":"product_tag-bakalie","8":"product_tag-ciasto-swiateczne","9":"product_tag-cukiernia-jacek-placek","10":"product_tag-jacek-placek-gdansk","11":"product_tag-jacek-placek-gowino","12":"product_tag-jacek-placek-sopot","13":"product_tag-makowiec","14":"product_tag-makowiec-bakaliowy","15":"product_tag-swiateczne","16":"product_tag-swieta","18":"entry","19":"has-media","21":"first","22":"instock","23":"shipping-taxable","24":"product-type-variable","25":"has-default-attributes","26":"has-product-nav","27":"col","28":"span_1_of_4","29":"owp-content-center","30":"owp-thumbs-layout-horizontal","31":"owp-btn-normal","32":"owp-tabs-layout-horizontal"},"acf":[],"_links":{"self":[{"href":"https:\/\/jacekplacek.com.pl\/cs\/wp-json\/wp\/v2\/product\/601","targetHints":{"allow":["GET"]}}],"collection":[{"href":"https:\/\/jacekplacek.com.pl\/cs\/wp-json\/wp\/v2\/product"}],"about":[{"href":"https:\/\/jacekplacek.com.pl\/cs\/wp-json\/wp\/v2\/types\/product"}],"replies":[{"embeddable":true,"href":"https:\/\/jacekplacek.com.pl\/cs\/wp-json\/wp\/v2\/comments?post=601"}],"wp:featuredmedia":[{"embeddable":true,"href":"https:\/\/jacekplacek.com.pl\/cs\/wp-json\/wp\/v2\/media\/8030"}],"wp:attachment":[{"href":"https:\/\/jacekplacek.com.pl\/cs\/wp-json\/wp\/v2\/media?parent=601"}],"wp:term":[{"taxonomy":"product_brand","embeddable":true,"href":"https:\/\/jacekplacek.com.pl\/cs\/wp-json\/wp\/v2\/product_brand?post=601"},{"taxonomy":"product_cat","embeddable":true,"href":"https:\/\/jacekplacek.com.pl\/cs\/wp-json\/wp\/v2\/product_cat?post=601"},{"taxonomy":"product_tag","embeddable":true,"href":"https:\/\/jacekplacek.com.pl\/cs\/wp-json\/wp\/v2\/product_tag?post=601"}],"curies":[{"name":"wp","href":"https:\/\/api.w.org\/{rel}","templated":true}]}}