{"id":4919,"date":"2022-03-01T17:55:49","date_gmt":"2022-03-01T16:55:49","guid":{"rendered":"https:\/\/jacekplacek.com.pl\/?post_type=product&#038;p=4919"},"modified":"2025-11-18T18:28:48","modified_gmt":"2025-11-18T17:28:48","slug":"domaci-tvarohovy-kolac-2-2","status":"publish","type":"product","link":"https:\/\/jacekplacek.com.pl\/cs\/obchod\/tvarohove-kolace-vse\/tvarohove-kolace\/domaci-tvarohovy-kolac-2-2\/","title":{"rendered":"Dom\u00e1c\u00ed tvarohov\u00fd kol\u00e1\u010d"},"content":{"rendered":"<p><strong>Nad\u010dasov\u00fd, generacemi oce\u0148ovan\u00fd recept na\u0161\u00ed babi\u010dky na \u00fa\u017easn\u011b vlhk\u00fd, nad\u00fdchan\u00fd, v \u00fastech se rozpl\u00fdvaj\u00edc\u00ed tvarohov\u00fd kol\u00e1\u010d s rozinkami, z toho nejlep\u0161\u00edho tvarohu. <\/strong><\/p>\n<p><span style=\"font-weight: 400;\">Pokud bychom m\u011bli ozna\u010dit produkt, kter\u00fd je nejv\u00edce spjat s na\u0161imi z\u00e1kazn\u00edky a nej\u00fa\u017eeji spojen s na\u0161\u00ed zna\u010dkou, byl by to dom\u00e1c\u00ed cheesecake!\u00a0<\/span><\/p>\n<p>Dal\u0161\u00ed druhy tvarohov\u00fdch kol\u00e1\u010d\u016f k dispozici\u00a0<a href=\"https:\/\/jacekplacek.com.pl\/cs\/kategorie-produktu\/tvarohove-kolace-vse\/tvarohove-kolace\/\" target=\"_blank\" rel=\"noopener\">tady<\/a> a ve verzi\u00a0<a href=\"https:\/\/jacekplacek.com.pl\/cs\/kategorie-produktu\/tvarohove-kolace-vse\/studene-tvarohove-kolace\/\" target=\"_blank\" rel=\"noopener\">Studen\u00fd.<\/a><\/p>","protected":false},"excerpt":{"rendered":"<p><span data-sheets-root=\"1\">Nad\u00fdchan\u00e1 tvarohov\u00e1 hmota s bramborem a rozinkami, bez mouky a pr\u00e1\u0161ku do pe\u010diva. Tradi\u010dn\u00ed dom\u00e1c\u00ed tvarohov\u00fd kol\u00e1\u010d z rodinn\u00e9ho receptu.<\/span><\/p>","protected":false},"featured_media":8383,"comment_status":"closed","ping_status":"closed","template":"","meta":{"content-type":""},"product_brand":[],"product_cat":[60],"product_tag":[444,446,445,449,68,61,55,69],"class_list":{"0":"post-4919","1":"product","2":"type-product","3":"status-publish","4":"has-post-thumbnail","6":"product_cat-serniki","7":"product_tag-cukiernia-jacek-placek","8":"product_tag-jacek-placek-gdansk","9":"product_tag-jacek-placek-gowino","10":"product_tag-jacek-placek-sopot","11":"product_tag-klasyczny","12":"product_tag-sernik","13":"product_tag-sernik-domowy","14":"product_tag-tradycyjny-sernik","16":"entry","17":"has-media","19":"first","20":"instock","21":"shipping-taxable","22":"product-type-variable","23":"has-default-attributes","24":"has-product-nav","25":"col","26":"span_1_of_4","27":"owp-content-center","28":"owp-thumbs-layout-horizontal","29":"owp-btn-normal","30":"owp-tabs-layout-horizontal"},"acf":[],"_links":{"self":[{"href":"https:\/\/jacekplacek.com.pl\/cs\/wp-json\/wp\/v2\/product\/4919","targetHints":{"allow":["GET"]}}],"collection":[{"href":"https:\/\/jacekplacek.com.pl\/cs\/wp-json\/wp\/v2\/product"}],"about":[{"href":"https:\/\/jacekplacek.com.pl\/cs\/wp-json\/wp\/v2\/types\/product"}],"replies":[{"embeddable":true,"href":"https:\/\/jacekplacek.com.pl\/cs\/wp-json\/wp\/v2\/comments?post=4919"}],"wp:featuredmedia":[{"embeddable":true,"href":"https:\/\/jacekplacek.com.pl\/cs\/wp-json\/wp\/v2\/media\/8383"}],"wp:attachment":[{"href":"https:\/\/jacekplacek.com.pl\/cs\/wp-json\/wp\/v2\/media?parent=4919"}],"wp:term":[{"taxonomy":"product_brand","embeddable":true,"href":"https:\/\/jacekplacek.com.pl\/cs\/wp-json\/wp\/v2\/product_brand?post=4919"},{"taxonomy":"product_cat","embeddable":true,"href":"https:\/\/jacekplacek.com.pl\/cs\/wp-json\/wp\/v2\/product_cat?post=4919"},{"taxonomy":"product_tag","embeddable":true,"href":"https:\/\/jacekplacek.com.pl\/cs\/wp-json\/wp\/v2\/product_tag?post=4919"}],"curies":[{"name":"wp","href":"https:\/\/api.w.org\/{rel}","templated":true}]}}